{"id":10,"date":"2021-10-23T20:31:19","date_gmt":"2021-10-23T18:31:19","guid":{"rendered":"https:\/\/karinas-art.at\/?page_id=10"},"modified":"2024-07-31T17:24:53","modified_gmt":"2024-07-31T15:24:53","slug":"coole-zeichnungen","status":"publish","type":"page","link":"https:\/\/karinas-art.at\/en\/","title":{"rendered":"Surrealistische Kunst"},"content":{"rendered":"<div class=\"wp-block-group alignfull herosection\"><div class=\"wp-block-group__inner-container is-layout-flow wp-block-group-is-layout-flow\">\n<div class=\"wp-block-cover alignfull is-light\" style=\"min-height:450px;aspect-ratio:unset;\"><span aria-hidden=\"true\" class=\"wp-block-cover__background has-background-dim-60 has-background-dim\" style=\"background-color:#a4a4a4\"><\/span><img loading=\"lazy\" decoding=\"async\" width=\"1280\" height=\"878\" class=\"wp-block-cover__image-background wp-image-2071\" alt=\"In diesem Kunstwerk geht es um die f\u00fcnf Sinne und deren Wahrnehmung. Ich m\u00f6chte den Betrachter dazu anregen, sich eigene Gedanken dar\u00fcber zu machen.\" src=\"https:\/\/karinas-art.at\/wp-content\/uploads\/2024\/06\/5-senses.webp\" data-object-fit=\"cover\" srcset=\"https:\/\/karinas-art.at\/wp-content\/uploads\/2024\/06\/5-senses.webp 1280w, https:\/\/karinas-art.at\/wp-content\/uploads\/2024\/06\/5-senses-300x206.webp 300w, https:\/\/karinas-art.at\/wp-content\/uploads\/2024\/06\/5-senses-1024x702.webp 1024w, https:\/\/karinas-art.at\/wp-content\/uploads\/2024\/06\/5-senses-768x527.webp 768w, https:\/\/karinas-art.at\/wp-content\/uploads\/2024\/06\/5-senses-18x12.webp 18w\" sizes=\"auto, (max-width: 1280px) 100vw, 1280px\" \/><div class=\"wp-block-cover__inner-container is-layout-flow wp-block-cover-is-layout-flow\">\n<div class=\"wp-block-columns is-layout-flex wp-container-core-columns-is-layout-9d6595d7 wp-block-columns-is-layout-flex\">\n<div class=\"wp-block-column spaltenhome is-layout-flow wp-block-column-is-layout-flow\" style=\"flex-basis:100%\">\n<h1 class=\"has-text-align-center karinasarthomepage has-palette-color-8-color has-text-color wp-block-heading\" id=\"karinas-art\">Karinas Art<\/h1>\n\n\n\n<h2 class=\"has-text-align-center untertitelhomepage ueberschriftspalteunten ueberschrifth2herohome has-black-color has-text-color wp-block-heading\" id=\"surrealistische-kunst-erwerben\">Surrealism Paintings for Sale<\/h2>\n<\/div>\n<\/div>\n<\/div><\/div>\n<\/div><\/div>\n\n\n\n<div class=\"wp-block-columns is-layout-flex wp-container-core-columns-is-layout-9d6595d7 wp-block-columns-is-layout-flex\">\n<div class=\"wp-block-column is-vertically-aligned-center is-layout-flow wp-block-column-is-layout-flow\">\n<p>Inspire yourself and acquire surrealist artworks from my collection in Bad Mitterndorf. <\/p>\n\n\n\n<p class=\"has-palette-color-4-color has-text-color\"><strong>Get a glimpse yourself<\/strong> <strong>or get in touch with me!<\/strong><\/p>\n\n\n\n<div class=\"wp-block-buttons is-layout-flex wp-block-buttons-is-layout-flex\">\n<div class=\"wp-block-button\"><a class=\"wp-block-button__link wp-element-button\" href=\"https:\/\/karinas-art.at\/en\/portfolio\/\">Artworks<\/a><\/div>\n\n\n\n<div class=\"wp-block-button\"><a class=\"wp-block-button__link wp-element-button\" href=\"https:\/\/karinas-art.at\/en\/kontakt\/\">Contact<\/a><\/div>\n<\/div>\n<\/div>\n\n\n\n<div class=\"wp-block-column is-vertically-aligned-center is-layout-flow wp-block-column-is-layout-flow\">\n<figure class=\"wp-block-image size-large\"><img loading=\"lazy\" decoding=\"async\" width=\"1024\" height=\"880\" src=\"https:\/\/karinas-art.at\/wp-content\/uploads\/2022\/10\/das-kartenhaus-1024x880.webp\" alt=\"Ein Kartenhaus das zusammenf\u00e4llt, im Vordergrund ein Pferd und Zinnsoldaten! Im Hintergrund eine Marionette die alles \u00fcberwacht! Einer Person wird der Mund zugehalten!\" class=\"wp-image-1338\" srcset=\"https:\/\/karinas-art.at\/wp-content\/uploads\/2022\/10\/das-kartenhaus-1024x880.webp 1024w, https:\/\/karinas-art.at\/wp-content\/uploads\/2022\/10\/das-kartenhaus-300x258.webp 300w, https:\/\/karinas-art.at\/wp-content\/uploads\/2022\/10\/das-kartenhaus-768x660.webp 768w, https:\/\/karinas-art.at\/wp-content\/uploads\/2022\/10\/das-kartenhaus-14x12.webp 14w, https:\/\/karinas-art.at\/wp-content\/uploads\/2022\/10\/das-kartenhaus.webp 1280w\" sizes=\"auto, (max-width: 1024px) 100vw, 1024px\" \/><\/figure>\n<\/div>\n<\/div>\n\n\n\n<h2 class=\"has-palette-color-4-color has-text-color wp-block-heading\" id=\"schlicht-ist-gift\">Surrealism<\/h2>\n\n\n\n<p>In this style of drawing, the artist is a spectator, and the picture emerges by itself like a journey into the unknown. <\/p>\n\n\n\n<p>In each of my works, there is a part of me expressed, reflecting my thoughts and emotions.<\/p>\n\n\n\n<p><strong>It is important to stay true to oneself!<\/strong><\/p>\n\n\n\n<div class=\"wp-block-group alignfull\"><div class=\"wp-block-group__inner-container is-layout-flow wp-block-group-is-layout-flow\">\n<div class=\"wp-block-cover alignfull\" style=\"min-height:1073px;aspect-ratio:unset;\"><span aria-hidden=\"true\" class=\"wp-block-cover__background has-palette-color-6-background-color has-background-dim-90 has-background-dim\"><\/span><img loading=\"lazy\" decoding=\"async\" width=\"1280\" height=\"930\" class=\"wp-block-cover__image-background wp-image-1884\" alt=\"In diesem Werk geht es auf surrealistische Weise um die Sage vom Grimmingtor und dem vergessenen Kind. Man sieht auch den sogenannten Gestaltwandler, dargestellt als wei\u00dfe Gams.\" src=\"https:\/\/karinas-art.at\/wp-content\/uploads\/2024\/05\/das-vergessene-kind.webp\" data-object-fit=\"cover\" srcset=\"https:\/\/karinas-art.at\/wp-content\/uploads\/2024\/05\/das-vergessene-kind.webp 1280w, https:\/\/karinas-art.at\/wp-content\/uploads\/2024\/05\/das-vergessene-kind-300x218.webp 300w, https:\/\/karinas-art.at\/wp-content\/uploads\/2024\/05\/das-vergessene-kind-1024x744.webp 1024w, https:\/\/karinas-art.at\/wp-content\/uploads\/2024\/05\/das-vergessene-kind-768x558.webp 768w, https:\/\/karinas-art.at\/wp-content\/uploads\/2024\/05\/das-vergessene-kind-18x12.webp 18w\" sizes=\"auto, (max-width: 1280px) 100vw, 1280px\" \/><div class=\"wp-block-cover__inner-container is-layout-flow wp-block-cover-is-layout-flow\">\n<div class=\"wp-block-columns is-layout-flex wp-container-core-columns-is-layout-9d6595d7 wp-block-columns-is-layout-flex\">\n<div class=\"wp-block-column spaltenhome1 is-layout-flow wp-block-column-is-layout-flow\" style=\"flex-basis:100%\">\n<h2 class=\"alignwide has-palette-color-4-color has-text-color wp-block-heading\" id=\"die-dunkle-kunst-zu-zeichnen\">KARINA'S WAY to draw<\/h2>\n\n\n\n<p class=\"grundtext has-palette-color-4-color has-text-color\">As an artist, one is constantly creating something new. <\/p>\n\n\n\n<p class=\"has-palette-color-4-color has-text-color\">Like assembling a puzzle, I bring my story to life on canvas. Take a glimpse into my surrealistic projects right now!<\/p>\n\n\n\n<div class=\"wp-block-buttons schaltflaeche is-layout-flex wp-block-buttons-is-layout-flex\">\n<div class=\"wp-block-button\"><a class=\"wp-block-button__link wp-element-button\" href=\"https:\/\/karinas-art.at\/en\/portfolio\/\">To the Gallery<\/a><\/div>\n<\/div>\n<\/div>\n<\/div>\n\n\n\n<p class=\"has-palette-color-4-color has-text-color\">What brought me to surrealism is my desire to provoke thought in people. <\/p>\n\n\n\n<p class=\"has-palette-color-4-color has-text-color\">With this style, I give the viewer the opportunity to form their own impression, although there is also a unique story behind each artwork.<\/p>\n<\/div><\/div>\n<\/div><\/div>\n\n\n\n<div class=\"wp-block-columns spaltenvertauschen is-layout-flex wp-container-core-columns-is-layout-9d6595d7 wp-block-columns-is-layout-flex\">\n<div class=\"wp-block-column is-vertically-aligned-center is-layout-flow wp-block-column-is-layout-flow\">\n<h2 class=\"wp-block-heading\" id=\"karinas-art-1\">Passion for art<\/h2>\n\n\n\n<p>Since my childhood, I have been interested in the subject of art. <\/p>\n\n\n\n<p>Over time, I have developed my individual and unique drawing style, which primarily expresses itself through surreal elements. <\/p>\n<\/div>\n\n\n\n<div class=\"wp-block-column is-vertically-aligned-center is-layout-flow wp-block-column-is-layout-flow\">\n<figure class=\"wp-block-image size-large\"><img loading=\"lazy\" decoding=\"async\" width=\"1016\" height=\"1024\" src=\"https:\/\/karinas-art.at\/wp-content\/uploads\/2024\/05\/der-schluessel-1016x1024.webp\" alt=\"Es handelt sich um eine Kinderfantasie von mir selbst. In der Mitte befinde ich mich in Tracht, und rundherum sind diverse Tiere zu sehen.\" class=\"wp-image-1864\" srcset=\"https:\/\/karinas-art.at\/wp-content\/uploads\/2024\/05\/der-schluessel-1016x1024.webp 1016w, https:\/\/karinas-art.at\/wp-content\/uploads\/2024\/05\/der-schluessel-298x300.webp 298w, https:\/\/karinas-art.at\/wp-content\/uploads\/2024\/05\/der-schluessel-150x150.webp 150w, https:\/\/karinas-art.at\/wp-content\/uploads\/2024\/05\/der-schluessel-768x774.webp 768w, https:\/\/karinas-art.at\/wp-content\/uploads\/2024\/05\/der-schluessel-12x12.webp 12w, https:\/\/karinas-art.at\/wp-content\/uploads\/2024\/05\/der-schluessel.webp 1280w\" sizes=\"auto, (max-width: 1016px) 100vw, 1016px\" \/><\/figure>\n<\/div>\n<\/div>\n\n\n\n<div class=\"wp-block-columns is-layout-flex wp-container-core-columns-is-layout-9d6595d7 wp-block-columns-is-layout-flex\">\n<div class=\"wp-block-column is-layout-flow wp-block-column-is-layout-flow\">\n<figure class=\"wp-block-image size-large\"><img loading=\"lazy\" decoding=\"async\" width=\"1024\" height=\"682\" src=\"https:\/\/karinas-art.at\/wp-content\/uploads\/2024\/02\/der-humor-1024x682.webp\" alt=\"\" class=\"wp-image-1762\" srcset=\"https:\/\/karinas-art.at\/wp-content\/uploads\/2024\/02\/der-humor-1024x682.webp 1024w, https:\/\/karinas-art.at\/wp-content\/uploads\/2024\/02\/der-humor-300x200.webp 300w, https:\/\/karinas-art.at\/wp-content\/uploads\/2024\/02\/der-humor-768x512.webp 768w, https:\/\/karinas-art.at\/wp-content\/uploads\/2024\/02\/der-humor-18x12.webp 18w, https:\/\/karinas-art.at\/wp-content\/uploads\/2024\/02\/der-humor.webp 1280w\" sizes=\"auto, (max-width: 1024px) 100vw, 1024px\" \/><\/figure>\n<\/div>\n\n\n\n<div class=\"wp-block-column is-vertically-aligned-center is-layout-flow wp-block-column-is-layout-flow\">\n<div class=\"wp-block-buttons is-layout-flex wp-block-buttons-is-layout-flex\">\n<div class=\"wp-block-button aligncenter\"><a class=\"wp-block-button__link wp-element-button\" href=\"https:\/\/karinas-art.at\/en\/karina-schiefer\/\">Learn more about Karina Schiefer<\/a><\/div>\n<\/div>\n<\/div>\n<\/div>\n\n\n\n<p>Visit my blog and stay updated. Dive deeper into my artworks and explore my world of thoughts in all its facets! <\/p>\n\n\n\n<div class=\"wp-block-buttons is-layout-flex wp-block-buttons-is-layout-flex\">\n<div class=\"wp-block-button\"><a class=\"wp-block-button__link wp-element-button\" href=\"https:\/\/karinas-art.at\/en\/karinas-blog-2\/\">Karina's Blog<\/a><\/div>\n\n\n\n<div class=\"wp-block-button\"><a class=\"wp-block-button__link wp-element-button\" href=\"https:\/\/karinas-art.at\/en\/kategorie\/karinas-kunst-ecke\/\">Karina's art corner<\/a><\/div>\n<\/div>\n\n\n\n<p>You can also find me on my social media platforms:<\/p>\n\n\n\n<ul class=\"wp-block-social-links has-visible-labels has-icon-color has-icon-background-color is-style-default is-horizontal is-content-justification-left is-layout-flex wp-container-core-social-links-is-layout-7e5fce0a wp-block-social-links-is-layout-flex\"><li style=\"color: #ffffff; background-color: #000000; \" class=\"wp-social-link wp-social-link-facebook has-white-color has-black-background-color wp-block-social-link\"><a rel=\"noopener nofollow\" target=\"_blank\" href=\"https:\/\/www.facebook.com\/karinaschieferarts\/\" class=\"wp-block-social-link-anchor\"><svg width=\"24\" height=\"24\" viewbox=\"0 0 24 24\" version=\"1.1\" xmlns=\"http:\/\/www.w3.org\/2000\/svg\" aria-hidden=\"true\" focusable=\"false\"><path d=\"M12 2C6.5 2 2 6.5 2 12c0 5 3.7 9.1 8.4 9.9v-7H7.9V12h2.5V9.8c0-2.5 1.5-3.9 3.8-3.9 1.1 0 2.2.2 2.2.2v2.5h-1.3c-1.2 0-1.6.8-1.6 1.6V12h2.8l-.4 2.9h-2.3v7C18.3 21.1 22 17 22 12c0-5.5-4.5-10-10-10z\"><\/path><\/svg><span class=\"wp-block-social-link-label\">Facebook<\/span><\/a><\/li>\n\n<li style=\"color: #ffffff; background-color: #000000; \" class=\"wp-social-link wp-social-link-instagram has-white-color has-black-background-color wp-block-social-link\"><a rel=\"noopener nofollow\" target=\"_blank\" href=\"https:\/\/www.instagram.com\/karinaschiefer\/\" class=\"wp-block-social-link-anchor\"><svg width=\"24\" height=\"24\" viewbox=\"0 0 24 24\" version=\"1.1\" xmlns=\"http:\/\/www.w3.org\/2000\/svg\" aria-hidden=\"true\" focusable=\"false\"><path d=\"M12,4.622c2.403,0,2.688,0.009,3.637,0.052c0.877,0.04,1.354,0.187,1.671,0.31c0.42,0.163,0.72,0.358,1.035,0.673 c0.315,0.315,0.51,0.615,0.673,1.035c0.123,0.317,0.27,0.794,0.31,1.671c0.043,0.949,0.052,1.234,0.052,3.637 s-0.009,2.688-0.052,3.637c-0.04,0.877-0.187,1.354-0.31,1.671c-0.163,0.42-0.358,0.72-0.673,1.035 c-0.315,0.315-0.615,0.51-1.035,0.673c-0.317,0.123-0.794,0.27-1.671,0.31c-0.949,0.043-1.233,0.052-3.637,0.052 s-2.688-0.009-3.637-0.052c-0.877-0.04-1.354-0.187-1.671-0.31c-0.42-0.163-0.72-0.358-1.035-0.673 c-0.315-0.315-0.51-0.615-0.673-1.035c-0.123-0.317-0.27-0.794-0.31-1.671C4.631,14.688,4.622,14.403,4.622,12 s0.009-2.688,0.052-3.637c0.04-0.877,0.187-1.354,0.31-1.671c0.163-0.42,0.358-0.72,0.673-1.035 c0.315-0.315,0.615-0.51,1.035-0.673c0.317-0.123,0.794-0.27,1.671-0.31C9.312,4.631,9.597,4.622,12,4.622 M12,3 C9.556,3,9.249,3.01,8.289,3.054C7.331,3.098,6.677,3.25,6.105,3.472C5.513,3.702,5.011,4.01,4.511,4.511 c-0.5,0.5-0.808,1.002-1.038,1.594C3.25,6.677,3.098,7.331,3.054,8.289C3.01,9.249,3,9.556,3,12c0,2.444,0.01,2.751,0.054,3.711 c0.044,0.958,0.196,1.612,0.418,2.185c0.23,0.592,0.538,1.094,1.038,1.594c0.5,0.5,1.002,0.808,1.594,1.038 c0.572,0.222,1.227,0.375,2.185,0.418C9.249,20.99,9.556,21,12,21s2.751-0.01,3.711-0.054c0.958-0.044,1.612-0.196,2.185-0.418 c0.592-0.23,1.094-0.538,1.594-1.038c0.5-0.5,0.808-1.002,1.038-1.594c0.222-0.572,0.375-1.227,0.418-2.185 C20.99,14.751,21,14.444,21,12s-0.01-2.751-0.054-3.711c-0.044-0.958-0.196-1.612-0.418-2.185c-0.23-0.592-0.538-1.094-1.038-1.594 c-0.5-0.5-1.002-0.808-1.594-1.038c-0.572-0.222-1.227-0.375-2.185-0.418C14.751,3.01,14.444,3,12,3L12,3z M12,7.378 c-2.552,0-4.622,2.069-4.622,4.622S9.448,16.622,12,16.622s4.622-2.069,4.622-4.622S14.552,7.378,12,7.378z M12,15 c-1.657,0-3-1.343-3-3s1.343-3,3-3s3,1.343,3,3S13.657,15,12,15z M16.804,6.116c-0.596,0-1.08,0.484-1.08,1.08 s0.484,1.08,1.08,1.08c0.596,0,1.08-0.484,1.08-1.08S17.401,6.116,16.804,6.116z\"><\/path><\/svg><span class=\"wp-block-social-link-label\">Instagram<\/span><\/a><\/li>\n\n<li style=\"color: #ffffff; background-color: #000000; \" class=\"wp-social-link wp-social-link-youtube has-white-color has-black-background-color wp-block-social-link\"><a rel=\"noopener nofollow\" target=\"_blank\" href=\"https:\/\/www.youtube.com\/channel\/UCc0PGw69k5Jyycaw0yy9f-Q\/videos\" class=\"wp-block-social-link-anchor\"><svg width=\"24\" height=\"24\" viewbox=\"0 0 24 24\" version=\"1.1\" xmlns=\"http:\/\/www.w3.org\/2000\/svg\" aria-hidden=\"true\" focusable=\"false\"><path d=\"M21.8,8.001c0,0-0.195-1.378-0.795-1.985c-0.76-0.797-1.613-0.801-2.004-0.847c-2.799-0.202-6.997-0.202-6.997-0.202 h-0.009c0,0-4.198,0-6.997,0.202C4.608,5.216,3.756,5.22,2.995,6.016C2.395,6.623,2.2,8.001,2.2,8.001S2,9.62,2,11.238v1.517 c0,1.618,0.2,3.237,0.2,3.237s0.195,1.378,0.795,1.985c0.761,0.797,1.76,0.771,2.205,0.855c1.6,0.153,6.8,0.201,6.8,0.201 s4.203-0.006,7.001-0.209c0.391-0.047,1.243-0.051,2.004-0.847c0.6-0.607,0.795-1.985,0.795-1.985s0.2-1.618,0.2-3.237v-1.517 C22,9.62,21.8,8.001,21.8,8.001z M9.935,14.594l-0.001-5.62l5.404,2.82L9.935,14.594z\"><\/path><\/svg><span class=\"wp-block-social-link-label\">YouTube<\/span><\/a><\/li><\/ul>\n\n\n\n<div class=\"wp-block-group hastdufragen has-background\" style=\"background-color:#ffe7e8\"><div class=\"wp-block-group__inner-container is-layout-constrained wp-block-group-is-layout-constrained\">\n<h2 class=\"wp-block-heading has-text-align-left\">Do you have any questions or are you interested in purchasing one of my artworks? <br><br>Get in touch with me!<\/h2>\n\n\n\n<div class=\"wp-block-buttons is-content-justification-left is-layout-flex wp-container-core-buttons-is-layout-fdcfc74e wp-block-buttons-is-layout-flex\">\n<div class=\"wp-block-button\"><a class=\"wp-block-button__link wp-element-button\" href=\"https:\/\/karinas-art.at\/en\/kontakt\/\">Contact<\/a><\/div>\n<\/div>\n\n\n\n<p><\/p>\n\n\n\n<h2 class=\"wp-block-heading\"><strong>Discover my artworks on Singulart!<\/strong><\/h2>\n\n\n\n<div class=\"wp-block-buttons is-layout-flex wp-block-buttons-is-layout-flex\">\n<div class=\"wp-block-button\"><a class=\"wp-block-button__link wp-element-button\" href=\"https:\/\/www.singulart.com\/de\/k%C3%BCnstler\/karina-schiefer-61055\" target=\"_blank\" rel=\"noreferrer noopener\">Discover artworks<\/a><\/div>\n<\/div>\n<\/div><\/div>","protected":false},"excerpt":{"rendered":"<p>Lass dich inspirieren und erwirb surrealistische Kunstwerke aus meiner Sammlung in Bad Mitterndorf. Mach dir gleich selbst ein Bild oder melde dich bei mir! Surrealismus Bei dieser Art zu zeichnen ist der K\u00fcnstler selbst Zuschauer und das Bild entsteht von selbst wie eine Reise ins Ungewisse. In jedem meiner Werke steckt etwas von mir und es dr\u00fcckt meine Gedanken und Gef\u00fchle aus. Es ist wichtig, sich selbst treu zu bleiben! Leidenschaft Kunst Seit meiner Kindheit interessiere ich mich f\u00fcr das Thema Kunst. Im Laufe der Zeit habe ich meinen individuellen und einzigartigen Zeichenstil entwickelt, der sich vor allem mit surrealen\u2026<\/p>","protected":false},"author":2,"featured_media":91,"parent":0,"menu_order":1,"comment_status":"closed","ping_status":"closed","template":"","meta":{"footnotes":""},"class_list":["post-10","page","type-page","status-publish","has-post-thumbnail","hentry"],"blocksy_meta":{"styles_descriptor":{"styles":{"desktop":"","tablet":"","mobile":""},"google_fonts":[],"version":5},"page_title_panel":"","has_hero_section":"disabled","a2cdfaefb3055c36bc8364d20e62c9d4":"","hero_section":"type-1","hero_elements":[{"id":"custom_title","enabled":true,"heading_tag":"h1","title":"Home"},{"id":"custom_description","enabled":true,"description_visibility":{"desktop":true,"tablet":true,"mobile":false}},{"id":"custom_meta","enabled":false,"meta_elements":[{"id":"author","enabled":true,"label":"By","has_author_avatar":"yes","avatar_size":25},{"id":"post_date","enabled":true,"label":"On","date_format_source":"default","date_format":"M j, Y"},{"id":"updated_date","enabled":false,"label":"On","date_format_source":"default","date_format":"M j, Y"},{"id":"categories","enabled":false,"label":"In","style":"simple"},{"id":"comments","enabled":true}],"page_meta_elements":{"joined":true,"articles_count":true,"comments":true}},{"id":"breadcrumbs","enabled":false}],"506b8812d5838a123377a92e5224d648":"","hero_alignment1":"CT_CSS_SKIP_RULE","hero_margin":40,"hero_alignment2":"center","hero_vertical_alignment":"center","dfa5b986c2023bfa372e3cebd6d8a389":"","hero_structure":"narrow","3d5ccf37666cba47196f6838dfba8e9b":"","page_title_bg_type":"featured_image","custom_hero_background":{"attachment_id":null},"parallax":{"desktop":false,"tablet":false,"mobile":false},"6cb63a45d183ae2c31687beb406f9ce6":"","hero_height":"250px","pageTitleFont":{"family":"Default","variation":"Default","size":"30px","line-height":"CT_CSS_SKIP_RULE","letter-spacing":"CT_CSS_SKIP_RULE","text-transform":"CT_CSS_SKIP_RULE","text-decoration":"CT_CSS_SKIP_RULE"},"pageTitleFontColor":{"default":{"color":"CT_CSS_SKIP_RULEDEFAULT"}},"pageMetaFont":{"family":"Default","variation":"n6","size":"12px","line-height":"1.3","letter-spacing":"CT_CSS_SKIP_RULE","text-transform":"uppercase","text-decoration":"CT_CSS_SKIP_RULE"},"pageMetaFontColor":{"default":{"color":"CT_CSS_SKIP_RULEDEFAULT"},"hover":{"color":"CT_CSS_SKIP_RULEDEFAULT"}},"page_meta_button_type_font_colors":{"default":{"color":"CT_CSS_SKIP_RULEDEFAULT"},"hover":{"color":"CT_CSS_SKIP_RULEDEFAULT"}},"page_meta_button_type_background_colors":{"default":{"color":"CT_CSS_SKIP_RULEDEFAULT"},"hover":{"color":"CT_CSS_SKIP_RULEDEFAULT"}},"pageExcerptFont":{"family":"Default","variation":"Default","size":"CT_CSS_SKIP_RULE","line-height":"CT_CSS_SKIP_RULE","letter-spacing":"CT_CSS_SKIP_RULE","text-transform":"CT_CSS_SKIP_RULE","text-decoration":"CT_CSS_SKIP_RULE"},"pageExcerptColor":{"default":{"color":"CT_CSS_SKIP_RULEDEFAULT"}},"breadcrumbsFont":{"family":"Default","variation":"Default","size":"CT_CSS_SKIP_RULE","line-height":"CT_CSS_SKIP_RULE","letter-spacing":"CT_CSS_SKIP_RULE","text-transform":"CT_CSS_SKIP_RULE","text-decoration":"CT_CSS_SKIP_RULE"},"breadcrumbsFontColor":{"default":{"color":"CT_CSS_SKIP_RULEDEFAULT"},"initial":{"color":"CT_CSS_SKIP_RULEDEFAULT"},"hover":{"color":"CT_CSS_SKIP_RULEDEFAULT"}},"pageTitleOverlay":{"background_type":"color","background_pattern":"type-1","background_image":{"attachment_id":null,"x":0,"y":0},"gradient":"linear-gradient(135deg,rgba(6,147,227,1) 0%,rgb(155,81,224) 100%)","background_repeat":"repeat","background_size":"auto","background_attachment":"scroll","patternColor":{"default":{"color":"#e5e7ea"}},"overlayColor":{"default":{"color":"CT_CSS_SKIP_RULE"}},"backgroundColor":{"default":{"color":"CT_CSS_SKIP_RULE"}}},"pageTitleBackground":{"background_type":"color","background_pattern":"type-1","background_image":{"attachment_id":null,"x":0,"y":0},"gradient":"linear-gradient(135deg,rgba(6,147,227,1) 0%,rgb(155,81,224) 100%)","background_repeat":"repeat","background_size":"auto","background_attachment":"scroll","patternColor":{"default":{"color":"#e5e7ea"}},"overlayColor":{"default":{"color":"CT_CSS_SKIP_RULE"}},"backgroundColor":{"default":{"color":"var(--paletteColor6)"}}},"pageTitlePadding":{"top":"50px","bottom":"50px","left":"auto","right":"auto","linked":true},"a45ed52ebf59dc4bedf1e2067aa8ca46":"","page_structure_type":"default","7f89d77f85f58628cd86cda3434f914f":"","content_style_source":"inherit","content_style":"wide","vertical_spacing_source":"custom","content_area_spacing":"bottom","background":{"background_type":"color","background_pattern":"type-1","background_image":{"attachment_id":null,"x":0,"y":0},"gradient":"linear-gradient(135deg,rgba(6,147,227,1) 0%,rgb(155,81,224) 100%)","background_repeat":"repeat","background_size":"auto","background_attachment":"scroll","patternColor":{"default":{"color":"#e5e7ea"}},"overlayColor":{"default":{"color":"CT_CSS_SKIP_RULE"}},"backgroundColor":{"default":{"color":"CT_CSS_SKIP_RULE"}}},"content_background":{"background_type":"color","background_pattern":"type-1","background_image":{"attachment_id":null,"x":0,"y":0},"gradient":"linear-gradient(135deg,rgba(6,147,227,1) 0%,rgb(155,81,224) 100%)","background_repeat":"repeat","background_size":"auto","background_attachment":"scroll","patternColor":{"default":{"color":"#e5e7ea"}},"overlayColor":{"default":{"color":"CT_CSS_SKIP_RULE"}},"backgroundColor":{"default":{"color":"var(--paletteColor8)"}}},"content_boxed_shadow":{"inherit":false,"blur":18,"spread":-6,"v_offset":12,"h_offset":0,"inset":false,"enable":true,"color":{"color":"rgba(34, 56, 101, 0.04)"}},"boxed_content_spacing":{"desktop":{"top":"40px","bottom":"40px","left":"40px","right":"40px","linked":true},"tablet":{"top":"35px","bottom":"35px","left":"35px","right":"35px","linked":true},"mobile":{"top":"20px","bottom":"20px","left":"20px","right":"20px","linked":true}},"content_boxed_radius":{"top":"3px","bottom":"3px","left":"3px","right":"3px","linked":true},"00b087ca33fcb98c6d096f24da5a5e0b":"","disable_featured_image":"no","disable_header":"no","disable_footer":"no","b6bd76af818242fe73fc3c8052c1cdfc":"","c232e466cc270a1ca36046d0273ecc1e":"","833f223ad5b4cc406dd8ff57590201c8":"","ec63f8ad52b7cac9fa162a2dc1b2a386":"","72747a3b8782b262f382f0e0e16e1dd5":"","fc5fd30d854b2b9f72fd245a1aa64eb7":"","a13376c06fbf93de567d023ae078371f":"","58a55eac2007b7b0d550a55e2ebce711":"","d537e62dc52c013ad4b95babbc1cb056":"","89275684f3ede950ea0d33887331535f":"","20544d12c89b09d3e13db72faac2500f":"","3e46e42a779c5f06451fd7ce9ac115d1":"","cf801d1d361bf5ffe1e748e50fef32ac":"","9a5fdb793530d092b3f62930850f350d":"","3a8338986b0c1ad4b0ce60618a0156ae":"","d18a299383af7bef4270c786818b517f":"","disable_share_box":"no","d543e9117a2e8e302d75718116211d81":"","358fc9f2b93da2f3732da66a1b14a7aa":"","b32e665789967f876545db78d2a677de":"","9e2511ff0dac1bb3440b3bc08017f1d2":"","page_title_image_size":"full","031828333b4202fb1e2d601164a5b2dd":"","b88077cfe4a05d99bd6cd758dab9713e":"","c30c21c1669ddeedb89c10d5269985e4":"","content_boxed_border":{"width":1,"style":"none","color":{"color":"rgba(44,62,80,0.2)"}},"56719159fb84a48611ce8a4ee324f159":""},"_links":{"self":[{"href":"https:\/\/karinas-art.at\/en\/wp-json\/wp\/v2\/pages\/10","targetHints":{"allow":["GET"]}}],"collection":[{"href":"https:\/\/karinas-art.at\/en\/wp-json\/wp\/v2\/pages"}],"about":[{"href":"https:\/\/karinas-art.at\/en\/wp-json\/wp\/v2\/types\/page"}],"author":[{"embeddable":true,"href":"https:\/\/karinas-art.at\/en\/wp-json\/wp\/v2\/users\/2"}],"replies":[{"embeddable":true,"href":"https:\/\/karinas-art.at\/en\/wp-json\/wp\/v2\/comments?post=10"}],"version-history":[{"count":264,"href":"https:\/\/karinas-art.at\/en\/wp-json\/wp\/v2\/pages\/10\/revisions"}],"predecessor-version":[{"id":2262,"href":"https:\/\/karinas-art.at\/en\/wp-json\/wp\/v2\/pages\/10\/revisions\/2262"}],"wp:featuredmedia":[{"embeddable":true,"href":"https:\/\/karinas-art.at\/en\/wp-json\/wp\/v2\/media\/91"}],"wp:attachment":[{"href":"https:\/\/karinas-art.at\/en\/wp-json\/wp\/v2\/media?parent=10"}],"curies":[{"name":"wp","href":"https:\/\/api.w.org\/{rel}","templated":true}]}}