{"id":1350,"date":"2022-10-15T13:33:27","date_gmt":"2022-10-15T11:33:27","guid":{"rendered":"https:\/\/karinas-art.at\/?page_id=1350"},"modified":"2024-07-02T22:28:28","modified_gmt":"2024-07-02T20:28:28","slug":"die-reise","status":"publish","type":"page","link":"https:\/\/karinas-art.at\/en\/die-reise\/","title":{"rendered":"Artwork The Journey"},"content":{"rendered":"<p>The artwork \"The Journey\" reflects society's perspective on the male and female genders.<\/p>\n\n\n<div class=\"wp-block-image\">\n<figure class=\"aligncenter size-large\"><img loading=\"lazy\" decoding=\"async\" width=\"1011\" height=\"1024\" src=\"https:\/\/karinas-art.at\/wp-content\/uploads\/2022\/10\/die-reise-1011x1024.webp\" alt=\"\" class=\"wp-image-1354\" srcset=\"https:\/\/karinas-art.at\/wp-content\/uploads\/2022\/10\/die-reise-1011x1024.webp 1011w, https:\/\/karinas-art.at\/wp-content\/uploads\/2022\/10\/die-reise-296x300.webp 296w, https:\/\/karinas-art.at\/wp-content\/uploads\/2022\/10\/die-reise-768x778.webp 768w, https:\/\/karinas-art.at\/wp-content\/uploads\/2022\/10\/die-reise-12x12.webp 12w, https:\/\/karinas-art.at\/wp-content\/uploads\/2022\/10\/die-reise.webp 1280w\" sizes=\"auto, (max-width: 1011px) 100vw, 1011px\" \/><\/figure><\/div>\n\n\n<figure class=\"wp-block-gallery has-nested-images columns-default is-cropped wp-block-gallery-1 is-layout-flex wp-block-gallery-is-layout-flex\">\n<figure class=\"wp-block-image size-large\"><a href=\"https:\/\/karinas-art.at\/wp-content\/uploads\/2022\/10\/die-reise-01.webp\"><img loading=\"lazy\" decoding=\"async\" width=\"1024\" height=\"694\" data-id=\"1361\" src=\"https:\/\/karinas-art.at\/wp-content\/uploads\/2022\/10\/die-reise-01-1024x694.webp\" alt=\"\" class=\"wp-image-1361\" srcset=\"https:\/\/karinas-art.at\/wp-content\/uploads\/2022\/10\/die-reise-01-1024x694.webp 1024w, https:\/\/karinas-art.at\/wp-content\/uploads\/2022\/10\/die-reise-01-300x203.webp 300w, https:\/\/karinas-art.at\/wp-content\/uploads\/2022\/10\/die-reise-01-768x521.webp 768w, https:\/\/karinas-art.at\/wp-content\/uploads\/2022\/10\/die-reise-01-18x12.webp 18w, https:\/\/karinas-art.at\/wp-content\/uploads\/2022\/10\/die-reise-01.webp 1280w\" sizes=\"auto, (max-width: 1024px) 100vw, 1024px\" \/><\/a><\/figure>\n\n\n\n<figure class=\"wp-block-image size-large\"><a href=\"https:\/\/karinas-art.at\/wp-content\/uploads\/2022\/10\/die-reise-02.webp\"><img loading=\"lazy\" decoding=\"async\" width=\"1024\" height=\"671\" data-id=\"1357\" src=\"https:\/\/karinas-art.at\/wp-content\/uploads\/2022\/10\/die-reise-02-1024x671.webp\" alt=\"\" class=\"wp-image-1357\" srcset=\"https:\/\/karinas-art.at\/wp-content\/uploads\/2022\/10\/die-reise-02-1024x671.webp 1024w, https:\/\/karinas-art.at\/wp-content\/uploads\/2022\/10\/die-reise-02-300x197.webp 300w, https:\/\/karinas-art.at\/wp-content\/uploads\/2022\/10\/die-reise-02-768x503.webp 768w, https:\/\/karinas-art.at\/wp-content\/uploads\/2022\/10\/die-reise-02-18x12.webp 18w, https:\/\/karinas-art.at\/wp-content\/uploads\/2022\/10\/die-reise-02.webp 1280w\" sizes=\"auto, (max-width: 1024px) 100vw, 1024px\" \/><\/a><\/figure>\n\n\n\n<figure class=\"wp-block-image size-large\"><a href=\"https:\/\/karinas-art.at\/wp-content\/uploads\/2022\/10\/die-reise-03.webp\"><img loading=\"lazy\" decoding=\"async\" width=\"1024\" height=\"706\" data-id=\"1356\" src=\"https:\/\/karinas-art.at\/wp-content\/uploads\/2022\/10\/die-reise-03-1024x706.webp\" alt=\"\" class=\"wp-image-1356\" srcset=\"https:\/\/karinas-art.at\/wp-content\/uploads\/2022\/10\/die-reise-03-1024x706.webp 1024w, https:\/\/karinas-art.at\/wp-content\/uploads\/2022\/10\/die-reise-03-300x207.webp 300w, https:\/\/karinas-art.at\/wp-content\/uploads\/2022\/10\/die-reise-03-768x529.webp 768w, https:\/\/karinas-art.at\/wp-content\/uploads\/2022\/10\/die-reise-03-18x12.webp 18w, https:\/\/karinas-art.at\/wp-content\/uploads\/2022\/10\/die-reise-03.webp 1280w\" sizes=\"auto, (max-width: 1024px) 100vw, 1024px\" \/><\/a><\/figure>\n\n\n\n<figure class=\"wp-block-image size-large\"><a href=\"https:\/\/karinas-art.at\/wp-content\/uploads\/2022\/10\/die-reise-04.webp\"><img loading=\"lazy\" decoding=\"async\" width=\"1024\" height=\"682\" data-id=\"1362\" src=\"https:\/\/karinas-art.at\/wp-content\/uploads\/2022\/10\/die-reise-04-1024x682.webp\" alt=\"\" class=\"wp-image-1362\" srcset=\"https:\/\/karinas-art.at\/wp-content\/uploads\/2022\/10\/die-reise-04-1024x682.webp 1024w, https:\/\/karinas-art.at\/wp-content\/uploads\/2022\/10\/die-reise-04-300x200.webp 300w, https:\/\/karinas-art.at\/wp-content\/uploads\/2022\/10\/die-reise-04-768x512.webp 768w, https:\/\/karinas-art.at\/wp-content\/uploads\/2022\/10\/die-reise-04-18x12.webp 18w, https:\/\/karinas-art.at\/wp-content\/uploads\/2022\/10\/die-reise-04.webp 1280w\" sizes=\"auto, (max-width: 1024px) 100vw, 1024px\" \/><\/a><\/figure>\n\n\n\n<figure class=\"wp-block-image size-large\"><a href=\"https:\/\/karinas-art.at\/wp-content\/uploads\/2022\/10\/die-reise-05.webp\"><img loading=\"lazy\" decoding=\"async\" width=\"1024\" height=\"690\" data-id=\"1358\" src=\"https:\/\/karinas-art.at\/wp-content\/uploads\/2022\/10\/die-reise-05-1024x690.webp\" alt=\"\" class=\"wp-image-1358\" srcset=\"https:\/\/karinas-art.at\/wp-content\/uploads\/2022\/10\/die-reise-05-1024x690.webp 1024w, https:\/\/karinas-art.at\/wp-content\/uploads\/2022\/10\/die-reise-05-300x202.webp 300w, https:\/\/karinas-art.at\/wp-content\/uploads\/2022\/10\/die-reise-05-768x518.webp 768w, https:\/\/karinas-art.at\/wp-content\/uploads\/2022\/10\/die-reise-05-18x12.webp 18w, https:\/\/karinas-art.at\/wp-content\/uploads\/2022\/10\/die-reise-05.webp 1280w\" sizes=\"auto, (max-width: 1024px) 100vw, 1024px\" \/><\/a><\/figure>\n\n\n\n<figure class=\"wp-block-image size-large\"><a href=\"https:\/\/karinas-art.at\/wp-content\/uploads\/2022\/10\/die-reise-06.webp\"><img loading=\"lazy\" decoding=\"async\" width=\"1024\" height=\"675\" data-id=\"1360\" src=\"https:\/\/karinas-art.at\/wp-content\/uploads\/2022\/10\/die-reise-06-1024x675.webp\" alt=\"\" class=\"wp-image-1360\" srcset=\"https:\/\/karinas-art.at\/wp-content\/uploads\/2022\/10\/die-reise-06-1024x675.webp 1024w, https:\/\/karinas-art.at\/wp-content\/uploads\/2022\/10\/die-reise-06-300x198.webp 300w, https:\/\/karinas-art.at\/wp-content\/uploads\/2022\/10\/die-reise-06-768x506.webp 768w, https:\/\/karinas-art.at\/wp-content\/uploads\/2022\/10\/die-reise-06-18x12.webp 18w, https:\/\/karinas-art.at\/wp-content\/uploads\/2022\/10\/die-reise-06.webp 1280w\" sizes=\"auto, (max-width: 1024px) 100vw, 1024px\" \/><\/a><\/figure>\n\n\n\n<figure class=\"wp-block-image size-large\"><a href=\"https:\/\/karinas-art.at\/wp-content\/uploads\/2022\/10\/die-reise-07.webp\"><img loading=\"lazy\" decoding=\"async\" width=\"1024\" height=\"610\" data-id=\"1363\" src=\"https:\/\/karinas-art.at\/wp-content\/uploads\/2022\/10\/die-reise-07-1024x610.webp\" alt=\"\" class=\"wp-image-1363\" srcset=\"https:\/\/karinas-art.at\/wp-content\/uploads\/2022\/10\/die-reise-07-1024x610.webp 1024w, https:\/\/karinas-art.at\/wp-content\/uploads\/2022\/10\/die-reise-07-300x179.webp 300w, https:\/\/karinas-art.at\/wp-content\/uploads\/2022\/10\/die-reise-07-768x458.webp 768w, https:\/\/karinas-art.at\/wp-content\/uploads\/2022\/10\/die-reise-07-18x12.webp 18w, https:\/\/karinas-art.at\/wp-content\/uploads\/2022\/10\/die-reise-07.webp 1280w\" sizes=\"auto, (max-width: 1024px) 100vw, 1024px\" \/><\/a><\/figure>\n\n\n\n<figure class=\"wp-block-image size-large\"><a href=\"https:\/\/karinas-art.at\/wp-content\/uploads\/2022\/10\/die-reise-08.webp\"><img loading=\"lazy\" decoding=\"async\" width=\"1024\" height=\"750\" data-id=\"1359\" src=\"https:\/\/karinas-art.at\/wp-content\/uploads\/2022\/10\/die-reise-08-1024x750.webp\" alt=\"\" class=\"wp-image-1359\" srcset=\"https:\/\/karinas-art.at\/wp-content\/uploads\/2022\/10\/die-reise-08-1024x750.webp 1024w, https:\/\/karinas-art.at\/wp-content\/uploads\/2022\/10\/die-reise-08-300x220.webp 300w, https:\/\/karinas-art.at\/wp-content\/uploads\/2022\/10\/die-reise-08-768x562.webp 768w, https:\/\/karinas-art.at\/wp-content\/uploads\/2022\/10\/die-reise-08-16x12.webp 16w, https:\/\/karinas-art.at\/wp-content\/uploads\/2022\/10\/die-reise-08.webp 1280w\" sizes=\"auto, (max-width: 1024px) 100vw, 1024px\" \/><\/a><\/figure>\n<\/figure>\n\n\n\n<h2 class=\"wp-block-heading\">Original on wooden stretcher frame including signature and certificate<\/h2>\n\n\n\n<div class=\"wp-block-columns is-layout-flex wp-container-core-columns-is-layout-9d6595d7 wp-block-columns-is-layout-flex\">\n<div class=\"wp-block-column is-layout-flow wp-block-column-is-layout-flow\" style=\"flex-basis:20%\"><\/div>\n\n\n\n<div class=\"wp-block-column is-layout-flow wp-block-column-is-layout-flow\" style=\"flex-basis:60%\">\n<figure class=\"wp-block-table meinetabellen\"><table><tbody><tr><td><strong>Title:<\/strong><\/td><td>The Journey<\/td><\/tr><tr><td><strong>Material<\/strong>:<\/td><td>Canvas, Acrylic<\/td><\/tr><tr><td><strong>Size:<\/strong><\/td><td>140 cm x 140 cm<\/td><\/tr><tr><td><strong>Price:<\/strong><\/td><td>Price on request<\/td><\/tr><\/tbody><\/table><\/figure>\n<\/div>\n\n\n\n<div class=\"wp-block-column is-layout-flow wp-block-column-is-layout-flow\" style=\"flex-basis:20%\"><\/div>\n<\/div>\n\n\n\n<h2 class=\"wp-block-heading\">High-quality art print on stretcher frame<\/h2>\n\n\n\n<div class=\"wp-block-columns is-layout-flex wp-container-core-columns-is-layout-9d6595d7 wp-block-columns-is-layout-flex\">\n<div class=\"wp-block-column is-layout-flow wp-block-column-is-layout-flow\" style=\"flex-basis:20%\"><\/div>\n\n\n\n<div class=\"wp-block-column is-layout-flow wp-block-column-is-layout-flow\" style=\"flex-basis:60%\">\n<figure class=\"wp-block-table meinetabellen\"><table><tbody><tr><td><strong>Title:<\/strong><\/td><td>The Journey<\/td><\/tr><tr><td><strong>Material<\/strong>:<\/td><td>Photo canvas<\/td><\/tr><tr><td><strong>Size:<\/strong><\/td><td>ca. 50 cm x 50 cm<\/td><\/tr><tr><td><strong>Price:<\/strong><\/td><td>\u20ac 250,00,-<\/td><\/tr><\/tbody><\/table><\/figure>\n<\/div>\n\n\n\n<div class=\"wp-block-column is-layout-flow wp-block-column-is-layout-flow\" style=\"flex-basis:20%\"><\/div>\n<\/div>\n\n\n\n<p><strong>The art print is also available in smaller sizes!<\/strong><\/p>\n\n\n\n<div class=\"wp-block-group hastdufragen has-background\" style=\"background-color:#ffe7e8\"><div class=\"wp-block-group__inner-container is-layout-constrained wp-block-group-is-layout-constrained\">\n<h2 class=\"wp-block-heading has-text-align-left\">Do you have any questions or are you interested in purchasing one of my artworks? <br><br>Get in touch with me!<\/h2>\n\n\n\n<div class=\"wp-block-buttons is-content-justification-left is-layout-flex wp-container-core-buttons-is-layout-fdcfc74e wp-block-buttons-is-layout-flex\">\n<div class=\"wp-block-button\"><a class=\"wp-block-button__link wp-element-button\" href=\"https:\/\/karinas-art.at\/en\/kontakt\/\">Contact<\/a><\/div>\n<\/div>\n\n\n\n<p><\/p>\n\n\n\n<h2 class=\"wp-block-heading\"><strong>Discover my artworks on Singulart!<\/strong><\/h2>\n\n\n\n<div class=\"wp-block-buttons is-layout-flex wp-block-buttons-is-layout-flex\">\n<div class=\"wp-block-button\"><a class=\"wp-block-button__link wp-element-button\" href=\"https:\/\/www.singulart.com\/de\/k%C3%BCnstler\/karina-schiefer-61055\" target=\"_blank\" rel=\"noreferrer noopener\">Discover artworks<\/a><\/div>\n<\/div>\n<\/div><\/div>","protected":false},"excerpt":{"rendered":"<p>Das Kunstwerk &#8222;Die Reise&#8220;, spiegelt die Sichtweise der Gesellschaft auf das weibliche und m\u00e4nnliche Geschlecht wider. Titel: Die Reise Material: Leinwand, Acryl Gr\u00f6\u00dfe: 140 cm x 140 cm Preis: Preis auf Anfrage Hochwertiger Kunstdruck auf Tr\u00e4gerrahmen Titel: Die Reise Material: Fotoleinwand Gr\u00f6\u00dfe: ca. 50 cm x 50 cm Preis: \u20ac 250,00,-<\/p>","protected":false},"author":2,"featured_media":1354,"parent":0,"menu_order":0,"comment_status":"closed","ping_status":"closed","template":"","meta":{"footnotes":""},"class_list":["post-1350","page","type-page","status-publish","has-post-thumbnail","hentry"],"blocksy_meta":{"styles_descriptor":{"styles":{"desktop":"","tablet":"","mobile":""},"google_fonts":[],"version":5}},"_links":{"self":[{"href":"https:\/\/karinas-art.at\/en\/wp-json\/wp\/v2\/pages\/1350","targetHints":{"allow":["GET"]}}],"collection":[{"href":"https:\/\/karinas-art.at\/en\/wp-json\/wp\/v2\/pages"}],"about":[{"href":"https:\/\/karinas-art.at\/en\/wp-json\/wp\/v2\/types\/page"}],"author":[{"embeddable":true,"href":"https:\/\/karinas-art.at\/en\/wp-json\/wp\/v2\/users\/2"}],"replies":[{"embeddable":true,"href":"https:\/\/karinas-art.at\/en\/wp-json\/wp\/v2\/comments?post=1350"}],"version-history":[{"count":12,"href":"https:\/\/karinas-art.at\/en\/wp-json\/wp\/v2\/pages\/1350\/revisions"}],"predecessor-version":[{"id":2460,"href":"https:\/\/karinas-art.at\/en\/wp-json\/wp\/v2\/pages\/1350\/revisions\/2460"}],"wp:featuredmedia":[{"embeddable":true,"href":"https:\/\/karinas-art.at\/en\/wp-json\/wp\/v2\/media\/1354"}],"wp:attachment":[{"href":"https:\/\/karinas-art.at\/en\/wp-json\/wp\/v2\/media?parent=1350"}],"curies":[{"name":"wp","href":"https:\/\/api.w.org\/{rel}","templated":true}]}}