{"id":1372,"date":"2022-10-15T14:05:35","date_gmt":"2022-10-15T12:05:35","guid":{"rendered":"https:\/\/karinas-art.at\/?page_id=1372"},"modified":"2024-07-02T22:27:41","modified_gmt":"2024-07-02T20:27:41","slug":"kunstwerk-der-tanz","status":"publish","type":"page","link":"https:\/\/karinas-art.at\/en\/kunstwerk-der-tanz\/","title":{"rendered":"Artwork The Dance"},"content":{"rendered":"<p>The artwork \"The Dance\" portrays a whole year in a surrealistic manner, from spring to winter.<\/p>\n\n\n<div class=\"wp-block-image\">\n<figure class=\"aligncenter size-large\"><img loading=\"lazy\" decoding=\"async\" width=\"1024\" height=\"893\" src=\"https:\/\/karinas-art.at\/wp-content\/uploads\/2022\/10\/der-tanz-1024x893.webp\" alt=\"\" class=\"wp-image-1377\" srcset=\"https:\/\/karinas-art.at\/wp-content\/uploads\/2022\/10\/der-tanz-1024x893.webp 1024w, https:\/\/karinas-art.at\/wp-content\/uploads\/2022\/10\/der-tanz-300x262.webp 300w, https:\/\/karinas-art.at\/wp-content\/uploads\/2022\/10\/der-tanz-768x670.webp 768w, https:\/\/karinas-art.at\/wp-content\/uploads\/2022\/10\/der-tanz-14x12.webp 14w, https:\/\/karinas-art.at\/wp-content\/uploads\/2022\/10\/der-tanz.webp 1280w\" sizes=\"auto, (max-width: 1024px) 100vw, 1024px\" \/><\/figure><\/div>\n\n\n<figure class=\"wp-block-gallery has-nested-images columns-default is-cropped wp-block-gallery-1 is-layout-flex wp-block-gallery-is-layout-flex\">\n<figure class=\"wp-block-image size-large\"><a href=\"https:\/\/karinas-art.at\/wp-content\/uploads\/2022\/10\/der-tanz-01.webp\"><img loading=\"lazy\" decoding=\"async\" width=\"1024\" height=\"706\" data-id=\"1380\" src=\"https:\/\/karinas-art.at\/wp-content\/uploads\/2022\/10\/der-tanz-01-1024x706.webp\" alt=\"\" class=\"wp-image-1380\" srcset=\"https:\/\/karinas-art.at\/wp-content\/uploads\/2022\/10\/der-tanz-01-1024x706.webp 1024w, https:\/\/karinas-art.at\/wp-content\/uploads\/2022\/10\/der-tanz-01-300x207.webp 300w, https:\/\/karinas-art.at\/wp-content\/uploads\/2022\/10\/der-tanz-01-768x529.webp 768w, https:\/\/karinas-art.at\/wp-content\/uploads\/2022\/10\/der-tanz-01-18x12.webp 18w, https:\/\/karinas-art.at\/wp-content\/uploads\/2022\/10\/der-tanz-01.webp 1280w\" sizes=\"auto, (max-width: 1024px) 100vw, 1024px\" \/><\/a><\/figure>\n\n\n\n<figure class=\"wp-block-image size-large\"><a href=\"https:\/\/karinas-art.at\/wp-content\/uploads\/2022\/10\/der-tanz-02.webp\"><img loading=\"lazy\" decoding=\"async\" width=\"1024\" height=\"682\" data-id=\"1379\" src=\"https:\/\/karinas-art.at\/wp-content\/uploads\/2022\/10\/der-tanz-02-1024x682.webp\" alt=\"\" class=\"wp-image-1379\" srcset=\"https:\/\/karinas-art.at\/wp-content\/uploads\/2022\/10\/der-tanz-02-1024x682.webp 1024w, https:\/\/karinas-art.at\/wp-content\/uploads\/2022\/10\/der-tanz-02-300x200.webp 300w, https:\/\/karinas-art.at\/wp-content\/uploads\/2022\/10\/der-tanz-02-768x512.webp 768w, https:\/\/karinas-art.at\/wp-content\/uploads\/2022\/10\/der-tanz-02-18x12.webp 18w, https:\/\/karinas-art.at\/wp-content\/uploads\/2022\/10\/der-tanz-02.webp 1280w\" sizes=\"auto, (max-width: 1024px) 100vw, 1024px\" \/><\/a><\/figure>\n\n\n\n<figure class=\"wp-block-image size-large\"><a href=\"https:\/\/karinas-art.at\/wp-content\/uploads\/2022\/10\/der-tanz-03.webp\"><img loading=\"lazy\" decoding=\"async\" width=\"1024\" height=\"682\" data-id=\"1381\" src=\"https:\/\/karinas-art.at\/wp-content\/uploads\/2022\/10\/der-tanz-03-1024x682.webp\" alt=\"\" class=\"wp-image-1381\" srcset=\"https:\/\/karinas-art.at\/wp-content\/uploads\/2022\/10\/der-tanz-03-1024x682.webp 1024w, https:\/\/karinas-art.at\/wp-content\/uploads\/2022\/10\/der-tanz-03-300x200.webp 300w, https:\/\/karinas-art.at\/wp-content\/uploads\/2022\/10\/der-tanz-03-768x511.webp 768w, https:\/\/karinas-art.at\/wp-content\/uploads\/2022\/10\/der-tanz-03-18x12.webp 18w, https:\/\/karinas-art.at\/wp-content\/uploads\/2022\/10\/der-tanz-03.webp 1280w\" sizes=\"auto, (max-width: 1024px) 100vw, 1024px\" \/><\/a><\/figure>\n\n\n\n<figure class=\"wp-block-image size-large\"><a href=\"https:\/\/karinas-art.at\/wp-content\/uploads\/2022\/10\/der-tanz-04.webp\"><img loading=\"lazy\" decoding=\"async\" width=\"1024\" height=\"689\" data-id=\"1384\" src=\"https:\/\/karinas-art.at\/wp-content\/uploads\/2022\/10\/der-tanz-04-1024x689.webp\" alt=\"\" class=\"wp-image-1384\" srcset=\"https:\/\/karinas-art.at\/wp-content\/uploads\/2022\/10\/der-tanz-04-1024x689.webp 1024w, https:\/\/karinas-art.at\/wp-content\/uploads\/2022\/10\/der-tanz-04-300x202.webp 300w, https:\/\/karinas-art.at\/wp-content\/uploads\/2022\/10\/der-tanz-04-768x517.webp 768w, https:\/\/karinas-art.at\/wp-content\/uploads\/2022\/10\/der-tanz-04-18x12.webp 18w, https:\/\/karinas-art.at\/wp-content\/uploads\/2022\/10\/der-tanz-04.webp 1280w\" sizes=\"auto, (max-width: 1024px) 100vw, 1024px\" \/><\/a><\/figure>\n\n\n\n<figure class=\"wp-block-image size-large\"><a href=\"https:\/\/karinas-art.at\/wp-content\/uploads\/2022\/10\/der-tanz-05.webp\"><img loading=\"lazy\" decoding=\"async\" width=\"1024\" height=\"674\" data-id=\"1383\" src=\"https:\/\/karinas-art.at\/wp-content\/uploads\/2022\/10\/der-tanz-05-1024x674.webp\" alt=\"\" class=\"wp-image-1383\" srcset=\"https:\/\/karinas-art.at\/wp-content\/uploads\/2022\/10\/der-tanz-05-1024x674.webp 1024w, https:\/\/karinas-art.at\/wp-content\/uploads\/2022\/10\/der-tanz-05-300x198.webp 300w, https:\/\/karinas-art.at\/wp-content\/uploads\/2022\/10\/der-tanz-05-768x506.webp 768w, https:\/\/karinas-art.at\/wp-content\/uploads\/2022\/10\/der-tanz-05-18x12.webp 18w, https:\/\/karinas-art.at\/wp-content\/uploads\/2022\/10\/der-tanz-05.webp 1280w\" sizes=\"auto, (max-width: 1024px) 100vw, 1024px\" \/><\/a><\/figure>\n\n\n\n<figure class=\"wp-block-image size-large\"><a href=\"https:\/\/karinas-art.at\/wp-content\/uploads\/2022\/10\/der-tanz-06.webp\"><img loading=\"lazy\" decoding=\"async\" width=\"1024\" height=\"678\" data-id=\"1382\" src=\"https:\/\/karinas-art.at\/wp-content\/uploads\/2022\/10\/der-tanz-06-1024x678.webp\" alt=\"\" class=\"wp-image-1382\" srcset=\"https:\/\/karinas-art.at\/wp-content\/uploads\/2022\/10\/der-tanz-06-1024x678.webp 1024w, https:\/\/karinas-art.at\/wp-content\/uploads\/2022\/10\/der-tanz-06-300x199.webp 300w, https:\/\/karinas-art.at\/wp-content\/uploads\/2022\/10\/der-tanz-06-768x508.webp 768w, https:\/\/karinas-art.at\/wp-content\/uploads\/2022\/10\/der-tanz-06-18x12.webp 18w, https:\/\/karinas-art.at\/wp-content\/uploads\/2022\/10\/der-tanz-06.webp 1280w\" sizes=\"auto, (max-width: 1024px) 100vw, 1024px\" \/><\/a><\/figure>\n\n\n\n<figure class=\"wp-block-image size-large\"><a href=\"https:\/\/karinas-art.at\/wp-content\/uploads\/2022\/10\/der-tanz-07.webp\"><img loading=\"lazy\" decoding=\"async\" width=\"1024\" height=\"703\" data-id=\"1385\" src=\"https:\/\/karinas-art.at\/wp-content\/uploads\/2022\/10\/der-tanz-07-1024x703.webp\" alt=\"\" class=\"wp-image-1385\" srcset=\"https:\/\/karinas-art.at\/wp-content\/uploads\/2022\/10\/der-tanz-07-1024x703.webp 1024w, https:\/\/karinas-art.at\/wp-content\/uploads\/2022\/10\/der-tanz-07-300x206.webp 300w, https:\/\/karinas-art.at\/wp-content\/uploads\/2022\/10\/der-tanz-07-768x527.webp 768w, https:\/\/karinas-art.at\/wp-content\/uploads\/2022\/10\/der-tanz-07-18x12.webp 18w, https:\/\/karinas-art.at\/wp-content\/uploads\/2022\/10\/der-tanz-07.webp 1280w\" sizes=\"auto, (max-width: 1024px) 100vw, 1024px\" \/><\/a><\/figure>\n\n\n\n<figure class=\"wp-block-image size-large\"><a href=\"https:\/\/karinas-art.at\/wp-content\/uploads\/2022\/10\/der-tanz-08.webp\"><img loading=\"lazy\" decoding=\"async\" width=\"1024\" height=\"694\" data-id=\"1387\" src=\"https:\/\/karinas-art.at\/wp-content\/uploads\/2022\/10\/der-tanz-08-1024x694.webp\" alt=\"\" class=\"wp-image-1387\" srcset=\"https:\/\/karinas-art.at\/wp-content\/uploads\/2022\/10\/der-tanz-08-1024x694.webp 1024w, https:\/\/karinas-art.at\/wp-content\/uploads\/2022\/10\/der-tanz-08-300x203.webp 300w, https:\/\/karinas-art.at\/wp-content\/uploads\/2022\/10\/der-tanz-08-768x521.webp 768w, https:\/\/karinas-art.at\/wp-content\/uploads\/2022\/10\/der-tanz-08-18x12.webp 18w, https:\/\/karinas-art.at\/wp-content\/uploads\/2022\/10\/der-tanz-08.webp 1280w\" sizes=\"auto, (max-width: 1024px) 100vw, 1024px\" \/><\/a><\/figure>\n\n\n\n<figure class=\"wp-block-image size-large\"><a href=\"https:\/\/karinas-art.at\/wp-content\/uploads\/2022\/10\/der-tanz-09.webp\"><img loading=\"lazy\" decoding=\"async\" width=\"1024\" height=\"682\" data-id=\"1386\" src=\"https:\/\/karinas-art.at\/wp-content\/uploads\/2022\/10\/der-tanz-09-1024x682.webp\" alt=\"\" class=\"wp-image-1386\" srcset=\"https:\/\/karinas-art.at\/wp-content\/uploads\/2022\/10\/der-tanz-09-1024x682.webp 1024w, https:\/\/karinas-art.at\/wp-content\/uploads\/2022\/10\/der-tanz-09-300x200.webp 300w, https:\/\/karinas-art.at\/wp-content\/uploads\/2022\/10\/der-tanz-09-768x512.webp 768w, https:\/\/karinas-art.at\/wp-content\/uploads\/2022\/10\/der-tanz-09-18x12.webp 18w, https:\/\/karinas-art.at\/wp-content\/uploads\/2022\/10\/der-tanz-09.webp 1280w\" sizes=\"auto, (max-width: 1024px) 100vw, 1024px\" \/><\/a><\/figure>\n<\/figure>\n\n\n\n<h2 class=\"wp-block-heading\">Original on wooden stretcher frame including signature and certificate<\/h2>\n\n\n\n<div class=\"wp-block-columns is-layout-flex wp-container-core-columns-is-layout-9d6595d7 wp-block-columns-is-layout-flex\">\n<div class=\"wp-block-column is-layout-flow wp-block-column-is-layout-flow\" style=\"flex-basis:20%\"><\/div>\n\n\n\n<div class=\"wp-block-column is-layout-flow wp-block-column-is-layout-flow\" style=\"flex-basis:60%\">\n<figure class=\"wp-block-table meinetabellen\"><table><tbody><tr><td><strong>Title:<\/strong><\/td><td>The Dance<\/td><\/tr><tr><td><strong>Material<\/strong>:<\/td><td>Canvas, Acrylic<\/td><\/tr><tr><td><strong>Size:<\/strong><\/td><td>150 cm x 130 cm<\/td><\/tr><tr><td><strong>Price:<\/strong><\/td><td>Price on request<\/td><\/tr><\/tbody><\/table><\/figure>\n<\/div>\n\n\n\n<div class=\"wp-block-column is-layout-flow wp-block-column-is-layout-flow\" style=\"flex-basis:20%\"><\/div>\n<\/div>\n\n\n\n<h2 class=\"wp-block-heading\">High-quality art print on stretcher frame<\/h2>\n\n\n\n<div class=\"wp-block-columns is-layout-flex wp-container-core-columns-is-layout-9d6595d7 wp-block-columns-is-layout-flex\">\n<div class=\"wp-block-column is-layout-flow wp-block-column-is-layout-flow\" style=\"flex-basis:20%\"><\/div>\n\n\n\n<div class=\"wp-block-column is-layout-flow wp-block-column-is-layout-flow\" style=\"flex-basis:60%\">\n<figure class=\"wp-block-table meinetabellen\"><table><tbody><tr><td><strong>Title:<\/strong><\/td><td>The Dance<\/td><\/tr><tr><td><strong>Material<\/strong>:<\/td><td>Photo canvas<\/td><\/tr><tr><td><strong>Size:<\/strong><\/td><td>ca. 47 cm x 40 cm<\/td><\/tr><tr><td><strong>Price:<\/strong><\/td><td>\u20ac 300,00,-<\/td><\/tr><\/tbody><\/table><\/figure>\n<\/div>\n\n\n\n<div class=\"wp-block-column is-layout-flow wp-block-column-is-layout-flow\" style=\"flex-basis:20%\"><\/div>\n<\/div>\n\n\n\n<p><strong>The art print is also available in smaller sizes!<\/strong><\/p>\n\n\n\n<div class=\"wp-block-group hastdufragen has-background\" style=\"background-color:#ffe7e8\"><div class=\"wp-block-group__inner-container is-layout-constrained wp-block-group-is-layout-constrained\">\n<h2 class=\"wp-block-heading has-text-align-left\">Do you have any questions or are you interested in purchasing one of my artworks? <br><br>Get in touch with me!<\/h2>\n\n\n\n<div class=\"wp-block-buttons is-content-justification-left is-layout-flex wp-container-core-buttons-is-layout-fdcfc74e wp-block-buttons-is-layout-flex\">\n<div class=\"wp-block-button\"><a class=\"wp-block-button__link wp-element-button\" href=\"https:\/\/karinas-art.at\/en\/kontakt\/\">Contact<\/a><\/div>\n<\/div>\n\n\n\n<p><\/p>\n\n\n\n<h2 class=\"wp-block-heading\"><strong>Discover my artworks on Singulart!<\/strong><\/h2>\n\n\n\n<div class=\"wp-block-buttons is-layout-flex wp-block-buttons-is-layout-flex\">\n<div class=\"wp-block-button\"><a class=\"wp-block-button__link wp-element-button\" href=\"https:\/\/www.singulart.com\/de\/k%C3%BCnstler\/karina-schiefer-61055\" target=\"_blank\" rel=\"noreferrer noopener\">Discover artworks<\/a><\/div>\n<\/div>\n<\/div><\/div>","protected":false},"excerpt":{"rendered":"<p>Das Kunstwerk &#8222;Der Tanz&#8220;, zeigt auf surrealistische Weise ein ganzes Jahr, vom Fr\u00fchling bis zum Winter. Titel: Der Tanz Material: Leinwand, Acryl Gr\u00f6\u00dfe: 150 cm x 130 cm Preis: Preis auf Anfrage Hochwertiger Kunstdruck auf Tr\u00e4gerrahmen Titel: Der Tanz Material: Fotoleinwand Gr\u00f6\u00dfe: ca. 47 cm x 40 cm Preis: \u20ac 300,00,-<\/p>","protected":false},"author":2,"featured_media":1377,"parent":0,"menu_order":0,"comment_status":"closed","ping_status":"closed","template":"","meta":{"footnotes":""},"class_list":["post-1372","page","type-page","status-publish","has-post-thumbnail","hentry"],"blocksy_meta":{"styles_descriptor":{"styles":{"desktop":"","tablet":"","mobile":""},"google_fonts":[],"version":5}},"_links":{"self":[{"href":"https:\/\/karinas-art.at\/en\/wp-json\/wp\/v2\/pages\/1372","targetHints":{"allow":["GET"]}}],"collection":[{"href":"https:\/\/karinas-art.at\/en\/wp-json\/wp\/v2\/pages"}],"about":[{"href":"https:\/\/karinas-art.at\/en\/wp-json\/wp\/v2\/types\/page"}],"author":[{"embeddable":true,"href":"https:\/\/karinas-art.at\/en\/wp-json\/wp\/v2\/users\/2"}],"replies":[{"embeddable":true,"href":"https:\/\/karinas-art.at\/en\/wp-json\/wp\/v2\/comments?post=1372"}],"version-history":[{"count":13,"href":"https:\/\/karinas-art.at\/en\/wp-json\/wp\/v2\/pages\/1372\/revisions"}],"predecessor-version":[{"id":2459,"href":"https:\/\/karinas-art.at\/en\/wp-json\/wp\/v2\/pages\/1372\/revisions\/2459"}],"wp:featuredmedia":[{"embeddable":true,"href":"https:\/\/karinas-art.at\/en\/wp-json\/wp\/v2\/media\/1377"}],"wp:attachment":[{"href":"https:\/\/karinas-art.at\/en\/wp-json\/wp\/v2\/media?parent=1372"}],"curies":[{"name":"wp","href":"https:\/\/api.w.org\/{rel}","templated":true}]}}