{"id":1409,"date":"2022-10-22T12:09:37","date_gmt":"2022-10-22T10:09:37","guid":{"rendered":"https:\/\/karinas-art.at\/?page_id=1409"},"modified":"2024-07-17T16:36:08","modified_gmt":"2024-07-17T14:36:08","slug":"kunstwerk-koerper-und-geist","status":"publish","type":"page","link":"https:\/\/karinas-art.at\/en\/kunstwerk-koerper-und-geist\/","title":{"rendered":"Artwork body and mind"},"content":{"rendered":"<p>This surrealistic artwork profoundly depicts the connection between body and mind. <\/p>\n\n\n<div class=\"wp-block-image\">\n<figure class=\"aligncenter size-large\"><img loading=\"lazy\" decoding=\"async\" width=\"1024\" height=\"897\" src=\"https:\/\/karinas-art.at\/wp-content\/uploads\/2022\/10\/koerper-und-geist-1024x897.webp\" alt=\"\" class=\"wp-image-1400\" srcset=\"https:\/\/karinas-art.at\/wp-content\/uploads\/2022\/10\/koerper-und-geist-1024x897.webp 1024w, https:\/\/karinas-art.at\/wp-content\/uploads\/2022\/10\/koerper-und-geist-300x263.webp 300w, https:\/\/karinas-art.at\/wp-content\/uploads\/2022\/10\/koerper-und-geist-768x673.webp 768w, https:\/\/karinas-art.at\/wp-content\/uploads\/2022\/10\/koerper-und-geist-14x12.webp 14w, https:\/\/karinas-art.at\/wp-content\/uploads\/2022\/10\/koerper-und-geist.webp 1280w\" sizes=\"auto, (max-width: 1024px) 100vw, 1024px\" \/><\/figure><\/div>\n\n\n<figure class=\"wp-block-gallery has-nested-images columns-default is-cropped wp-block-gallery-1 is-layout-flex wp-block-gallery-is-layout-flex\">\n<figure class=\"wp-block-image size-large\"><a href=\"https:\/\/karinas-art.at\/wp-content\/uploads\/2022\/10\/koerper-und-geist-01.webp\"><img loading=\"lazy\" decoding=\"async\" width=\"1280\" height=\"879\" data-id=\"1402\" src=\"https:\/\/karinas-art.at\/wp-content\/uploads\/2022\/10\/koerper-und-geist-01.webp\" alt=\"\" class=\"wp-image-1402\" srcset=\"https:\/\/karinas-art.at\/wp-content\/uploads\/2022\/10\/koerper-und-geist-01.webp 1280w, https:\/\/karinas-art.at\/wp-content\/uploads\/2022\/10\/koerper-und-geist-01-300x206.webp 300w, https:\/\/karinas-art.at\/wp-content\/uploads\/2022\/10\/koerper-und-geist-01-1024x703.webp 1024w, https:\/\/karinas-art.at\/wp-content\/uploads\/2022\/10\/koerper-und-geist-01-768x527.webp 768w, https:\/\/karinas-art.at\/wp-content\/uploads\/2022\/10\/koerper-und-geist-01-18x12.webp 18w\" sizes=\"auto, (max-width: 1280px) 100vw, 1280px\" \/><\/a><\/figure>\n\n\n\n<figure class=\"wp-block-image size-large\"><a href=\"https:\/\/karinas-art.at\/wp-content\/uploads\/2022\/10\/koerper-und-geist-04.webp\"><img loading=\"lazy\" decoding=\"async\" width=\"1280\" height=\"825\" data-id=\"1403\" src=\"https:\/\/karinas-art.at\/wp-content\/uploads\/2022\/10\/koerper-und-geist-04.webp\" alt=\"\" class=\"wp-image-1403\" srcset=\"https:\/\/karinas-art.at\/wp-content\/uploads\/2022\/10\/koerper-und-geist-04.webp 1280w, https:\/\/karinas-art.at\/wp-content\/uploads\/2022\/10\/koerper-und-geist-04-300x193.webp 300w, https:\/\/karinas-art.at\/wp-content\/uploads\/2022\/10\/koerper-und-geist-04-1024x660.webp 1024w, https:\/\/karinas-art.at\/wp-content\/uploads\/2022\/10\/koerper-und-geist-04-768x495.webp 768w, https:\/\/karinas-art.at\/wp-content\/uploads\/2022\/10\/koerper-und-geist-04-18x12.webp 18w\" sizes=\"auto, (max-width: 1280px) 100vw, 1280px\" \/><\/a><\/figure>\n\n\n\n<figure class=\"wp-block-image size-large\"><a href=\"https:\/\/karinas-art.at\/wp-content\/uploads\/2022\/10\/koerper-und-geist-02.webp\"><img loading=\"lazy\" decoding=\"async\" width=\"1280\" height=\"949\" data-id=\"1404\" src=\"https:\/\/karinas-art.at\/wp-content\/uploads\/2022\/10\/koerper-und-geist-02.webp\" alt=\"\" class=\"wp-image-1404\" srcset=\"https:\/\/karinas-art.at\/wp-content\/uploads\/2022\/10\/koerper-und-geist-02.webp 1280w, https:\/\/karinas-art.at\/wp-content\/uploads\/2022\/10\/koerper-und-geist-02-300x222.webp 300w, https:\/\/karinas-art.at\/wp-content\/uploads\/2022\/10\/koerper-und-geist-02-1024x759.webp 1024w, https:\/\/karinas-art.at\/wp-content\/uploads\/2022\/10\/koerper-und-geist-02-768x569.webp 768w, https:\/\/karinas-art.at\/wp-content\/uploads\/2022\/10\/koerper-und-geist-02-16x12.webp 16w\" sizes=\"auto, (max-width: 1280px) 100vw, 1280px\" \/><\/a><\/figure>\n\n\n\n<figure class=\"wp-block-image size-large\"><a href=\"https:\/\/karinas-art.at\/wp-content\/uploads\/2022\/10\/koerper-und-geist-03.webp\"><img loading=\"lazy\" decoding=\"async\" width=\"1280\" height=\"1022\" data-id=\"1401\" src=\"https:\/\/karinas-art.at\/wp-content\/uploads\/2022\/10\/koerper-und-geist-03.webp\" alt=\"\" class=\"wp-image-1401\" srcset=\"https:\/\/karinas-art.at\/wp-content\/uploads\/2022\/10\/koerper-und-geist-03.webp 1280w, https:\/\/karinas-art.at\/wp-content\/uploads\/2022\/10\/koerper-und-geist-03-300x240.webp 300w, https:\/\/karinas-art.at\/wp-content\/uploads\/2022\/10\/koerper-und-geist-03-1024x818.webp 1024w, https:\/\/karinas-art.at\/wp-content\/uploads\/2022\/10\/koerper-und-geist-03-768x613.webp 768w, https:\/\/karinas-art.at\/wp-content\/uploads\/2022\/10\/koerper-und-geist-03-15x12.webp 15w\" sizes=\"auto, (max-width: 1280px) 100vw, 1280px\" \/><\/a><\/figure>\n<\/figure>\n\n\n\n<p>In the background, there is a emaciated body symbolizing the fragility and transience of physical life. In the foreground, two Harlequins stand, gesturing with their fingers as if holding a pistol to their heads. <\/p>\n\n\n\n<p>This depiction symbolizes the inner turmoil and psychological battles that take place within the human mind. Surrounding the image are skulls, representing the constant presence of death and the impermanence of life.<\/p>\n\n\n\n<h2 class=\"wp-block-heading\">Original on wooden stretcher frame including signature and certificate<\/h2>\n\n\n\n<div class=\"wp-block-columns is-layout-flex wp-container-core-columns-is-layout-9d6595d7 wp-block-columns-is-layout-flex\">\n<div class=\"wp-block-column is-layout-flow wp-block-column-is-layout-flow\" style=\"flex-basis:20%\"><\/div>\n\n\n\n<div class=\"wp-block-column is-layout-flow wp-block-column-is-layout-flow\" style=\"flex-basis:60%\">\n<figure class=\"wp-block-table meinetabellen\"><table><tbody><tr><td><strong>Title:<\/strong><\/td><td>Body and Mind<\/td><\/tr><tr><td><strong>Material<\/strong>:<\/td><td>Canvas, Acrylic<\/td><\/tr><tr><td><strong>Size:<\/strong><\/td><td>150 cm x 130 cm<\/td><\/tr><\/tbody><\/table><\/figure>\n<\/div>\n\n\n\n<div class=\"wp-block-column is-layout-flow wp-block-column-is-layout-flow\" style=\"flex-basis:20%\"><\/div>\n<\/div>\n\n\n\n<div class=\"wp-block-buttons is-layout-flex wp-block-buttons-is-layout-flex\">\n<div class=\"wp-block-button aligncenter\"><a class=\"wp-block-button__link wp-element-button\" href=\"https:\/\/www.singulart.com\/de\/kunstwerke\/karina-schiefer-k%C3%B6rper-und-geist-2073493\" target=\"_blank\" rel=\"noreferrer noopener\">Buy now<\/a><\/div>\n<\/div>\n\n\n\n<h2 class=\"wp-block-heading\">High-quality art print on stretcher frame<\/h2>\n\n\n\n<div class=\"wp-block-columns is-layout-flex wp-container-core-columns-is-layout-9d6595d7 wp-block-columns-is-layout-flex\">\n<div class=\"wp-block-column is-layout-flow wp-block-column-is-layout-flow\" style=\"flex-basis:20%\"><\/div>\n\n\n\n<div class=\"wp-block-column is-layout-flow wp-block-column-is-layout-flow\" style=\"flex-basis:60%\">\n<figure class=\"wp-block-table meinetabellen\"><table><tbody><tr><td><strong>Title:<\/strong><\/td><td>Body and Mind<\/td><\/tr><tr><td><strong>Material<\/strong>:<\/td><td>Photo canvas<\/td><\/tr><tr><td><strong>Size:<\/strong><\/td><td>ca. 47 cm x 40 cm<\/td><\/tr><tr><td><strong>Price:<\/strong><\/td><td>\u20ac 300,00,-<\/td><\/tr><\/tbody><\/table><\/figure>\n<\/div>\n\n\n\n<div class=\"wp-block-column is-layout-flow wp-block-column-is-layout-flow\" style=\"flex-basis:20%\"><\/div>\n<\/div>\n\n\n\n<p><strong>The art print is also available in smaller sizes!<\/strong><\/p>\n\n\n\n<div class=\"wp-block-group hastdufragen has-background\" style=\"background-color:#ffe7e8\"><div class=\"wp-block-group__inner-container is-layout-constrained wp-block-group-is-layout-constrained\">\n<h2 class=\"wp-block-heading has-text-align-left\">Do you have any questions or are you interested in purchasing one of my artworks? <br><br>Get in touch with me!<\/h2>\n\n\n\n<div class=\"wp-block-buttons is-content-justification-left is-layout-flex wp-container-core-buttons-is-layout-fdcfc74e wp-block-buttons-is-layout-flex\">\n<div class=\"wp-block-button\"><a class=\"wp-block-button__link wp-element-button\" href=\"https:\/\/karinas-art.at\/en\/kontakt\/\">Contact<\/a><\/div>\n<\/div>\n\n\n\n<p><\/p>\n\n\n\n<h2 class=\"wp-block-heading\"><strong>Discover my artworks on Singulart!<\/strong><\/h2>\n\n\n\n<div class=\"wp-block-buttons is-layout-flex wp-block-buttons-is-layout-flex\">\n<div class=\"wp-block-button\"><a class=\"wp-block-button__link wp-element-button\" href=\"https:\/\/www.singulart.com\/de\/k%C3%BCnstler\/karina-schiefer-61055\" target=\"_blank\" rel=\"noreferrer noopener\">Discover artworks<\/a><\/div>\n<\/div>\n<\/div><\/div>","protected":false},"excerpt":{"rendered":"<p>Dieses surrealistische Kunstwerk zeigt auf tiefgr\u00fcndige Weise die Verbindung zwischen K\u00f6rper und Geist. Im Hintergrund sieht man einen abgemagerten K\u00f6rper, der die Zerbrechlichkeit und Verg\u00e4nglichkeit des physischen Lebens symbolisiert. Im Vordergrund stehen zwei Harlekins, die mit ihren Fingern eine Pistole andeuten und sie an ihre K\u00f6pfe halten. Diese Darstellung symbolisiert die innere Zerrissenheit und die psychologischen K\u00e4mpfe, die im menschlichen Geist stattfinden. Rund um das Bild kreisen Totenk\u00f6pfe, die die st\u00e4ndige Pr\u00e4senz des Todes und die Verg\u00e4nglichkeit des Lebens darstellen. Titel: K\u00f6rper und Geist Material: Leinwand, Acryl Gr\u00f6\u00dfe: 150 cm x 130 cm Hochwertiger Kunstdruck auf Tr\u00e4gerrahmen Titel: K\u00f6rper und\u2026<\/p>","protected":false},"author":2,"featured_media":1400,"parent":0,"menu_order":0,"comment_status":"closed","ping_status":"closed","template":"","meta":{"footnotes":""},"class_list":["post-1409","page","type-page","status-publish","has-post-thumbnail","hentry"],"blocksy_meta":{"styles_descriptor":{"styles":{"desktop":"","tablet":"","mobile":""},"google_fonts":[],"version":5}},"_links":{"self":[{"href":"https:\/\/karinas-art.at\/en\/wp-json\/wp\/v2\/pages\/1409","targetHints":{"allow":["GET"]}}],"collection":[{"href":"https:\/\/karinas-art.at\/en\/wp-json\/wp\/v2\/pages"}],"about":[{"href":"https:\/\/karinas-art.at\/en\/wp-json\/wp\/v2\/types\/page"}],"author":[{"embeddable":true,"href":"https:\/\/karinas-art.at\/en\/wp-json\/wp\/v2\/users\/2"}],"replies":[{"embeddable":true,"href":"https:\/\/karinas-art.at\/en\/wp-json\/wp\/v2\/comments?post=1409"}],"version-history":[{"count":10,"href":"https:\/\/karinas-art.at\/en\/wp-json\/wp\/v2\/pages\/1409\/revisions"}],"predecessor-version":[{"id":2517,"href":"https:\/\/karinas-art.at\/en\/wp-json\/wp\/v2\/pages\/1409\/revisions\/2517"}],"wp:featuredmedia":[{"embeddable":true,"href":"https:\/\/karinas-art.at\/en\/wp-json\/wp\/v2\/media\/1400"}],"wp:attachment":[{"href":"https:\/\/karinas-art.at\/en\/wp-json\/wp\/v2\/media?parent=1409"}],"curies":[{"name":"wp","href":"https:\/\/api.w.org\/{rel}","templated":true}]}}