{"id":1892,"date":"2024-05-04T12:48:52","date_gmt":"2024-05-04T10:48:52","guid":{"rendered":"https:\/\/karinas-art.at\/?page_id=1892"},"modified":"2024-07-01T15:28:37","modified_gmt":"2024-07-01T13:28:37","slug":"kunstwerk-das-grimmingmandl","status":"publish","type":"page","link":"https:\/\/karinas-art.at\/en\/kunstwerk-das-grimmingmandl\/","title":{"rendered":"Artwork The Grimmingmandl"},"content":{"rendered":"<p>The Grimmingmandl is often described as a friendly yet mischievous mountain spirit. It encounters people in the vicinity of the mountain, either helping them or playing tricks on them, depending on how they interact with it.<\/p>\n\n\n<div class=\"wp-block-image\">\n<figure class=\"aligncenter size-large\"><img loading=\"lazy\" decoding=\"async\" width=\"877\" height=\"1024\" src=\"https:\/\/karinas-art.at\/wp-content\/uploads\/2024\/05\/das-grimmingmandl-877x1024.webp\" alt=\"Das Grimmingmandl wird oft als freundlicher, aber auch verschmitzter Berggeist beschrieben. Er begegnet den Menschen in der Umgebung des Berges und hilft ihnen oder spielt ihnen Streiche, je nachdem, wie sie ihm gegen\u00fcber auftreten.\" class=\"wp-image-1835\" srcset=\"https:\/\/karinas-art.at\/wp-content\/uploads\/2024\/05\/das-grimmingmandl-877x1024.webp 877w, https:\/\/karinas-art.at\/wp-content\/uploads\/2024\/05\/das-grimmingmandl-257x300.webp 257w, https:\/\/karinas-art.at\/wp-content\/uploads\/2024\/05\/das-grimmingmandl-768x897.webp 768w, https:\/\/karinas-art.at\/wp-content\/uploads\/2024\/05\/das-grimmingmandl-10x12.webp 10w, https:\/\/karinas-art.at\/wp-content\/uploads\/2024\/05\/das-grimmingmandl.webp 1280w\" sizes=\"auto, (max-width: 877px) 100vw, 877px\" \/><\/figure><\/div>\n\n\n<figure class=\"wp-block-gallery has-nested-images columns-default is-cropped wp-block-gallery-1 is-layout-flex wp-block-gallery-is-layout-flex\">\n<figure class=\"wp-block-image size-large\"><a href=\"https:\/\/karinas-art.at\/wp-content\/uploads\/2024\/05\/das-grimmingmandl.webp\"><img loading=\"lazy\" decoding=\"async\" width=\"877\" height=\"1024\" data-id=\"1835\" src=\"https:\/\/karinas-art.at\/wp-content\/uploads\/2024\/05\/das-grimmingmandl-877x1024.webp\" alt=\"Das Grimmingmandl wird oft als freundlicher, aber auch verschmitzter Berggeist beschrieben. Er begegnet den Menschen in der Umgebung des Berges und hilft ihnen oder spielt ihnen Streiche, je nachdem, wie sie ihm gegen\u00fcber auftreten.\" class=\"wp-image-1835\" srcset=\"https:\/\/karinas-art.at\/wp-content\/uploads\/2024\/05\/das-grimmingmandl-877x1024.webp 877w, https:\/\/karinas-art.at\/wp-content\/uploads\/2024\/05\/das-grimmingmandl-257x300.webp 257w, https:\/\/karinas-art.at\/wp-content\/uploads\/2024\/05\/das-grimmingmandl-768x897.webp 768w, https:\/\/karinas-art.at\/wp-content\/uploads\/2024\/05\/das-grimmingmandl-10x12.webp 10w, https:\/\/karinas-art.at\/wp-content\/uploads\/2024\/05\/das-grimmingmandl.webp 1280w\" sizes=\"auto, (max-width: 877px) 100vw, 877px\" \/><\/a><\/figure>\n\n\n\n<figure class=\"wp-block-image size-large\"><a href=\"https:\/\/karinas-art.at\/wp-content\/uploads\/2024\/05\/das-grimmingmandl-01.webp\"><img loading=\"lazy\" decoding=\"async\" width=\"1024\" height=\"953\" data-id=\"1836\" src=\"https:\/\/karinas-art.at\/wp-content\/uploads\/2024\/05\/das-grimmingmandl-01-1024x953.webp\" alt=\"Das Grimmingmandl wird oft als freundlicher, aber auch verschmitzter Berggeist beschrieben. Er begegnet den Menschen in der Umgebung des Berges und hilft ihnen oder spielt ihnen Streiche, je nachdem, wie sie ihm gegen\u00fcber auftreten.\" class=\"wp-image-1836\" srcset=\"https:\/\/karinas-art.at\/wp-content\/uploads\/2024\/05\/das-grimmingmandl-01-1024x953.webp 1024w, https:\/\/karinas-art.at\/wp-content\/uploads\/2024\/05\/das-grimmingmandl-01-300x279.webp 300w, https:\/\/karinas-art.at\/wp-content\/uploads\/2024\/05\/das-grimmingmandl-01-768x715.webp 768w, https:\/\/karinas-art.at\/wp-content\/uploads\/2024\/05\/das-grimmingmandl-01-13x12.webp 13w, https:\/\/karinas-art.at\/wp-content\/uploads\/2024\/05\/das-grimmingmandl-01.webp 1280w\" sizes=\"auto, (max-width: 1024px) 100vw, 1024px\" \/><\/a><\/figure>\n\n\n\n<figure class=\"wp-block-image size-large\"><a href=\"https:\/\/karinas-art.at\/wp-content\/uploads\/2024\/05\/das-grimmingmandl-02.webp\"><img loading=\"lazy\" decoding=\"async\" width=\"1024\" height=\"690\" data-id=\"1837\" src=\"https:\/\/karinas-art.at\/wp-content\/uploads\/2024\/05\/das-grimmingmandl-02-1024x690.webp\" alt=\"Das Grimmingmandl wird oft als freundlicher, aber auch verschmitzter Berggeist beschrieben. Er begegnet den Menschen in der Umgebung des Berges und hilft ihnen oder spielt ihnen Streiche, je nachdem, wie sie ihm gegen\u00fcber auftreten.\" class=\"wp-image-1837\" srcset=\"https:\/\/karinas-art.at\/wp-content\/uploads\/2024\/05\/das-grimmingmandl-02-1024x690.webp 1024w, https:\/\/karinas-art.at\/wp-content\/uploads\/2024\/05\/das-grimmingmandl-02-300x202.webp 300w, https:\/\/karinas-art.at\/wp-content\/uploads\/2024\/05\/das-grimmingmandl-02-768x517.webp 768w, https:\/\/karinas-art.at\/wp-content\/uploads\/2024\/05\/das-grimmingmandl-02-18x12.webp 18w, https:\/\/karinas-art.at\/wp-content\/uploads\/2024\/05\/das-grimmingmandl-02.webp 1280w\" sizes=\"auto, (max-width: 1024px) 100vw, 1024px\" \/><\/a><\/figure>\n<\/figure>\n\n\n\n<h2 class=\"wp-block-heading\">Original on wooden stretcher frame including signature and certificate<\/h2>\n\n\n\n<div class=\"wp-block-columns is-layout-flex wp-container-core-columns-is-layout-9d6595d7 wp-block-columns-is-layout-flex\">\n<div class=\"wp-block-column is-layout-flow wp-block-column-is-layout-flow\" style=\"flex-basis:20%\"><\/div>\n\n\n\n<div class=\"wp-block-column is-layout-flow wp-block-column-is-layout-flow\" style=\"flex-basis:60%\">\n<figure class=\"wp-block-table meinetabellen\"><table><tbody><tr><td><strong>Title:<\/strong><\/td><td>Grimmingmandl<\/td><\/tr><tr><td><strong>Material<\/strong>:<\/td><td>Canvas, Acrylic<\/td><\/tr><tr><td><strong>Size:<\/strong><\/td><td>50 cm x 60 cm<\/td><\/tr><tr><td><strong>Price:<\/strong><\/td><td>\u20ac 250,00,-<\/td><\/tr><\/tbody><\/table><\/figure>\n<\/div>\n\n\n\n<div class=\"wp-block-column is-layout-flow wp-block-column-is-layout-flow\" style=\"flex-basis:20%\"><\/div>\n<\/div>\n\n\n\n<h2 class=\"wp-block-heading\">High-quality art print on stretcher frame<\/h2>\n\n\n\n<div class=\"wp-block-columns is-layout-flex wp-container-core-columns-is-layout-9d6595d7 wp-block-columns-is-layout-flex\">\n<div class=\"wp-block-column is-layout-flow wp-block-column-is-layout-flow\" style=\"flex-basis:20%\"><\/div>\n\n\n\n<div class=\"wp-block-column is-layout-flow wp-block-column-is-layout-flow\" style=\"flex-basis:60%\">\n<figure class=\"wp-block-table meinetabellen\"><table><tbody><tr><td><strong>Title:<\/strong><\/td><td>Grimmingmandl<\/td><\/tr><tr><td><strong>Material<\/strong>:<\/td><td>Photo canvas<\/td><\/tr><tr><td><strong>Size:<\/strong><\/td><td>ca. 30 cm x 36 cm<\/td><\/tr><tr><td><strong>Price:<\/strong><\/td><td>\u20ac 125,00,-<\/td><\/tr><\/tbody><\/table><\/figure>\n<\/div>\n\n\n\n<div class=\"wp-block-column is-layout-flow wp-block-column-is-layout-flow\" style=\"flex-basis:20%\"><\/div>\n<\/div>\n\n\n\n<div class=\"wp-block-group hastdufragen has-background\" style=\"background-color:#ffe7e8\"><div class=\"wp-block-group__inner-container is-layout-constrained wp-block-group-is-layout-constrained\">\n<h2 class=\"wp-block-heading has-text-align-left\">Do you have any questions or are you interested in purchasing one of my artworks? <br><br>Get in touch with me!<\/h2>\n\n\n\n<div class=\"wp-block-buttons is-content-justification-left is-layout-flex wp-container-core-buttons-is-layout-fdcfc74e wp-block-buttons-is-layout-flex\">\n<div class=\"wp-block-button\"><a class=\"wp-block-button__link wp-element-button\" href=\"https:\/\/karinas-art.at\/en\/kontakt\/\">Contact<\/a><\/div>\n<\/div>\n\n\n\n<p><\/p>\n\n\n\n<h2 class=\"wp-block-heading\"><strong>Discover my artworks on Singulart!<\/strong><\/h2>\n\n\n\n<div class=\"wp-block-buttons is-layout-flex wp-block-buttons-is-layout-flex\">\n<div class=\"wp-block-button\"><a class=\"wp-block-button__link wp-element-button\" href=\"https:\/\/www.singulart.com\/de\/k%C3%BCnstler\/karina-schiefer-61055\" target=\"_blank\" rel=\"noreferrer noopener\">Discover artworks<\/a><\/div>\n<\/div>\n<\/div><\/div>","protected":false},"excerpt":{"rendered":"<p>Das Grimmingmandl wird oft als freundlicher, aber auch verschmitzter Berggeist beschrieben. Er begegnet den Menschen in der Umgebung des Berges und hilft ihnen oder spielt ihnen Streiche, je nachdem, wie sie ihm gegen\u00fcber auftreten. Titel: Grimmingmandl Material: Leinwand, Acryl Gr\u00f6\u00dfe: 50 cm x 60 cm Preis: \u20ac 250,00,- Hochwertiger Kunstdruck auf Tr\u00e4gerrahmen Titel: Grimmingmandl Material: Fotoleinwand Gr\u00f6\u00dfe: ca. 30 cm x 36 cm Preis: \u20ac 125,00,-<\/p>","protected":false},"author":2,"featured_media":1835,"parent":0,"menu_order":0,"comment_status":"closed","ping_status":"closed","template":"","meta":{"footnotes":""},"class_list":["post-1892","page","type-page","status-publish","has-post-thumbnail","hentry"],"blocksy_meta":{"styles_descriptor":{"styles":{"desktop":"","tablet":"","mobile":""},"google_fonts":[],"version":5}},"_links":{"self":[{"href":"https:\/\/karinas-art.at\/en\/wp-json\/wp\/v2\/pages\/1892","targetHints":{"allow":["GET"]}}],"collection":[{"href":"https:\/\/karinas-art.at\/en\/wp-json\/wp\/v2\/pages"}],"about":[{"href":"https:\/\/karinas-art.at\/en\/wp-json\/wp\/v2\/types\/page"}],"author":[{"embeddable":true,"href":"https:\/\/karinas-art.at\/en\/wp-json\/wp\/v2\/users\/2"}],"replies":[{"embeddable":true,"href":"https:\/\/karinas-art.at\/en\/wp-json\/wp\/v2\/comments?post=1892"}],"version-history":[{"count":5,"href":"https:\/\/karinas-art.at\/en\/wp-json\/wp\/v2\/pages\/1892\/revisions"}],"predecessor-version":[{"id":2366,"href":"https:\/\/karinas-art.at\/en\/wp-json\/wp\/v2\/pages\/1892\/revisions\/2366"}],"wp:featuredmedia":[{"embeddable":true,"href":"https:\/\/karinas-art.at\/en\/wp-json\/wp\/v2\/media\/1835"}],"wp:attachment":[{"href":"https:\/\/karinas-art.at\/en\/wp-json\/wp\/v2\/media?parent=1892"}],"curies":[{"name":"wp","href":"https:\/\/api.w.org\/{rel}","templated":true}]}}