{"id":1902,"date":"2024-05-04T13:09:49","date_gmt":"2024-05-04T11:09:49","guid":{"rendered":"https:\/\/karinas-art.at\/?page_id=1902"},"modified":"2024-07-12T20:37:35","modified_gmt":"2024-07-12T18:37:35","slug":"kunstwerk-calypso","status":"publish","type":"page","link":"https:\/\/karinas-art.at\/en\/kunstwerk-calypso\/","title":{"rendered":"Artwork Calypso"},"content":{"rendered":"<p>The artwork \"Calypso\" takes the viewer on a surrealist journey into the Greek mythology of the sea goddess Calypso. <\/p>\n\n\n\n<p>In the canvas, Calypso returns to the sea, but instead of the once idyllic world, she finds herself confronted with a disturbing reality: environmental destruction and the impact of humans on nature. <\/p>\n\n\n<div class=\"wp-block-image\">\n<figure class=\"aligncenter size-large\"><img loading=\"lazy\" decoding=\"async\" width=\"1024\" height=\"804\" src=\"https:\/\/karinas-art.at\/wp-content\/uploads\/2024\/05\/calypso-1024x804.webp\" alt=\"Es geht in diesem Werk auf surrealistische Weise um die griechische Mythologie von der Meeresg\u00f6ttin Calypso. Sie wurde auf das Land verbannt und kehrt im Bild zur\u00fcck ins Meer, wo sie sich wegen des vielen M\u00fclls erschreckt.\" class=\"wp-image-1877\" srcset=\"https:\/\/karinas-art.at\/wp-content\/uploads\/2024\/05\/calypso-1024x804.webp 1024w, https:\/\/karinas-art.at\/wp-content\/uploads\/2024\/05\/calypso-300x236.webp 300w, https:\/\/karinas-art.at\/wp-content\/uploads\/2024\/05\/calypso-768x603.webp 768w, https:\/\/karinas-art.at\/wp-content\/uploads\/2024\/05\/calypso-15x12.webp 15w, https:\/\/karinas-art.at\/wp-content\/uploads\/2024\/05\/calypso.webp 1280w\" sizes=\"auto, (max-width: 1024px) 100vw, 1024px\" \/><\/figure><\/div>\n\n\n<figure class=\"wp-block-gallery aligncenter has-nested-images columns-default is-cropped wp-block-gallery-1 is-layout-flex wp-block-gallery-is-layout-flex\">\n<figure class=\"wp-block-image size-large\"><a href=\"https:\/\/karinas-art.at\/wp-content\/uploads\/2024\/05\/calypso.webp\"><img loading=\"lazy\" decoding=\"async\" width=\"1024\" height=\"804\" data-id=\"1877\" src=\"https:\/\/karinas-art.at\/wp-content\/uploads\/2024\/05\/calypso-1024x804.webp\" alt=\"Es geht in diesem Werk auf surrealistische Weise um die griechische Mythologie von der Meeresg\u00f6ttin Calypso. Sie wurde auf das Land verbannt und kehrt im Bild zur\u00fcck ins Meer, wo sie sich wegen des vielen M\u00fclls erschreckt.\" class=\"wp-image-1877\" srcset=\"https:\/\/karinas-art.at\/wp-content\/uploads\/2024\/05\/calypso-1024x804.webp 1024w, https:\/\/karinas-art.at\/wp-content\/uploads\/2024\/05\/calypso-300x236.webp 300w, https:\/\/karinas-art.at\/wp-content\/uploads\/2024\/05\/calypso-768x603.webp 768w, https:\/\/karinas-art.at\/wp-content\/uploads\/2024\/05\/calypso-15x12.webp 15w, https:\/\/karinas-art.at\/wp-content\/uploads\/2024\/05\/calypso.webp 1280w\" sizes=\"auto, (max-width: 1024px) 100vw, 1024px\" \/><\/a><\/figure>\n\n\n\n<figure class=\"wp-block-image size-large\"><a href=\"https:\/\/karinas-art.at\/wp-content\/uploads\/2024\/05\/calypso-01.webp\"><img loading=\"lazy\" decoding=\"async\" width=\"1024\" height=\"674\" data-id=\"1878\" src=\"https:\/\/karinas-art.at\/wp-content\/uploads\/2024\/05\/calypso-01-1024x674.webp\" alt=\"Es geht in diesem Werk auf surrealistische Weise um die griechische Mythologie von der Meeresg\u00f6ttin Calypso. Sie wurde auf das Land verbannt und kehrt im Bild zur\u00fcck ins Meer, wo sie sich wegen des vielen M\u00fclls erschreckt.\" class=\"wp-image-1878\" srcset=\"https:\/\/karinas-art.at\/wp-content\/uploads\/2024\/05\/calypso-01-1024x674.webp 1024w, https:\/\/karinas-art.at\/wp-content\/uploads\/2024\/05\/calypso-01-300x197.webp 300w, https:\/\/karinas-art.at\/wp-content\/uploads\/2024\/05\/calypso-01-768x505.webp 768w, https:\/\/karinas-art.at\/wp-content\/uploads\/2024\/05\/calypso-01-18x12.webp 18w, https:\/\/karinas-art.at\/wp-content\/uploads\/2024\/05\/calypso-01.webp 1280w\" sizes=\"auto, (max-width: 1024px) 100vw, 1024px\" \/><\/a><\/figure>\n\n\n\n<figure class=\"wp-block-image size-large\"><a href=\"https:\/\/karinas-art.at\/wp-content\/uploads\/2024\/05\/calypso-02.webp\"><img loading=\"lazy\" decoding=\"async\" width=\"1024\" height=\"698\" data-id=\"1879\" src=\"https:\/\/karinas-art.at\/wp-content\/uploads\/2024\/05\/calypso-02-1024x698.webp\" alt=\"Es geht in diesem Werk auf surrealistische Weise um die griechische Mythologie von der Meeresg\u00f6ttin Calypso. Sie wurde auf das Land verbannt und kehrt im Bild zur\u00fcck ins Meer, wo sie sich wegen des vielen M\u00fclls erschreckt.\" class=\"wp-image-1879\" srcset=\"https:\/\/karinas-art.at\/wp-content\/uploads\/2024\/05\/calypso-02-1024x698.webp 1024w, https:\/\/karinas-art.at\/wp-content\/uploads\/2024\/05\/calypso-02-300x204.webp 300w, https:\/\/karinas-art.at\/wp-content\/uploads\/2024\/05\/calypso-02-768x523.webp 768w, https:\/\/karinas-art.at\/wp-content\/uploads\/2024\/05\/calypso-02-18x12.webp 18w, https:\/\/karinas-art.at\/wp-content\/uploads\/2024\/05\/calypso-02.webp 1280w\" sizes=\"auto, (max-width: 1024px) 100vw, 1024px\" \/><\/a><\/figure>\n\n\n\n<figure class=\"wp-block-image size-large\"><a href=\"https:\/\/karinas-art.at\/wp-content\/uploads\/2024\/05\/calypso-03.webp\"><img loading=\"lazy\" decoding=\"async\" width=\"1024\" height=\"694\" data-id=\"1880\" src=\"https:\/\/karinas-art.at\/wp-content\/uploads\/2024\/05\/calypso-03-1024x694.webp\" alt=\"Es geht in diesem Werk auf surrealistische Weise um die griechische Mythologie von der Meeresg\u00f6ttin Calypso. Sie wurde auf das Land verbannt und kehrt im Bild zur\u00fcck ins Meer, wo sie sich wegen des vielen M\u00fclls erschreckt.\" class=\"wp-image-1880\" srcset=\"https:\/\/karinas-art.at\/wp-content\/uploads\/2024\/05\/calypso-03-1024x694.webp 1024w, https:\/\/karinas-art.at\/wp-content\/uploads\/2024\/05\/calypso-03-300x203.webp 300w, https:\/\/karinas-art.at\/wp-content\/uploads\/2024\/05\/calypso-03-768x520.webp 768w, https:\/\/karinas-art.at\/wp-content\/uploads\/2024\/05\/calypso-03-18x12.webp 18w, https:\/\/karinas-art.at\/wp-content\/uploads\/2024\/05\/calypso-03.webp 1280w\" sizes=\"auto, (max-width: 1024px) 100vw, 1024px\" \/><\/a><\/figure>\n\n\n\n<figure class=\"wp-block-image size-large\"><a href=\"https:\/\/karinas-art.at\/wp-content\/uploads\/2024\/05\/calypso-04.webp\"><img loading=\"lazy\" decoding=\"async\" width=\"1024\" height=\"682\" data-id=\"1881\" src=\"https:\/\/karinas-art.at\/wp-content\/uploads\/2024\/05\/calypso-04-1024x682.webp\" alt=\"Es geht in diesem Werk auf surrealistische Weise um die griechische Mythologie von der Meeresg\u00f6ttin Calypso. Sie wurde auf das Land verbannt und kehrt im Bild zur\u00fcck ins Meer, wo sie sich wegen des vielen M\u00fclls erschreckt.\" class=\"wp-image-1881\" srcset=\"https:\/\/karinas-art.at\/wp-content\/uploads\/2024\/05\/calypso-04-1024x682.webp 1024w, https:\/\/karinas-art.at\/wp-content\/uploads\/2024\/05\/calypso-04-300x200.webp 300w, https:\/\/karinas-art.at\/wp-content\/uploads\/2024\/05\/calypso-04-768x512.webp 768w, https:\/\/karinas-art.at\/wp-content\/uploads\/2024\/05\/calypso-04-18x12.webp 18w, https:\/\/karinas-art.at\/wp-content\/uploads\/2024\/05\/calypso-04.webp 1280w\" sizes=\"auto, (max-width: 1024px) 100vw, 1024px\" \/><\/a><\/figure>\n\n\n\n<figure class=\"wp-block-image size-large\"><a href=\"https:\/\/karinas-art.at\/wp-content\/uploads\/2024\/05\/calypso-05.webp\"><img loading=\"lazy\" decoding=\"async\" width=\"1024\" height=\"688\" data-id=\"1882\" src=\"https:\/\/karinas-art.at\/wp-content\/uploads\/2024\/05\/calypso-05-1024x688.webp\" alt=\"Es geht in diesem Werk auf surrealistische Weise um die griechische Mythologie von der Meeresg\u00f6ttin Calypso. Sie wurde auf das Land verbannt und kehrt im Bild zur\u00fcck ins Meer, wo sie sich wegen des vielen M\u00fclls erschreckt.\" class=\"wp-image-1882\" srcset=\"https:\/\/karinas-art.at\/wp-content\/uploads\/2024\/05\/calypso-05-1024x688.webp 1024w, https:\/\/karinas-art.at\/wp-content\/uploads\/2024\/05\/calypso-05-300x202.webp 300w, https:\/\/karinas-art.at\/wp-content\/uploads\/2024\/05\/calypso-05-768x516.webp 768w, https:\/\/karinas-art.at\/wp-content\/uploads\/2024\/05\/calypso-05-18x12.webp 18w, https:\/\/karinas-art.at\/wp-content\/uploads\/2024\/05\/calypso-05.webp 1280w\" sizes=\"auto, (max-width: 1024px) 100vw, 1024px\" \/><\/a><\/figure>\n\n\n\n<figure class=\"wp-block-image size-large\"><a href=\"https:\/\/karinas-art.at\/wp-content\/uploads\/2024\/05\/calypso-06.webp\"><img loading=\"lazy\" decoding=\"async\" width=\"1024\" height=\"682\" data-id=\"1883\" src=\"https:\/\/karinas-art.at\/wp-content\/uploads\/2024\/05\/calypso-06-1024x682.webp\" alt=\"Es geht in diesem Werk auf surrealistische Weise um die griechische Mythologie von der Meeresg\u00f6ttin Calypso. Sie wurde auf das Land verbannt und kehrt im Bild zur\u00fcck ins Meer, wo sie sich wegen des vielen M\u00fclls erschreckt.\" class=\"wp-image-1883\" srcset=\"https:\/\/karinas-art.at\/wp-content\/uploads\/2024\/05\/calypso-06-1024x682.webp 1024w, https:\/\/karinas-art.at\/wp-content\/uploads\/2024\/05\/calypso-06-300x200.webp 300w, https:\/\/karinas-art.at\/wp-content\/uploads\/2024\/05\/calypso-06-768x512.webp 768w, https:\/\/karinas-art.at\/wp-content\/uploads\/2024\/05\/calypso-06-18x12.webp 18w, https:\/\/karinas-art.at\/wp-content\/uploads\/2024\/05\/calypso-06.webp 1280w\" sizes=\"auto, (max-width: 1024px) 100vw, 1024px\" \/><\/a><\/figure>\n<\/figure>\n\n\n\n<p>Bees and forests are dwindling, while an octopus hides amidst plastic, and in the background, an airplane symbolizes pollution.<\/p>\n\n\n\n<p>Particularly noteworthy are Calypso's hair, which consists of an octopus \u2014 a sign of her highly intelligent nature and at the same time a metaphorical representation of the connection between the goddess and the sea creatures. <\/p>\n\n\n\n<p>Her gaze is marked by despair in the face of the destructive forces threatening the sea: radioactive barrels, drifting icebergs, and birds consuming plastic are just a few symbols of humanity's disregard for nature.<\/p>\n\n\n\n<h2 class=\"wp-block-heading\">Original on wooden stretcher frame including signature and certificate<\/h2>\n\n\n\n<div class=\"wp-block-columns is-layout-flex wp-container-core-columns-is-layout-9d6595d7 wp-block-columns-is-layout-flex\">\n<div class=\"wp-block-column is-layout-flow wp-block-column-is-layout-flow\" style=\"flex-basis:20%\"><\/div>\n\n\n\n<div class=\"wp-block-column is-layout-flow wp-block-column-is-layout-flow\" style=\"flex-basis:60%\">\n<figure class=\"wp-block-table meinetabellen\"><table><tbody><tr><td><strong>Title:<\/strong><\/td><td>Calypso<\/td><\/tr><tr><td><strong>Material<\/strong>:<\/td><td>Canvas, Acrylic<\/td><\/tr><tr><td><strong>Size:<\/strong><\/td><td>140 cm x 110 cm<\/td><\/tr><\/tbody><\/table><\/figure>\n<\/div>\n\n\n\n<div class=\"wp-block-column is-layout-flow wp-block-column-is-layout-flow\" style=\"flex-basis:20%\"><\/div>\n<\/div>\n\n\n\n<div class=\"wp-block-buttons is-layout-flex wp-block-buttons-is-layout-flex\">\n<div class=\"wp-block-button aligncenter\"><a class=\"wp-block-button__link wp-element-button\" href=\"https:\/\/www.singulart.com\/de\/kunstwerke\/karina-schiefer-calypso-2072733\" target=\"_blank\" rel=\"noreferrer noopener\">Buy now<\/a><\/div>\n<\/div>\n\n\n\n<h2 class=\"wp-block-heading\">High-quality art print on stretcher frame<\/h2>\n\n\n\n<div class=\"wp-block-columns is-layout-flex wp-container-core-columns-is-layout-9d6595d7 wp-block-columns-is-layout-flex\">\n<div class=\"wp-block-column is-layout-flow wp-block-column-is-layout-flow\" style=\"flex-basis:20%\"><\/div>\n\n\n\n<div class=\"wp-block-column is-layout-flow wp-block-column-is-layout-flow\" style=\"flex-basis:60%\">\n<figure class=\"wp-block-table meinetabellen\"><table><tbody><tr><td><strong>Title:<\/strong><\/td><td>Calypso<\/td><\/tr><tr><td><strong>Material<\/strong>:<\/td><td>Photo canvas<\/td><\/tr><tr><td><strong>Size:<\/strong><\/td><td>ca. 60 cm x 40 cm<\/td><\/tr><tr><td><strong>Price:<\/strong><\/td><td>\u20ac 300,00,-<\/td><\/tr><\/tbody><\/table><\/figure>\n<\/div>\n\n\n\n<div class=\"wp-block-column is-layout-flow wp-block-column-is-layout-flow\" style=\"flex-basis:20%\"><\/div>\n<\/div>\n\n\n\n<p><strong>The art print is also available in smaller sizes!<\/strong><\/p>\n\n\n\n<div class=\"wp-block-group hastdufragen has-background\" style=\"background-color:#ffe7e8\"><div class=\"wp-block-group__inner-container is-layout-constrained wp-block-group-is-layout-constrained\">\n<h2 class=\"wp-block-heading has-text-align-left\">Do you have any questions or are you interested in purchasing one of my artworks? <br><br>Get in touch with me!<\/h2>\n\n\n\n<div class=\"wp-block-buttons is-content-justification-left is-layout-flex wp-container-core-buttons-is-layout-fdcfc74e wp-block-buttons-is-layout-flex\">\n<div class=\"wp-block-button\"><a class=\"wp-block-button__link wp-element-button\" href=\"https:\/\/karinas-art.at\/en\/kontakt\/\">Contact<\/a><\/div>\n<\/div>\n\n\n\n<p><\/p>\n\n\n\n<h2 class=\"wp-block-heading\"><strong>Discover my artworks on Singulart!<\/strong><\/h2>\n\n\n\n<div class=\"wp-block-buttons is-layout-flex wp-block-buttons-is-layout-flex\">\n<div class=\"wp-block-button\"><a class=\"wp-block-button__link wp-element-button\" href=\"https:\/\/www.singulart.com\/de\/k%C3%BCnstler\/karina-schiefer-61055\" target=\"_blank\" rel=\"noreferrer noopener\">Discover artworks<\/a><\/div>\n<\/div>\n<\/div><\/div>","protected":false},"excerpt":{"rendered":"<p>Das Kunstwerk &#8222;Calypso&#8220; entf\u00fchrt den Betrachter auf eine surrealistische Reise in die griechische Mythologie der Meeresg\u00f6ttin Calypso. Auf der Leinwand kehrt Calypso zur\u00fcck ins Meer, doch statt der einst idyllischen Welt findet sie sich mit einer erschreckenden Realit\u00e4t konfrontiert: Umweltzerst\u00f6rung und die Auswirkungen des Menschen auf die Natur. Bienen und W\u00e4lder schwinden, w\u00e4hrend eine Krake sich in Plastik versteckt und im Hintergrund ein Flugzeug die Verschmutzung symbolisiert. Besonders bemerkenswert sind die Haare von Calypso, die aus einer Krake bestehen &#8211; ein Zeichen ihrer hochintelligenten Natur und zugleich eine metaphorische Darstellung der Verbindung zwischen der G\u00f6ttin und den Meeresbewohnern. Ihr Blick\u2026<\/p>","protected":false},"author":2,"featured_media":1877,"parent":0,"menu_order":0,"comment_status":"closed","ping_status":"closed","template":"","meta":{"footnotes":""},"class_list":["post-1902","page","type-page","status-publish","has-post-thumbnail","hentry"],"blocksy_meta":{"styles_descriptor":{"styles":{"desktop":"","tablet":"","mobile":""},"google_fonts":[],"version":5}},"_links":{"self":[{"href":"https:\/\/karinas-art.at\/en\/wp-json\/wp\/v2\/pages\/1902","targetHints":{"allow":["GET"]}}],"collection":[{"href":"https:\/\/karinas-art.at\/en\/wp-json\/wp\/v2\/pages"}],"about":[{"href":"https:\/\/karinas-art.at\/en\/wp-json\/wp\/v2\/types\/page"}],"author":[{"embeddable":true,"href":"https:\/\/karinas-art.at\/en\/wp-json\/wp\/v2\/users\/2"}],"replies":[{"embeddable":true,"href":"https:\/\/karinas-art.at\/en\/wp-json\/wp\/v2\/comments?post=1902"}],"version-history":[{"count":14,"href":"https:\/\/karinas-art.at\/en\/wp-json\/wp\/v2\/pages\/1902\/revisions"}],"predecessor-version":[{"id":2488,"href":"https:\/\/karinas-art.at\/en\/wp-json\/wp\/v2\/pages\/1902\/revisions\/2488"}],"wp:featuredmedia":[{"embeddable":true,"href":"https:\/\/karinas-art.at\/en\/wp-json\/wp\/v2\/media\/1877"}],"wp:attachment":[{"href":"https:\/\/karinas-art.at\/en\/wp-json\/wp\/v2\/media?parent=1902"}],"curies":[{"name":"wp","href":"https:\/\/api.w.org\/{rel}","templated":true}]}}