{"id":1907,"date":"2024-05-04T13:16:28","date_gmt":"2024-05-04T11:16:28","guid":{"rendered":"https:\/\/karinas-art.at\/?page_id=1907"},"modified":"2024-07-01T16:17:14","modified_gmt":"2024-07-01T14:17:14","slug":"kunstwerk-das-brauchtum","status":"publish","type":"page","link":"https:\/\/karinas-art.at\/en\/kunstwerk-das-brauchtum\/","title":{"rendered":"Artwork THE Tradition"},"content":{"rendered":"<p>The artwork depicts the preservation of tradition in the Ausseerland. Two men in traditional attire are playing Paschen while a young woman in traditional dress dances. In the background, mountains, a Maypole, and cows grazing in a meadow are visible.<\/p>\n\n\n<div class=\"wp-block-image\">\n<figure class=\"aligncenter size-large\"><img loading=\"lazy\" decoding=\"async\" width=\"693\" height=\"1024\" src=\"https:\/\/karinas-art.at\/wp-content\/uploads\/2024\/05\/der-brauchtum-693x1024.webp\" alt=\"Das Werk zeigt Brauchtumspflege im Ausseerland. Zwei M\u00e4nner in Tracht paschen, w\u00e4hrend eine junge Frau in Tracht tanzt. Im Hintergrund sind Berge, ein Maibaum und K\u00fche auf einer Wiese zu sehen.\" class=\"wp-image-1866\" srcset=\"https:\/\/karinas-art.at\/wp-content\/uploads\/2024\/05\/der-brauchtum-693x1024.webp 693w, https:\/\/karinas-art.at\/wp-content\/uploads\/2024\/05\/der-brauchtum-203x300.webp 203w, https:\/\/karinas-art.at\/wp-content\/uploads\/2024\/05\/der-brauchtum-768x1135.webp 768w, https:\/\/karinas-art.at\/wp-content\/uploads\/2024\/05\/der-brauchtum-1040x1536.webp 1040w, https:\/\/karinas-art.at\/wp-content\/uploads\/2024\/05\/der-brauchtum-8x12.webp 8w, https:\/\/karinas-art.at\/wp-content\/uploads\/2024\/05\/der-brauchtum.webp 1280w\" sizes=\"auto, (max-width: 693px) 100vw, 693px\" \/><\/figure><\/div>\n\n\n<figure class=\"wp-block-gallery aligncenter has-nested-images columns-default is-cropped wp-block-gallery-1 is-layout-flex wp-block-gallery-is-layout-flex\">\n<figure class=\"wp-block-image size-large\"><a href=\"https:\/\/karinas-art.at\/wp-content\/uploads\/2024\/05\/der-brauchtum.webp\"><img loading=\"lazy\" decoding=\"async\" width=\"693\" height=\"1024\" data-id=\"1866\" src=\"https:\/\/karinas-art.at\/wp-content\/uploads\/2024\/05\/der-brauchtum-693x1024.webp\" alt=\"Das Werk zeigt Brauchtumspflege im Ausseerland. Zwei M\u00e4nner in Tracht paschen, w\u00e4hrend eine junge Frau in Tracht tanzt. Im Hintergrund sind Berge, ein Maibaum und K\u00fche auf einer Wiese zu sehen.\" class=\"wp-image-1866\" srcset=\"https:\/\/karinas-art.at\/wp-content\/uploads\/2024\/05\/der-brauchtum-693x1024.webp 693w, https:\/\/karinas-art.at\/wp-content\/uploads\/2024\/05\/der-brauchtum-203x300.webp 203w, https:\/\/karinas-art.at\/wp-content\/uploads\/2024\/05\/der-brauchtum-768x1135.webp 768w, https:\/\/karinas-art.at\/wp-content\/uploads\/2024\/05\/der-brauchtum-1040x1536.webp 1040w, https:\/\/karinas-art.at\/wp-content\/uploads\/2024\/05\/der-brauchtum-8x12.webp 8w, https:\/\/karinas-art.at\/wp-content\/uploads\/2024\/05\/der-brauchtum.webp 1280w\" sizes=\"auto, (max-width: 693px) 100vw, 693px\" \/><\/a><\/figure>\n\n\n\n<figure class=\"wp-block-image size-large\"><a href=\"https:\/\/karinas-art.at\/wp-content\/uploads\/2024\/05\/der-brauchtum-01.webp\"><img loading=\"lazy\" decoding=\"async\" width=\"1024\" height=\"929\" data-id=\"1867\" src=\"https:\/\/karinas-art.at\/wp-content\/uploads\/2024\/05\/der-brauchtum-01-1024x929.webp\" alt=\"Das Werk zeigt Brauchtumspflege im Ausseerland. Zwei M\u00e4nner in Tracht paschen, w\u00e4hrend eine junge Frau in Tracht tanzt. Im Hintergrund sind Berge, ein Maibaum und K\u00fche auf einer Wiese zu sehen.\" class=\"wp-image-1867\" srcset=\"https:\/\/karinas-art.at\/wp-content\/uploads\/2024\/05\/der-brauchtum-01-1024x929.webp 1024w, https:\/\/karinas-art.at\/wp-content\/uploads\/2024\/05\/der-brauchtum-01-300x272.webp 300w, https:\/\/karinas-art.at\/wp-content\/uploads\/2024\/05\/der-brauchtum-01-768x697.webp 768w, https:\/\/karinas-art.at\/wp-content\/uploads\/2024\/05\/der-brauchtum-01-13x12.webp 13w, https:\/\/karinas-art.at\/wp-content\/uploads\/2024\/05\/der-brauchtum-01.webp 1280w\" sizes=\"auto, (max-width: 1024px) 100vw, 1024px\" \/><\/a><\/figure>\n\n\n\n<figure class=\"wp-block-image size-large\"><a href=\"https:\/\/karinas-art.at\/wp-content\/uploads\/2024\/05\/der-brauchtum-02.webp\"><img loading=\"lazy\" decoding=\"async\" width=\"1024\" height=\"956\" data-id=\"1868\" src=\"https:\/\/karinas-art.at\/wp-content\/uploads\/2024\/05\/der-brauchtum-02-1024x956.webp\" alt=\"Das Werk zeigt Brauchtumspflege im Ausseerland. Zwei M\u00e4nner in Tracht paschen, w\u00e4hrend eine junge Frau in Tracht tanzt. Im Hintergrund sind Berge, ein Maibaum und K\u00fche auf einer Wiese zu sehen.\" class=\"wp-image-1868\" srcset=\"https:\/\/karinas-art.at\/wp-content\/uploads\/2024\/05\/der-brauchtum-02-1024x956.webp 1024w, https:\/\/karinas-art.at\/wp-content\/uploads\/2024\/05\/der-brauchtum-02-300x280.webp 300w, https:\/\/karinas-art.at\/wp-content\/uploads\/2024\/05\/der-brauchtum-02-768x717.webp 768w, https:\/\/karinas-art.at\/wp-content\/uploads\/2024\/05\/der-brauchtum-02-13x12.webp 13w, https:\/\/karinas-art.at\/wp-content\/uploads\/2024\/05\/der-brauchtum-02.webp 1280w\" sizes=\"auto, (max-width: 1024px) 100vw, 1024px\" \/><\/a><\/figure>\n<\/figure>\n\n\n\n<h2 class=\"wp-block-heading\">Original on wooden stretcher frame including signature and certificate<\/h2>\n\n\n\n<div class=\"wp-block-columns is-layout-flex wp-container-core-columns-is-layout-9d6595d7 wp-block-columns-is-layout-flex\">\n<div class=\"wp-block-column is-layout-flow wp-block-column-is-layout-flow\" style=\"flex-basis:20%\"><\/div>\n\n\n\n<div class=\"wp-block-column is-layout-flow wp-block-column-is-layout-flow\" style=\"flex-basis:60%\">\n<figure class=\"wp-block-table meinetabellen\"><table><tbody><tr><td><strong>Title:<\/strong><\/td><td>The Tradition<\/td><\/tr><tr><td><strong>Material<\/strong>:<\/td><td>Canvas, Acrylic<\/td><\/tr><tr><td><strong>Size:<\/strong><\/td><td>90 cm x 130 cm<\/td><\/tr><tr><td><strong>Price:<\/strong><\/td><td>\u20ac 950,00,-<\/td><\/tr><\/tbody><\/table><\/figure>\n<\/div>\n\n\n\n<div class=\"wp-block-column is-layout-flow wp-block-column-is-layout-flow\" style=\"flex-basis:20%\"><\/div>\n<\/div>\n\n\n\n<h2 class=\"wp-block-heading\">High-quality art print on stretcher frame<\/h2>\n\n\n\n<div class=\"wp-block-columns is-layout-flex wp-container-core-columns-is-layout-9d6595d7 wp-block-columns-is-layout-flex\">\n<div class=\"wp-block-column is-layout-flow wp-block-column-is-layout-flow\" style=\"flex-basis:20%\"><\/div>\n\n\n\n<div class=\"wp-block-column is-layout-flow wp-block-column-is-layout-flow\" style=\"flex-basis:60%\">\n<figure class=\"wp-block-table meinetabellen\"><table><tbody><tr><td><strong>Title:<\/strong><\/td><td>The Tradition<\/td><\/tr><tr><td><strong>Material<\/strong>:<\/td><td>Photo canvas<\/td><\/tr><tr><td><strong>Size:<\/strong><\/td><td>ca. 30 cm x 44 cm<\/td><\/tr><tr><td><strong>Price:<\/strong><\/td><td>\u20ac 150,00,-<\/td><\/tr><\/tbody><\/table><\/figure>\n<\/div>\n\n\n\n<div class=\"wp-block-column is-layout-flow wp-block-column-is-layout-flow\" style=\"flex-basis:20%\"><\/div>\n<\/div>\n\n\n\n<div class=\"wp-block-group hastdufragen has-background\" style=\"background-color:#ffe7e8\"><div class=\"wp-block-group__inner-container is-layout-constrained wp-block-group-is-layout-constrained\">\n<h2 class=\"wp-block-heading has-text-align-left\">Do you have any questions or are you interested in purchasing one of my artworks? <br><br>Get in touch with me!<\/h2>\n\n\n\n<div class=\"wp-block-buttons is-content-justification-left is-layout-flex wp-container-core-buttons-is-layout-fdcfc74e wp-block-buttons-is-layout-flex\">\n<div class=\"wp-block-button\"><a class=\"wp-block-button__link wp-element-button\" href=\"https:\/\/karinas-art.at\/en\/kontakt\/\">Contact<\/a><\/div>\n<\/div>\n\n\n\n<p><\/p>\n\n\n\n<h2 class=\"wp-block-heading\"><strong>Discover my artworks on Singulart!<\/strong><\/h2>\n\n\n\n<div class=\"wp-block-buttons is-layout-flex wp-block-buttons-is-layout-flex\">\n<div class=\"wp-block-button\"><a class=\"wp-block-button__link wp-element-button\" href=\"https:\/\/www.singulart.com\/de\/k%C3%BCnstler\/karina-schiefer-61055\" target=\"_blank\" rel=\"noreferrer noopener\">Discover artworks<\/a><\/div>\n<\/div>\n<\/div><\/div>","protected":false},"excerpt":{"rendered":"<p>Das Werk zeigt Brauchtumspflege im Ausseerland. Zwei M\u00e4nner in Tracht paschen, w\u00e4hrend eine junge Frau in Tracht tanzt. Im Hintergrund sind Berge, ein Maibaum und K\u00fche auf einer Wiese zu sehen. Titel: Das Brauchtum Material: Leinwand, Acryl Gr\u00f6\u00dfe: 90 cm x 130 cm Preis: \u20ac 950,00,- Hochwertiger Kunstdruck auf Tr\u00e4gerrahmen Titel: Das Brauchtum Material: Fotoleinwand Gr\u00f6\u00dfe: ca. 30 cm x 44 cm Preis: \u20ac 150,00,-<\/p>","protected":false},"author":2,"featured_media":1866,"parent":0,"menu_order":0,"comment_status":"closed","ping_status":"closed","template":"","meta":{"footnotes":""},"class_list":["post-1907","page","type-page","status-publish","has-post-thumbnail","hentry"],"blocksy_meta":{"styles_descriptor":{"styles":{"desktop":"","tablet":"","mobile":""},"google_fonts":[],"version":5}},"_links":{"self":[{"href":"https:\/\/karinas-art.at\/en\/wp-json\/wp\/v2\/pages\/1907","targetHints":{"allow":["GET"]}}],"collection":[{"href":"https:\/\/karinas-art.at\/en\/wp-json\/wp\/v2\/pages"}],"about":[{"href":"https:\/\/karinas-art.at\/en\/wp-json\/wp\/v2\/types\/page"}],"author":[{"embeddable":true,"href":"https:\/\/karinas-art.at\/en\/wp-json\/wp\/v2\/users\/2"}],"replies":[{"embeddable":true,"href":"https:\/\/karinas-art.at\/en\/wp-json\/wp\/v2\/comments?post=1907"}],"version-history":[{"count":7,"href":"https:\/\/karinas-art.at\/en\/wp-json\/wp\/v2\/pages\/1907\/revisions"}],"predecessor-version":[{"id":2382,"href":"https:\/\/karinas-art.at\/en\/wp-json\/wp\/v2\/pages\/1907\/revisions\/2382"}],"wp:featuredmedia":[{"embeddable":true,"href":"https:\/\/karinas-art.at\/en\/wp-json\/wp\/v2\/media\/1866"}],"wp:attachment":[{"href":"https:\/\/karinas-art.at\/en\/wp-json\/wp\/v2\/media?parent=1907"}],"curies":[{"name":"wp","href":"https:\/\/api.w.org\/{rel}","templated":true}]}}