{"id":1918,"date":"2024-05-04T13:32:41","date_gmt":"2024-05-04T11:32:41","guid":{"rendered":"https:\/\/karinas-art.at\/?page_id=1918"},"modified":"2024-07-02T20:49:43","modified_gmt":"2024-07-02T18:49:43","slug":"kunstwerk-die-feen","status":"publish","type":"page","link":"https:\/\/karinas-art.at\/en\/kunstwerk-die-feen\/","title":{"rendered":"Artwork The Fairies"},"content":{"rendered":"<p>This artwork explores the concept of small helpers for the animal world that are invisible to humans.<\/p>\n\n\n<div class=\"wp-block-image\">\n<figure class=\"aligncenter size-large\"><img loading=\"lazy\" decoding=\"async\" width=\"815\" height=\"1024\" src=\"https:\/\/karinas-art.at\/wp-content\/uploads\/2024\/05\/die-feen-815x1024.webp\" alt=\"Es geht in diesem Werk um kleine Helfer f\u00fcr die Tierwelt, die der Mensch nicht sehen kann.\" class=\"wp-image-1876\" srcset=\"https:\/\/karinas-art.at\/wp-content\/uploads\/2024\/05\/die-feen-815x1024.webp 815w, https:\/\/karinas-art.at\/wp-content\/uploads\/2024\/05\/die-feen-239x300.webp 239w, https:\/\/karinas-art.at\/wp-content\/uploads\/2024\/05\/die-feen-768x965.webp 768w, https:\/\/karinas-art.at\/wp-content\/uploads\/2024\/05\/die-feen-1222x1536.webp 1222w, https:\/\/karinas-art.at\/wp-content\/uploads\/2024\/05\/die-feen-10x12.webp 10w, https:\/\/karinas-art.at\/wp-content\/uploads\/2024\/05\/die-feen.webp 1280w\" sizes=\"auto, (max-width: 815px) 100vw, 815px\" \/><\/figure><\/div>\n\n\n<h2 class=\"wp-block-heading\">Original on wooden stretcher frame including signature and certificate<\/h2>\n\n\n\n<div class=\"wp-block-columns is-layout-flex wp-container-core-columns-is-layout-9d6595d7 wp-block-columns-is-layout-flex\">\n<div class=\"wp-block-column is-layout-flow wp-block-column-is-layout-flow\" style=\"flex-basis:20%\"><\/div>\n\n\n\n<div class=\"wp-block-column is-layout-flow wp-block-column-is-layout-flow\" style=\"flex-basis:60%\">\n<figure class=\"wp-block-table meinetabellen\"><table><tbody><tr><td><strong>Title:<\/strong><\/td><td>The Fairies<\/td><\/tr><tr><td><strong>Material<\/strong>:<\/td><td>Canvas, Acrylic<\/td><\/tr><tr><td><strong>Size:<\/strong><\/td><td>40 cm x 50 cm<\/td><\/tr><tr><td><strong>Price:<\/strong><\/td><td>\u20ac 200,00,-<\/td><\/tr><\/tbody><\/table><\/figure>\n<\/div>\n\n\n\n<div class=\"wp-block-column is-layout-flow wp-block-column-is-layout-flow\" style=\"flex-basis:20%\"><\/div>\n<\/div>\n\n\n\n<h2 class=\"wp-block-heading\">High-quality art print on stretcher frame<\/h2>\n\n\n\n<div class=\"wp-block-columns is-layout-flex wp-container-core-columns-is-layout-9d6595d7 wp-block-columns-is-layout-flex\">\n<div class=\"wp-block-column is-layout-flow wp-block-column-is-layout-flow\" style=\"flex-basis:20%\"><\/div>\n\n\n\n<div class=\"wp-block-column is-layout-flow wp-block-column-is-layout-flow\" style=\"flex-basis:60%\">\n<figure class=\"wp-block-table meinetabellen\"><table><tbody><tr><td><strong>Title:<\/strong><\/td><td>The Fairies<\/td><\/tr><tr><td><strong>Material<\/strong>:<\/td><td>Photo canvas<\/td><\/tr><tr><td><strong>Size:<\/strong><\/td><td>ca. 30 cm x 37 cm<\/td><\/tr><tr><td><strong>Price:<\/strong><\/td><td>\u20ac 130,00,-<\/td><\/tr><\/tbody><\/table><\/figure>\n<\/div>\n\n\n\n<div class=\"wp-block-column is-layout-flow wp-block-column-is-layout-flow\" style=\"flex-basis:20%\"><\/div>\n<\/div>\n\n\n\n<div class=\"wp-block-group hastdufragen has-background\" style=\"background-color:#ffe7e8\"><div class=\"wp-block-group__inner-container is-layout-constrained wp-block-group-is-layout-constrained\">\n<h2 class=\"wp-block-heading has-text-align-left\">Do you have any questions or are you interested in purchasing one of my artworks? <br><br>Get in touch with me!<\/h2>\n\n\n\n<div class=\"wp-block-buttons is-content-justification-left is-layout-flex wp-container-core-buttons-is-layout-fdcfc74e wp-block-buttons-is-layout-flex\">\n<div class=\"wp-block-button\"><a class=\"wp-block-button__link wp-element-button\" href=\"https:\/\/karinas-art.at\/en\/kontakt\/\">Contact<\/a><\/div>\n<\/div>\n\n\n\n<p><\/p>\n\n\n\n<h2 class=\"wp-block-heading\"><strong>Discover my artworks on Singulart!<\/strong><\/h2>\n\n\n\n<div class=\"wp-block-buttons is-layout-flex wp-block-buttons-is-layout-flex\">\n<div class=\"wp-block-button\"><a class=\"wp-block-button__link wp-element-button\" href=\"https:\/\/www.singulart.com\/de\/k%C3%BCnstler\/karina-schiefer-61055\" target=\"_blank\" rel=\"noreferrer noopener\">Discover artworks<\/a><\/div>\n<\/div>\n<\/div><\/div>","protected":false},"excerpt":{"rendered":"<p>Es geht in diesem Werk um kleine Helfer f\u00fcr die Tierwelt, die der Mensch nicht sehen kann. Titel: Die Feen Material: Leinwand, Acryl Gr\u00f6\u00dfe: 40 cm x 50 cm Preis: \u20ac 200,00,- Hochwertiger Kunstdruck auf Tr\u00e4gerrahmen Titel: Die Feen Material: Fotoleinwand Gr\u00f6\u00dfe: ca. 30 cm x 37 cm Preis: \u20ac 130,00,-<\/p>","protected":false},"author":2,"featured_media":1876,"parent":0,"menu_order":0,"comment_status":"closed","ping_status":"closed","template":"","meta":{"footnotes":""},"class_list":["post-1918","page","type-page","status-publish","has-post-thumbnail","hentry"],"blocksy_meta":{"styles_descriptor":{"styles":{"desktop":"","tablet":"","mobile":""},"google_fonts":[],"version":5}},"_links":{"self":[{"href":"https:\/\/karinas-art.at\/en\/wp-json\/wp\/v2\/pages\/1918","targetHints":{"allow":["GET"]}}],"collection":[{"href":"https:\/\/karinas-art.at\/en\/wp-json\/wp\/v2\/pages"}],"about":[{"href":"https:\/\/karinas-art.at\/en\/wp-json\/wp\/v2\/types\/page"}],"author":[{"embeddable":true,"href":"https:\/\/karinas-art.at\/en\/wp-json\/wp\/v2\/users\/2"}],"replies":[{"embeddable":true,"href":"https:\/\/karinas-art.at\/en\/wp-json\/wp\/v2\/comments?post=1918"}],"version-history":[{"count":6,"href":"https:\/\/karinas-art.at\/en\/wp-json\/wp\/v2\/pages\/1918\/revisions"}],"predecessor-version":[{"id":2427,"href":"https:\/\/karinas-art.at\/en\/wp-json\/wp\/v2\/pages\/1918\/revisions\/2427"}],"wp:featuredmedia":[{"embeddable":true,"href":"https:\/\/karinas-art.at\/en\/wp-json\/wp\/v2\/media\/1876"}],"wp:attachment":[{"href":"https:\/\/karinas-art.at\/en\/wp-json\/wp\/v2\/media?parent=1918"}],"curies":[{"name":"wp","href":"https:\/\/api.w.org\/{rel}","templated":true}]}}