{"id":1928,"date":"2024-05-04T13:59:47","date_gmt":"2024-05-04T11:59:47","guid":{"rendered":"https:\/\/karinas-art.at\/?page_id=1928"},"modified":"2024-07-02T22:41:31","modified_gmt":"2024-07-02T20:41:31","slug":"kunstwerk-die-jagd","status":"publish","type":"page","link":"https:\/\/karinas-art.at\/en\/kunstwerk-die-jagd\/","title":{"rendered":"Artwork The Hunt"},"content":{"rendered":"<p>The painting depicts various animals surrounding a person. However, what remains hidden: Each animal preys on another, and the human consumes them all.<\/p>\n\n\n<div class=\"wp-block-image\">\n<figure class=\"aligncenter size-large\"><img loading=\"lazy\" decoding=\"async\" width=\"795\" height=\"1024\" src=\"https:\/\/karinas-art.at\/wp-content\/uploads\/2024\/05\/die-jagd-795x1024.webp\" alt=\"Das Bild zeigt verschiedene Tiere um eine Person. Was jedoch verborgen bleibt: Jedes Tier frisst einander und der Mensch nimmt sie alle in sich auf.\" class=\"wp-image-1838\" srcset=\"https:\/\/karinas-art.at\/wp-content\/uploads\/2024\/05\/die-jagd-795x1024.webp 795w, https:\/\/karinas-art.at\/wp-content\/uploads\/2024\/05\/die-jagd-233x300.webp 233w, https:\/\/karinas-art.at\/wp-content\/uploads\/2024\/05\/die-jagd-768x989.webp 768w, https:\/\/karinas-art.at\/wp-content\/uploads\/2024\/05\/die-jagd-1192x1536.webp 1192w, https:\/\/karinas-art.at\/wp-content\/uploads\/2024\/05\/die-jagd-9x12.webp 9w, https:\/\/karinas-art.at\/wp-content\/uploads\/2024\/05\/die-jagd.webp 1280w\" sizes=\"auto, (max-width: 795px) 100vw, 795px\" \/><\/figure><\/div>\n\n\n<figure class=\"wp-block-gallery aligncenter has-nested-images columns-default is-cropped wp-block-gallery-1 is-layout-flex wp-block-gallery-is-layout-flex\">\n<figure class=\"wp-block-image size-large\"><a href=\"https:\/\/karinas-art.at\/wp-content\/uploads\/2024\/05\/die-jagd.webp\"><img loading=\"lazy\" decoding=\"async\" width=\"795\" height=\"1024\" data-id=\"1838\" src=\"https:\/\/karinas-art.at\/wp-content\/uploads\/2024\/05\/die-jagd-795x1024.webp\" alt=\"Das Bild zeigt verschiedene Tiere um eine Person. Was jedoch verborgen bleibt: Jedes Tier frisst einander und der Mensch nimmt sie alle in sich auf.\" class=\"wp-image-1838\" srcset=\"https:\/\/karinas-art.at\/wp-content\/uploads\/2024\/05\/die-jagd-795x1024.webp 795w, https:\/\/karinas-art.at\/wp-content\/uploads\/2024\/05\/die-jagd-233x300.webp 233w, https:\/\/karinas-art.at\/wp-content\/uploads\/2024\/05\/die-jagd-768x989.webp 768w, https:\/\/karinas-art.at\/wp-content\/uploads\/2024\/05\/die-jagd-1192x1536.webp 1192w, https:\/\/karinas-art.at\/wp-content\/uploads\/2024\/05\/die-jagd-9x12.webp 9w, https:\/\/karinas-art.at\/wp-content\/uploads\/2024\/05\/die-jagd.webp 1280w\" sizes=\"auto, (max-width: 795px) 100vw, 795px\" \/><\/a><\/figure>\n\n\n\n<figure class=\"wp-block-image size-large\"><a href=\"https:\/\/karinas-art.at\/wp-content\/uploads\/2024\/05\/die-jagd-01.webp\"><img loading=\"lazy\" decoding=\"async\" width=\"1024\" height=\"696\" data-id=\"1839\" src=\"https:\/\/karinas-art.at\/wp-content\/uploads\/2024\/05\/die-jagd-01-1024x696.webp\" alt=\"Das Bild zeigt verschiedene Tiere um eine Person. Was jedoch verborgen bleibt: Jedes Tier frisst einander und der Mensch nimmt sie alle in sich auf.\" class=\"wp-image-1839\" srcset=\"https:\/\/karinas-art.at\/wp-content\/uploads\/2024\/05\/die-jagd-01-1024x696.webp 1024w, https:\/\/karinas-art.at\/wp-content\/uploads\/2024\/05\/die-jagd-01-300x204.webp 300w, https:\/\/karinas-art.at\/wp-content\/uploads\/2024\/05\/die-jagd-01-768x522.webp 768w, https:\/\/karinas-art.at\/wp-content\/uploads\/2024\/05\/die-jagd-01-18x12.webp 18w, https:\/\/karinas-art.at\/wp-content\/uploads\/2024\/05\/die-jagd-01.webp 1280w\" sizes=\"auto, (max-width: 1024px) 100vw, 1024px\" \/><\/a><\/figure>\n\n\n\n<figure class=\"wp-block-image size-large\"><a href=\"https:\/\/karinas-art.at\/wp-content\/uploads\/2024\/05\/die-jagd-02.webp\"><img loading=\"lazy\" decoding=\"async\" width=\"1024\" height=\"703\" data-id=\"1840\" src=\"https:\/\/karinas-art.at\/wp-content\/uploads\/2024\/05\/die-jagd-02-1024x703.webp\" alt=\"Das Bild zeigt verschiedene Tiere um eine Person. Was jedoch verborgen bleibt: Jedes Tier frisst einander und der Mensch nimmt sie alle in sich auf.\" class=\"wp-image-1840\" srcset=\"https:\/\/karinas-art.at\/wp-content\/uploads\/2024\/05\/die-jagd-02-1024x703.webp 1024w, https:\/\/karinas-art.at\/wp-content\/uploads\/2024\/05\/die-jagd-02-300x206.webp 300w, https:\/\/karinas-art.at\/wp-content\/uploads\/2024\/05\/die-jagd-02-768x527.webp 768w, https:\/\/karinas-art.at\/wp-content\/uploads\/2024\/05\/die-jagd-02-18x12.webp 18w, https:\/\/karinas-art.at\/wp-content\/uploads\/2024\/05\/die-jagd-02.webp 1280w\" sizes=\"auto, (max-width: 1024px) 100vw, 1024px\" \/><\/a><\/figure>\n\n\n\n<figure class=\"wp-block-image size-large\"><a href=\"https:\/\/karinas-art.at\/wp-content\/uploads\/2024\/05\/die-jagd-03.webp\"><img loading=\"lazy\" decoding=\"async\" width=\"1024\" height=\"693\" data-id=\"1841\" src=\"https:\/\/karinas-art.at\/wp-content\/uploads\/2024\/05\/die-jagd-03-1024x693.webp\" alt=\"Das Bild zeigt verschiedene Tiere um eine Person. Was jedoch verborgen bleibt: Jedes Tier frisst einander und der Mensch nimmt sie alle in sich auf.\" class=\"wp-image-1841\" srcset=\"https:\/\/karinas-art.at\/wp-content\/uploads\/2024\/05\/die-jagd-03-1024x693.webp 1024w, https:\/\/karinas-art.at\/wp-content\/uploads\/2024\/05\/die-jagd-03-300x203.webp 300w, https:\/\/karinas-art.at\/wp-content\/uploads\/2024\/05\/die-jagd-03-768x520.webp 768w, https:\/\/karinas-art.at\/wp-content\/uploads\/2024\/05\/die-jagd-03-18x12.webp 18w, https:\/\/karinas-art.at\/wp-content\/uploads\/2024\/05\/die-jagd-03.webp 1280w\" sizes=\"auto, (max-width: 1024px) 100vw, 1024px\" \/><\/a><\/figure>\n\n\n\n<figure class=\"wp-block-image size-large\"><a href=\"https:\/\/karinas-art.at\/wp-content\/uploads\/2024\/05\/die-jagd-04.webp\"><img loading=\"lazy\" decoding=\"async\" width=\"1024\" height=\"686\" data-id=\"1842\" src=\"https:\/\/karinas-art.at\/wp-content\/uploads\/2024\/05\/die-jagd-04-1024x686.webp\" alt=\"Das Bild zeigt verschiedene Tiere um eine Person. Was jedoch verborgen bleibt: Jedes Tier frisst einander und der Mensch nimmt sie alle in sich auf.\" class=\"wp-image-1842\" srcset=\"https:\/\/karinas-art.at\/wp-content\/uploads\/2024\/05\/die-jagd-04-1024x686.webp 1024w, https:\/\/karinas-art.at\/wp-content\/uploads\/2024\/05\/die-jagd-04-300x201.webp 300w, https:\/\/karinas-art.at\/wp-content\/uploads\/2024\/05\/die-jagd-04-768x515.webp 768w, https:\/\/karinas-art.at\/wp-content\/uploads\/2024\/05\/die-jagd-04-18x12.webp 18w, https:\/\/karinas-art.at\/wp-content\/uploads\/2024\/05\/die-jagd-04.webp 1280w\" sizes=\"auto, (max-width: 1024px) 100vw, 1024px\" \/><\/a><\/figure>\n\n\n\n<figure class=\"wp-block-image size-large\"><a href=\"https:\/\/karinas-art.at\/wp-content\/uploads\/2024\/05\/die-jagd-05.webp\"><img loading=\"lazy\" decoding=\"async\" width=\"1024\" height=\"682\" data-id=\"1843\" src=\"https:\/\/karinas-art.at\/wp-content\/uploads\/2024\/05\/die-jagd-05-1024x682.webp\" alt=\"Das Bild zeigt verschiedene Tiere um eine Person. Was jedoch verborgen bleibt: Jedes Tier frisst einander und der Mensch nimmt sie alle in sich auf.\" class=\"wp-image-1843\" srcset=\"https:\/\/karinas-art.at\/wp-content\/uploads\/2024\/05\/die-jagd-05-1024x682.webp 1024w, https:\/\/karinas-art.at\/wp-content\/uploads\/2024\/05\/die-jagd-05-300x200.webp 300w, https:\/\/karinas-art.at\/wp-content\/uploads\/2024\/05\/die-jagd-05-768x512.webp 768w, https:\/\/karinas-art.at\/wp-content\/uploads\/2024\/05\/die-jagd-05-18x12.webp 18w, https:\/\/karinas-art.at\/wp-content\/uploads\/2024\/05\/die-jagd-05.webp 1280w\" sizes=\"auto, (max-width: 1024px) 100vw, 1024px\" \/><\/a><\/figure>\n\n\n\n<figure class=\"wp-block-image size-large\"><a href=\"https:\/\/karinas-art.at\/wp-content\/uploads\/2024\/05\/die-jagd-06.webp\"><img loading=\"lazy\" decoding=\"async\" width=\"1024\" height=\"686\" data-id=\"1844\" src=\"https:\/\/karinas-art.at\/wp-content\/uploads\/2024\/05\/die-jagd-06-1024x686.webp\" alt=\"Das Bild zeigt verschiedene Tiere um eine Person. Was jedoch verborgen bleibt: Jedes Tier frisst einander und der Mensch nimmt sie alle in sich auf.\" class=\"wp-image-1844\" srcset=\"https:\/\/karinas-art.at\/wp-content\/uploads\/2024\/05\/die-jagd-06-1024x686.webp 1024w, https:\/\/karinas-art.at\/wp-content\/uploads\/2024\/05\/die-jagd-06-300x201.webp 300w, https:\/\/karinas-art.at\/wp-content\/uploads\/2024\/05\/die-jagd-06-768x515.webp 768w, https:\/\/karinas-art.at\/wp-content\/uploads\/2024\/05\/die-jagd-06-18x12.webp 18w, https:\/\/karinas-art.at\/wp-content\/uploads\/2024\/05\/die-jagd-06.webp 1280w\" sizes=\"auto, (max-width: 1024px) 100vw, 1024px\" \/><\/a><\/figure>\n<\/figure>\n\n\n\n<h2 class=\"wp-block-heading\">Original on wooden stretcher frame including signature and certificate<\/h2>\n\n\n\n<div class=\"wp-block-columns is-layout-flex wp-container-core-columns-is-layout-9d6595d7 wp-block-columns-is-layout-flex\">\n<div class=\"wp-block-column is-layout-flow wp-block-column-is-layout-flow\" style=\"flex-basis:20%\"><\/div>\n\n\n\n<div class=\"wp-block-column is-layout-flow wp-block-column-is-layout-flow\" style=\"flex-basis:60%\">\n<figure class=\"wp-block-table meinetabellen\"><table><tbody><tr><td><strong>Title:<\/strong><\/td><td>The Hunt<\/td><\/tr><tr><td><strong>Material<\/strong>:<\/td><td>Canvas, Acrylic<\/td><\/tr><tr><td><strong>Size:<\/strong><\/td><td>110 cm x 140 cm<\/td><\/tr><tr><td><strong>Price:<\/strong><\/td><td>Price on request<\/td><\/tr><\/tbody><\/table><\/figure>\n<\/div>\n\n\n\n<div class=\"wp-block-column is-layout-flow wp-block-column-is-layout-flow\" style=\"flex-basis:20%\"><\/div>\n<\/div>\n\n\n\n<h2 class=\"wp-block-heading\">High-quality art print on stretcher frame<\/h2>\n\n\n\n<div class=\"wp-block-columns is-layout-flex wp-container-core-columns-is-layout-9d6595d7 wp-block-columns-is-layout-flex\">\n<div class=\"wp-block-column is-layout-flow wp-block-column-is-layout-flow\" style=\"flex-basis:20%\"><\/div>\n\n\n\n<div class=\"wp-block-column is-layout-flow wp-block-column-is-layout-flow\" style=\"flex-basis:60%\">\n<figure class=\"wp-block-table meinetabellen\"><table><tbody><tr><td><strong>Title:<\/strong><\/td><td>The Hunt<\/td><\/tr><tr><td><strong>Material<\/strong>:<\/td><td>Photo canvas<\/td><\/tr><tr><td><strong>Size:<\/strong><\/td><td>ca. 40 cm x 52 cm<\/td><\/tr><tr><td><strong>Price:<\/strong><\/td><td>\u20ac 270,00,-<\/td><\/tr><\/tbody><\/table><\/figure>\n<\/div>\n\n\n\n<div class=\"wp-block-column is-layout-flow wp-block-column-is-layout-flow\" style=\"flex-basis:20%\"><\/div>\n<\/div>\n\n\n\n<p><strong>The art print is also available in smaller sizes!<\/strong><\/p>\n\n\n\n<div class=\"wp-block-group hastdufragen has-background\" style=\"background-color:#ffe7e8\"><div class=\"wp-block-group__inner-container is-layout-constrained wp-block-group-is-layout-constrained\">\n<h2 class=\"wp-block-heading has-text-align-left\">Do you have any questions or are you interested in purchasing one of my artworks? <br><br>Get in touch with me!<\/h2>\n\n\n\n<div class=\"wp-block-buttons is-content-justification-left is-layout-flex wp-container-core-buttons-is-layout-fdcfc74e wp-block-buttons-is-layout-flex\">\n<div class=\"wp-block-button\"><a class=\"wp-block-button__link wp-element-button\" href=\"https:\/\/karinas-art.at\/en\/kontakt\/\">Contact<\/a><\/div>\n<\/div>\n\n\n\n<p><\/p>\n\n\n\n<h2 class=\"wp-block-heading\"><strong>Discover my artworks on Singulart!<\/strong><\/h2>\n\n\n\n<div class=\"wp-block-buttons is-layout-flex wp-block-buttons-is-layout-flex\">\n<div class=\"wp-block-button\"><a class=\"wp-block-button__link wp-element-button\" href=\"https:\/\/www.singulart.com\/de\/k%C3%BCnstler\/karina-schiefer-61055\" target=\"_blank\" rel=\"noreferrer noopener\">Discover artworks<\/a><\/div>\n<\/div>\n<\/div><\/div>","protected":false},"excerpt":{"rendered":"<p>Das Bild zeigt verschiedene Tiere um eine Person. Was jedoch verborgen bleibt: Jedes Tier frisst einander und der Mensch nimmt sie alle in sich auf. Titel: Die Jagd Material: Leinwand, Acryl Gr\u00f6\u00dfe: 110 cm x 140 cm Preis: Preis auf Anfrage Hochwertiger Kunstdruck auf Tr\u00e4gerrahmen Titel: Die Jagd Material: Fotoleinwand Gr\u00f6\u00dfe: ca. 40 cm x 52 cm Preis: \u20ac 270,00,-<\/p>","protected":false},"author":2,"featured_media":1838,"parent":0,"menu_order":0,"comment_status":"closed","ping_status":"closed","template":"","meta":{"footnotes":""},"class_list":["post-1928","page","type-page","status-publish","has-post-thumbnail","hentry"],"blocksy_meta":{"styles_descriptor":{"styles":{"desktop":"","tablet":"","mobile":""},"google_fonts":[],"version":5}},"_links":{"self":[{"href":"https:\/\/karinas-art.at\/en\/wp-json\/wp\/v2\/pages\/1928","targetHints":{"allow":["GET"]}}],"collection":[{"href":"https:\/\/karinas-art.at\/en\/wp-json\/wp\/v2\/pages"}],"about":[{"href":"https:\/\/karinas-art.at\/en\/wp-json\/wp\/v2\/types\/page"}],"author":[{"embeddable":true,"href":"https:\/\/karinas-art.at\/en\/wp-json\/wp\/v2\/users\/2"}],"replies":[{"embeddable":true,"href":"https:\/\/karinas-art.at\/en\/wp-json\/wp\/v2\/comments?post=1928"}],"version-history":[{"count":11,"href":"https:\/\/karinas-art.at\/en\/wp-json\/wp\/v2\/pages\/1928\/revisions"}],"predecessor-version":[{"id":2468,"href":"https:\/\/karinas-art.at\/en\/wp-json\/wp\/v2\/pages\/1928\/revisions\/2468"}],"wp:featuredmedia":[{"embeddable":true,"href":"https:\/\/karinas-art.at\/en\/wp-json\/wp\/v2\/media\/1838"}],"wp:attachment":[{"href":"https:\/\/karinas-art.at\/en\/wp-json\/wp\/v2\/media?parent=1928"}],"curies":[{"name":"wp","href":"https:\/\/api.w.org\/{rel}","templated":true}]}}