{"id":1933,"date":"2024-05-04T14:04:14","date_gmt":"2024-05-04T12:04:14","guid":{"rendered":"https:\/\/karinas-art.at\/?page_id=1933"},"modified":"2024-07-17T16:33:28","modified_gmt":"2024-07-17T14:33:28","slug":"kunstwerk-katzen","status":"publish","type":"page","link":"https:\/\/karinas-art.at\/en\/kunstwerk-katzen\/","title":{"rendered":"Artwork Cats"},"content":{"rendered":"<p>In my artwork, cats are central, depicted in a surreal setting. Some cats are anthropomorphically designed, with and without fur. I subtly play with the proverb 'chic cats', referencing both elegant women and the grace and personality of the cats.<\/p>\n\n\n<div class=\"wp-block-image\">\n<figure class=\"aligncenter size-large\"><img loading=\"lazy\" decoding=\"async\" width=\"1024\" height=\"706\" src=\"https:\/\/karinas-art.at\/wp-content\/uploads\/2024\/05\/katzen-1024x706.webp\" alt=\"Auf dem Bild sind mehrere Katzen, unter anderem auch &quot;menschliche&quot; mit und ohne Fell zu sehen.\" class=\"wp-image-1845\" srcset=\"https:\/\/karinas-art.at\/wp-content\/uploads\/2024\/05\/katzen-1024x706.webp 1024w, https:\/\/karinas-art.at\/wp-content\/uploads\/2024\/05\/katzen-300x207.webp 300w, https:\/\/karinas-art.at\/wp-content\/uploads\/2024\/05\/katzen-768x529.webp 768w, https:\/\/karinas-art.at\/wp-content\/uploads\/2024\/05\/katzen-18x12.webp 18w, https:\/\/karinas-art.at\/wp-content\/uploads\/2024\/05\/katzen.webp 1280w\" sizes=\"auto, (max-width: 1024px) 100vw, 1024px\" \/><\/figure><\/div>\n\n\n<figure class=\"wp-block-gallery aligncenter has-nested-images columns-default is-cropped wp-block-gallery-1 is-layout-flex wp-block-gallery-is-layout-flex\">\n<figure class=\"wp-block-image size-large\"><a href=\"https:\/\/karinas-art.at\/wp-content\/uploads\/2024\/05\/katzen.webp\"><img loading=\"lazy\" decoding=\"async\" width=\"1024\" height=\"706\" data-id=\"1845\" src=\"https:\/\/karinas-art.at\/wp-content\/uploads\/2024\/05\/katzen-1024x706.webp\" alt=\"Auf dem Bild sind mehrere Katzen, unter anderem auch &quot;menschliche&quot; mit und ohne Fell zu sehen.\" class=\"wp-image-1845\" srcset=\"https:\/\/karinas-art.at\/wp-content\/uploads\/2024\/05\/katzen-1024x706.webp 1024w, https:\/\/karinas-art.at\/wp-content\/uploads\/2024\/05\/katzen-300x207.webp 300w, https:\/\/karinas-art.at\/wp-content\/uploads\/2024\/05\/katzen-768x529.webp 768w, https:\/\/karinas-art.at\/wp-content\/uploads\/2024\/05\/katzen-18x12.webp 18w, https:\/\/karinas-art.at\/wp-content\/uploads\/2024\/05\/katzen.webp 1280w\" sizes=\"auto, (max-width: 1024px) 100vw, 1024px\" \/><\/a><\/figure>\n\n\n\n<figure class=\"wp-block-image size-large\"><a href=\"https:\/\/karinas-art.at\/wp-content\/uploads\/2024\/05\/katzen-01.webp\"><img loading=\"lazy\" decoding=\"async\" width=\"1024\" height=\"696\" data-id=\"1846\" src=\"https:\/\/karinas-art.at\/wp-content\/uploads\/2024\/05\/katzen-01-1024x696.webp\" alt=\"Auf dem Bild sind mehrere Katzen, unter anderem auch &quot;menschliche&quot; mit und ohne Fell zu sehen.\" class=\"wp-image-1846\" srcset=\"https:\/\/karinas-art.at\/wp-content\/uploads\/2024\/05\/katzen-01-1024x696.webp 1024w, https:\/\/karinas-art.at\/wp-content\/uploads\/2024\/05\/katzen-01-300x204.webp 300w, https:\/\/karinas-art.at\/wp-content\/uploads\/2024\/05\/katzen-01-768x522.webp 768w, https:\/\/karinas-art.at\/wp-content\/uploads\/2024\/05\/katzen-01-18x12.webp 18w, https:\/\/karinas-art.at\/wp-content\/uploads\/2024\/05\/katzen-01.webp 1280w\" sizes=\"auto, (max-width: 1024px) 100vw, 1024px\" \/><\/a><\/figure>\n\n\n\n<figure class=\"wp-block-image size-large\"><a href=\"https:\/\/karinas-art.at\/wp-content\/uploads\/2024\/05\/katzen-02.webp\"><img loading=\"lazy\" decoding=\"async\" width=\"1024\" height=\"682\" data-id=\"1847\" src=\"https:\/\/karinas-art.at\/wp-content\/uploads\/2024\/05\/katzen-02-1024x682.webp\" alt=\"Auf dem Bild sind mehrere Katzen, unter anderem auch &quot;menschliche&quot; mit und ohne Fell zu sehen.\" class=\"wp-image-1847\" srcset=\"https:\/\/karinas-art.at\/wp-content\/uploads\/2024\/05\/katzen-02-1024x682.webp 1024w, https:\/\/karinas-art.at\/wp-content\/uploads\/2024\/05\/katzen-02-300x200.webp 300w, https:\/\/karinas-art.at\/wp-content\/uploads\/2024\/05\/katzen-02-768x512.webp 768w, https:\/\/karinas-art.at\/wp-content\/uploads\/2024\/05\/katzen-02-18x12.webp 18w, https:\/\/karinas-art.at\/wp-content\/uploads\/2024\/05\/katzen-02.webp 1280w\" sizes=\"auto, (max-width: 1024px) 100vw, 1024px\" \/><\/a><\/figure>\n\n\n\n<figure class=\"wp-block-image size-large\"><a href=\"https:\/\/karinas-art.at\/wp-content\/uploads\/2024\/05\/katzen-03.webp\"><img loading=\"lazy\" decoding=\"async\" width=\"1024\" height=\"682\" data-id=\"1848\" src=\"https:\/\/karinas-art.at\/wp-content\/uploads\/2024\/05\/katzen-03-1024x682.webp\" alt=\"Auf dem Bild sind mehrere Katzen, unter anderem auch &quot;menschliche&quot; mit und ohne Fell zu sehen.\" class=\"wp-image-1848\" srcset=\"https:\/\/karinas-art.at\/wp-content\/uploads\/2024\/05\/katzen-03-1024x682.webp 1024w, https:\/\/karinas-art.at\/wp-content\/uploads\/2024\/05\/katzen-03-300x200.webp 300w, https:\/\/karinas-art.at\/wp-content\/uploads\/2024\/05\/katzen-03-768x512.webp 768w, https:\/\/karinas-art.at\/wp-content\/uploads\/2024\/05\/katzen-03-18x12.webp 18w, https:\/\/karinas-art.at\/wp-content\/uploads\/2024\/05\/katzen-03.webp 1280w\" sizes=\"auto, (max-width: 1024px) 100vw, 1024px\" \/><\/a><\/figure>\n\n\n\n<figure class=\"wp-block-image size-large\"><a href=\"https:\/\/karinas-art.at\/wp-content\/uploads\/2024\/05\/katzen-04.webp\"><img loading=\"lazy\" decoding=\"async\" width=\"1024\" height=\"794\" data-id=\"1849\" src=\"https:\/\/karinas-art.at\/wp-content\/uploads\/2024\/05\/katzen-04-1024x794.webp\" alt=\"Auf dem Bild sind mehrere Katzen, unter anderem auch &quot;menschliche&quot; mit und ohne Fell zu sehen.\" class=\"wp-image-1849\" srcset=\"https:\/\/karinas-art.at\/wp-content\/uploads\/2024\/05\/katzen-04-1024x794.webp 1024w, https:\/\/karinas-art.at\/wp-content\/uploads\/2024\/05\/katzen-04-300x233.webp 300w, https:\/\/karinas-art.at\/wp-content\/uploads\/2024\/05\/katzen-04-768x596.webp 768w, https:\/\/karinas-art.at\/wp-content\/uploads\/2024\/05\/katzen-04-15x12.webp 15w, https:\/\/karinas-art.at\/wp-content\/uploads\/2024\/05\/katzen-04.webp 1280w\" sizes=\"auto, (max-width: 1024px) 100vw, 1024px\" \/><\/a><\/figure>\n<\/figure>\n\n\n\n<p>The scene exudes a harmonious atmosphere, where humans appear only as tiny figurines compared to the dominant cats. <\/p>\n\n\n\n<p>As a passionate cat lover, I've captured my personal connection to these animals, which lends my work an accessible and surreal quality. <\/p>\n\n\n\n<p>It is ideal for art enthusiasts and animal lovers alike who wish to explore the unique fusion of reality and fantasy in my art.<\/p>\n\n\n\n<h2 class=\"wp-block-heading\">Original on wooden stretcher frame including signature and certificate<\/h2>\n\n\n\n<div class=\"wp-block-columns is-layout-flex wp-container-core-columns-is-layout-9d6595d7 wp-block-columns-is-layout-flex\">\n<div class=\"wp-block-column is-layout-flow wp-block-column-is-layout-flow\" style=\"flex-basis:20%\"><\/div>\n\n\n\n<div class=\"wp-block-column is-layout-flow wp-block-column-is-layout-flow\" style=\"flex-basis:60%\">\n<figure class=\"wp-block-table meinetabellen\"><table><tbody><tr><td><strong>Title:<\/strong><\/td><td>Cats<\/td><\/tr><tr><td><strong>Material<\/strong>:<\/td><td>Canvas, Acrylic<\/td><\/tr><tr><td><strong>Size:<\/strong><\/td><td>130 cm x 90 cm<\/td><\/tr><\/tbody><\/table><\/figure>\n<\/div>\n\n\n\n<div class=\"wp-block-column is-layout-flow wp-block-column-is-layout-flow\" style=\"flex-basis:20%\"><\/div>\n<\/div>\n\n\n\n<div class=\"wp-block-buttons is-layout-flex wp-block-buttons-is-layout-flex\">\n<div class=\"wp-block-button aligncenter\"><a class=\"wp-block-button__link wp-element-button\" href=\"https:\/\/www.singulart.com\/de\/kunstwerke\/karina-schiefer-cats-2081181\" target=\"_blank\" rel=\"noreferrer noopener\">Buy now<\/a><\/div>\n<\/div>\n\n\n\n<h2 class=\"wp-block-heading\">High-quality art print on stretcher frame<\/h2>\n\n\n\n<div class=\"wp-block-columns is-layout-flex wp-container-core-columns-is-layout-9d6595d7 wp-block-columns-is-layout-flex\">\n<div class=\"wp-block-column is-layout-flow wp-block-column-is-layout-flow\" style=\"flex-basis:20%\"><\/div>\n\n\n\n<div class=\"wp-block-column is-layout-flow wp-block-column-is-layout-flow\" style=\"flex-basis:60%\">\n<figure class=\"wp-block-table meinetabellen\"><table><tbody><tr><td><strong>Title:<\/strong><\/td><td>Cats<\/td><\/tr><tr><td><strong>Material<\/strong>:<\/td><td>Photo canvas<\/td><\/tr><tr><td><strong>Size:<\/strong><\/td><td>ca. 43 cm x 30 cm<\/td><\/tr><tr><td><strong>Price:<\/strong><\/td><td>\u20ac 200,00,-<\/td><\/tr><\/tbody><\/table><\/figure>\n<\/div>\n\n\n\n<div class=\"wp-block-column is-layout-flow wp-block-column-is-layout-flow\" style=\"flex-basis:20%\"><\/div>\n<\/div>\n\n\n\n<p><strong>The art print is also available in smaller sizes!<\/strong><\/p>\n\n\n\n<div class=\"wp-block-group hastdufragen has-background\" style=\"background-color:#ffe7e8\"><div class=\"wp-block-group__inner-container is-layout-constrained wp-block-group-is-layout-constrained\">\n<h2 class=\"wp-block-heading has-text-align-left\">Do you have any questions or are you interested in purchasing one of my artworks? <br><br>Get in touch with me!<\/h2>\n\n\n\n<div class=\"wp-block-buttons is-content-justification-left is-layout-flex wp-container-core-buttons-is-layout-fdcfc74e wp-block-buttons-is-layout-flex\">\n<div class=\"wp-block-button\"><a class=\"wp-block-button__link wp-element-button\" href=\"https:\/\/karinas-art.at\/en\/kontakt\/\">Contact<\/a><\/div>\n<\/div>\n\n\n\n<p><\/p>\n\n\n\n<h2 class=\"wp-block-heading\"><strong>Discover my artworks on Singulart!<\/strong><\/h2>\n\n\n\n<div class=\"wp-block-buttons is-layout-flex wp-block-buttons-is-layout-flex\">\n<div class=\"wp-block-button\"><a class=\"wp-block-button__link wp-element-button\" href=\"https:\/\/www.singulart.com\/de\/k%C3%BCnstler\/karina-schiefer-61055\" target=\"_blank\" rel=\"noreferrer noopener\">Discover artworks<\/a><\/div>\n<\/div>\n<\/div><\/div>","protected":false},"excerpt":{"rendered":"<p>In meinem Kunstwerk stehen Katzen im Mittelpunkt, die in einer surrealen Szenerie dargestellt sind. Einige Katzen sind menschen\u00e4hnlich gestaltet, mit und ohne Fell. Ich spiele subtil mit dem Sprichwort &#8222;fesche Katzen&#8220;, das sowohl auf elegante Frauen als auch auf die Anmut und Pers\u00f6nlichkeit der Katzen verweist. Die Szenerie strahlt eine harmonische Atmosph\u00e4re aus, in der Menschen nur als winzige Spielfiguren im Vergleich zu den dominanten Katzen erscheinen. Als leidenschaftliche Katzenliebhaberin habe ich meine pers\u00f6nliche Bindung zu diesen Tieren eingefangen, was meinem Werk eine zug\u00e4ngliche und surreale Note verleiht. Es ist ideal f\u00fcr Kunstliebhaber und Tierfreunde gleicherma\u00dfen, die die einzigartige Verschmelzung\u2026<\/p>","protected":false},"author":2,"featured_media":1845,"parent":0,"menu_order":0,"comment_status":"closed","ping_status":"closed","template":"","meta":{"footnotes":""},"class_list":["post-1933","page","type-page","status-publish","has-post-thumbnail","hentry"],"blocksy_meta":{"styles_descriptor":{"styles":{"desktop":"","tablet":"","mobile":""},"google_fonts":[],"version":5}},"_links":{"self":[{"href":"https:\/\/karinas-art.at\/en\/wp-json\/wp\/v2\/pages\/1933","targetHints":{"allow":["GET"]}}],"collection":[{"href":"https:\/\/karinas-art.at\/en\/wp-json\/wp\/v2\/pages"}],"about":[{"href":"https:\/\/karinas-art.at\/en\/wp-json\/wp\/v2\/types\/page"}],"author":[{"embeddable":true,"href":"https:\/\/karinas-art.at\/en\/wp-json\/wp\/v2\/users\/2"}],"replies":[{"embeddable":true,"href":"https:\/\/karinas-art.at\/en\/wp-json\/wp\/v2\/comments?post=1933"}],"version-history":[{"count":11,"href":"https:\/\/karinas-art.at\/en\/wp-json\/wp\/v2\/pages\/1933\/revisions"}],"predecessor-version":[{"id":2516,"href":"https:\/\/karinas-art.at\/en\/wp-json\/wp\/v2\/pages\/1933\/revisions\/2516"}],"wp:featuredmedia":[{"embeddable":true,"href":"https:\/\/karinas-art.at\/en\/wp-json\/wp\/v2\/media\/1845"}],"wp:attachment":[{"href":"https:\/\/karinas-art.at\/en\/wp-json\/wp\/v2\/media?parent=1933"}],"curies":[{"name":"wp","href":"https:\/\/api.w.org\/{rel}","templated":true}]}}