{"id":2054,"date":"2024-06-15T13:14:40","date_gmt":"2024-06-15T11:14:40","guid":{"rendered":"https:\/\/karinas-art.at\/?page_id=2054"},"modified":"2024-07-17T16:39:41","modified_gmt":"2024-07-17T14:39:41","slug":"kunstwerk-die-kunst","status":"publish","type":"page","link":"https:\/\/karinas-art.at\/en\/kunstwerk-die-kunst\/","title":{"rendered":"Artwork The Art"},"content":{"rendered":"<p>In this painting, I depict the deep emotions and inner struggles I feel while creating my artworks. A twisting figure, portrayed by a bodybuilder, symbolizes the intense effort and dedication I invest in the creative process. <\/p>\n\n\n\n<p>In the foreground, I float on brushes, supported by three angels who embody my relentless drive to create anew.<\/p>\n\n\n<div class=\"wp-block-image\">\n<figure class=\"aligncenter size-large\"><img loading=\"lazy\" decoding=\"async\" width=\"705\" height=\"1024\" src=\"https:\/\/karinas-art.at\/wp-content\/uploads\/2024\/06\/die-kunst-705x1024.webp\" alt=\"\" class=\"wp-image-2056\" srcset=\"https:\/\/karinas-art.at\/wp-content\/uploads\/2024\/06\/die-kunst-705x1024.webp 705w, https:\/\/karinas-art.at\/wp-content\/uploads\/2024\/06\/die-kunst-206x300.webp 206w, https:\/\/karinas-art.at\/wp-content\/uploads\/2024\/06\/die-kunst-768x1116.webp 768w, https:\/\/karinas-art.at\/wp-content\/uploads\/2024\/06\/die-kunst-1057x1536.webp 1057w, https:\/\/karinas-art.at\/wp-content\/uploads\/2024\/06\/die-kunst-8x12.webp 8w, https:\/\/karinas-art.at\/wp-content\/uploads\/2024\/06\/die-kunst.webp 1280w\" sizes=\"auto, (max-width: 705px) 100vw, 705px\" \/><\/figure><\/div>\n\n\n<figure class=\"wp-block-gallery has-nested-images columns-default is-cropped wp-block-gallery-1 is-layout-flex wp-block-gallery-is-layout-flex\">\n<figure class=\"wp-block-image size-large\"><a href=\"https:\/\/karinas-art.at\/wp-content\/uploads\/2024\/06\/die-kunst.webp\"><img loading=\"lazy\" decoding=\"async\" width=\"705\" height=\"1024\" data-id=\"2056\" src=\"https:\/\/karinas-art.at\/wp-content\/uploads\/2024\/06\/die-kunst-705x1024.webp\" alt=\"Dieses Bild veranschaulicht, welche Gef\u00fchle Kunst in mir hervorruft.\" class=\"wp-image-2056\" srcset=\"https:\/\/karinas-art.at\/wp-content\/uploads\/2024\/06\/die-kunst-705x1024.webp 705w, https:\/\/karinas-art.at\/wp-content\/uploads\/2024\/06\/die-kunst-206x300.webp 206w, https:\/\/karinas-art.at\/wp-content\/uploads\/2024\/06\/die-kunst-768x1116.webp 768w, https:\/\/karinas-art.at\/wp-content\/uploads\/2024\/06\/die-kunst-1057x1536.webp 1057w, https:\/\/karinas-art.at\/wp-content\/uploads\/2024\/06\/die-kunst-8x12.webp 8w, https:\/\/karinas-art.at\/wp-content\/uploads\/2024\/06\/die-kunst.webp 1280w\" sizes=\"auto, (max-width: 705px) 100vw, 705px\" \/><\/a><\/figure>\n\n\n\n<figure class=\"wp-block-image size-large\"><a href=\"https:\/\/karinas-art.at\/wp-content\/uploads\/2024\/06\/die-kunst-01.webp\"><img loading=\"lazy\" decoding=\"async\" width=\"1024\" height=\"671\" data-id=\"2061\" src=\"https:\/\/karinas-art.at\/wp-content\/uploads\/2024\/06\/die-kunst-01-1024x671.webp\" alt=\"Dieses Bild veranschaulicht, welche Gef\u00fchle Kunst in mir hervorruft.\" class=\"wp-image-2061\" srcset=\"https:\/\/karinas-art.at\/wp-content\/uploads\/2024\/06\/die-kunst-01-1024x671.webp 1024w, https:\/\/karinas-art.at\/wp-content\/uploads\/2024\/06\/die-kunst-01-300x197.webp 300w, https:\/\/karinas-art.at\/wp-content\/uploads\/2024\/06\/die-kunst-01-768x503.webp 768w, https:\/\/karinas-art.at\/wp-content\/uploads\/2024\/06\/die-kunst-01-18x12.webp 18w, https:\/\/karinas-art.at\/wp-content\/uploads\/2024\/06\/die-kunst-01.webp 1280w\" sizes=\"auto, (max-width: 1024px) 100vw, 1024px\" \/><\/a><\/figure>\n\n\n\n<figure class=\"wp-block-image size-large\"><a href=\"https:\/\/karinas-art.at\/wp-content\/uploads\/2024\/06\/die-kunst-02.webp\"><img loading=\"lazy\" decoding=\"async\" width=\"1024\" height=\"686\" data-id=\"2062\" src=\"https:\/\/karinas-art.at\/wp-content\/uploads\/2024\/06\/die-kunst-02-1024x686.webp\" alt=\"Dieses Bild veranschaulicht, welche Gef\u00fchle Kunst in mir hervorruft.\" class=\"wp-image-2062\" srcset=\"https:\/\/karinas-art.at\/wp-content\/uploads\/2024\/06\/die-kunst-02-1024x686.webp 1024w, https:\/\/karinas-art.at\/wp-content\/uploads\/2024\/06\/die-kunst-02-300x201.webp 300w, https:\/\/karinas-art.at\/wp-content\/uploads\/2024\/06\/die-kunst-02-768x514.webp 768w, https:\/\/karinas-art.at\/wp-content\/uploads\/2024\/06\/die-kunst-02-18x12.webp 18w, https:\/\/karinas-art.at\/wp-content\/uploads\/2024\/06\/die-kunst-02.webp 1280w\" sizes=\"auto, (max-width: 1024px) 100vw, 1024px\" \/><\/a><\/figure>\n\n\n\n<figure class=\"wp-block-image size-large\"><a href=\"https:\/\/karinas-art.at\/wp-content\/uploads\/2024\/06\/die-kunst-03.webp\"><img loading=\"lazy\" decoding=\"async\" width=\"1024\" height=\"683\" data-id=\"2063\" src=\"https:\/\/karinas-art.at\/wp-content\/uploads\/2024\/06\/die-kunst-03-1024x683.webp\" alt=\"Dieses Bild veranschaulicht, welche Gef\u00fchle Kunst in mir hervorruft.\" class=\"wp-image-2063\" srcset=\"https:\/\/karinas-art.at\/wp-content\/uploads\/2024\/06\/die-kunst-03-1024x683.webp 1024w, https:\/\/karinas-art.at\/wp-content\/uploads\/2024\/06\/die-kunst-03-300x200.webp 300w, https:\/\/karinas-art.at\/wp-content\/uploads\/2024\/06\/die-kunst-03-768x512.webp 768w, https:\/\/karinas-art.at\/wp-content\/uploads\/2024\/06\/die-kunst-03-18x12.webp 18w, https:\/\/karinas-art.at\/wp-content\/uploads\/2024\/06\/die-kunst-03.webp 1280w\" sizes=\"auto, (max-width: 1024px) 100vw, 1024px\" \/><\/a><\/figure>\n<\/figure>\n\n\n\n<p>Two clowns, my entertainers, represent the diverse influences from media and life. A radiant iris symbolizes my hope to create something great. <\/p>\n\n\n\n<p>This work illustrates how I see my creative journey as a struggle and training, similar to an athlete honing their body. For me, artists are also performers who constantly challenge and evolve themselves.<\/p>\n\n\n\n<p>\"The Art\" is a complex work that invites the viewer to understand my passion and creative struggle.<\/p>\n\n\n\n<h2 class=\"wp-block-heading\">Original on wooden stretcher frame including signature and certificate<\/h2>\n\n\n\n<div class=\"wp-block-columns is-layout-flex wp-container-core-columns-is-layout-9d6595d7 wp-block-columns-is-layout-flex\">\n<div class=\"wp-block-column is-layout-flow wp-block-column-is-layout-flow\" style=\"flex-basis:20%\"><\/div>\n\n\n\n<div class=\"wp-block-column is-layout-flow wp-block-column-is-layout-flow\" style=\"flex-basis:60%\">\n<figure class=\"wp-block-table meinetabellen\"><table><tbody><tr><td><strong>Title:<\/strong><\/td><td>The Art<\/td><\/tr><tr><td><strong>Material<\/strong>:<\/td><td>Canvas, Acrylic<\/td><\/tr><tr><td><strong>Size:<\/strong><\/td><td>90 cm x 130 cm<\/td><\/tr><\/tbody><\/table><\/figure>\n<\/div>\n\n\n\n<div class=\"wp-block-column is-layout-flow wp-block-column-is-layout-flow\" style=\"flex-basis:20%\"><\/div>\n<\/div>\n\n\n\n<div class=\"wp-block-buttons is-layout-flex wp-block-buttons-is-layout-flex\">\n<div class=\"wp-block-button aligncenter\"><a class=\"wp-block-button__link wp-element-button\" href=\"https:\/\/www.singulart.com\/de\/kunstwerke\/karina-schiefer-die-kunst-2081125\" target=\"_blank\" rel=\"noreferrer noopener\">Buy now<\/a><\/div>\n<\/div>\n\n\n\n<h2 class=\"wp-block-heading\">High-quality art print on wooden stretcher frame.<\/h2>\n\n\n\n<div class=\"wp-block-columns is-layout-flex wp-container-core-columns-is-layout-9d6595d7 wp-block-columns-is-layout-flex\">\n<div class=\"wp-block-column is-layout-flow wp-block-column-is-layout-flow\" style=\"flex-basis:20%\"><\/div>\n\n\n\n<div class=\"wp-block-column is-layout-flow wp-block-column-is-layout-flow\" style=\"flex-basis:60%\">\n<figure class=\"wp-block-table meinetabellen\"><table><tbody><tr><td><strong>Title:<\/strong><\/td><td>The Art<\/td><\/tr><tr><td><strong>Material<\/strong>:<\/td><td>Photo canvas<\/td><\/tr><tr><td><strong>Size:<\/strong><\/td><td>ca. 30 cm x 43 cm<\/td><\/tr><tr><td><strong>Price:<\/strong><\/td><td>\u20ac 170,00,-<\/td><\/tr><\/tbody><\/table><\/figure>\n<\/div>\n\n\n\n<div class=\"wp-block-column is-layout-flow wp-block-column-is-layout-flow\" style=\"flex-basis:20%\"><\/div>\n<\/div>\n\n\n\n<p><strong>The art print is also available in smaller sizes!<\/strong><\/p>\n\n\n\n<div class=\"wp-block-group hastdufragen has-background\" style=\"background-color:#ffe7e8\"><div class=\"wp-block-group__inner-container is-layout-constrained wp-block-group-is-layout-constrained\">\n<h2 class=\"wp-block-heading has-text-align-left\">Do you have any questions or are you interested in purchasing one of my artworks? <br><br>Get in touch with me!<\/h2>\n\n\n\n<div class=\"wp-block-buttons is-content-justification-left is-layout-flex wp-container-core-buttons-is-layout-fdcfc74e wp-block-buttons-is-layout-flex\">\n<div class=\"wp-block-button\"><a class=\"wp-block-button__link wp-element-button\" href=\"https:\/\/karinas-art.at\/en\/kontakt\/\">Contact<\/a><\/div>\n<\/div>\n\n\n\n<p><\/p>\n\n\n\n<h2 class=\"wp-block-heading\"><strong>Discover my artworks on Singulart!<\/strong><\/h2>\n\n\n\n<div class=\"wp-block-buttons is-layout-flex wp-block-buttons-is-layout-flex\">\n<div class=\"wp-block-button\"><a class=\"wp-block-button__link wp-element-button\" href=\"https:\/\/www.singulart.com\/de\/k%C3%BCnstler\/karina-schiefer-61055\" target=\"_blank\" rel=\"noreferrer noopener\">Discover artworks<\/a><\/div>\n<\/div>\n<\/div><\/div>","protected":false},"excerpt":{"rendered":"<p>In diesem Bild veranschauliche ich die tiefen Gef\u00fchle und inneren K\u00e4mpfe, die ich beim Schaffen meiner Kunstwerke empfinde. Ein windender Mensch, dargestellt durch einen Bodybuilder, symbolisiert die intensive Anstrengung und Hingabe, die ich in den kreativen Prozess investiere. Im Vordergrund schwebe ich auf Pinseln, gehalten von drei Engeln, die meinen unerm\u00fcdlichen Drang verk\u00f6rpern, stets Neues zu erschaffen. Zwei Clowns, meine Entertainer, stehen f\u00fcr die vielf\u00e4ltigen Einfl\u00fcsse aus Medien und dem Leben. Eine strahlende Iris symbolisiert meine Hoffnung, etwas Gro\u00dfartiges zu schaffen. Dieses Werk zeigt, wie ich meine kreative Reise als Kampf und Training sehe, \u00e4hnlich einem Sportler, der seinen K\u00f6rper\u2026<\/p>","protected":false},"author":2,"featured_media":2056,"parent":0,"menu_order":0,"comment_status":"closed","ping_status":"closed","template":"","meta":{"footnotes":""},"class_list":["post-2054","page","type-page","status-publish","has-post-thumbnail","hentry"],"blocksy_meta":{"styles_descriptor":{"styles":{"desktop":"","tablet":"","mobile":""},"google_fonts":[],"version":5}},"_links":{"self":[{"href":"https:\/\/karinas-art.at\/en\/wp-json\/wp\/v2\/pages\/2054","targetHints":{"allow":["GET"]}}],"collection":[{"href":"https:\/\/karinas-art.at\/en\/wp-json\/wp\/v2\/pages"}],"about":[{"href":"https:\/\/karinas-art.at\/en\/wp-json\/wp\/v2\/types\/page"}],"author":[{"embeddable":true,"href":"https:\/\/karinas-art.at\/en\/wp-json\/wp\/v2\/users\/2"}],"replies":[{"embeddable":true,"href":"https:\/\/karinas-art.at\/en\/wp-json\/wp\/v2\/comments?post=2054"}],"version-history":[{"count":14,"href":"https:\/\/karinas-art.at\/en\/wp-json\/wp\/v2\/pages\/2054\/revisions"}],"predecessor-version":[{"id":2518,"href":"https:\/\/karinas-art.at\/en\/wp-json\/wp\/v2\/pages\/2054\/revisions\/2518"}],"wp:featuredmedia":[{"embeddable":true,"href":"https:\/\/karinas-art.at\/en\/wp-json\/wp\/v2\/media\/2056"}],"wp:attachment":[{"href":"https:\/\/karinas-art.at\/en\/wp-json\/wp\/v2\/media?parent=2054"}],"curies":[{"name":"wp","href":"https:\/\/api.w.org\/{rel}","templated":true}]}}