{"id":2069,"date":"2024-06-15T13:26:44","date_gmt":"2024-06-15T11:26:44","guid":{"rendered":"https:\/\/karinas-art.at\/?page_id=2069"},"modified":"2024-07-02T22:15:19","modified_gmt":"2024-07-02T20:15:19","slug":"kunstwerk-5-senses","status":"publish","type":"page","link":"https:\/\/karinas-art.at\/en\/kunstwerk-5-senses\/","title":{"rendered":"Artwork 5 Senses"},"content":{"rendered":"<p>This artwork is about the five senses and their perception. I aim to encourage the viewer to contemplate their own thoughts about it.<\/p>\n\n\n<div class=\"wp-block-image\">\n<figure class=\"aligncenter size-large\"><img loading=\"lazy\" decoding=\"async\" width=\"1024\" height=\"702\" src=\"https:\/\/karinas-art.at\/wp-content\/uploads\/2024\/06\/5-senses-1024x702.webp\" alt=\"\" class=\"wp-image-2071\" srcset=\"https:\/\/karinas-art.at\/wp-content\/uploads\/2024\/06\/5-senses-1024x702.webp 1024w, https:\/\/karinas-art.at\/wp-content\/uploads\/2024\/06\/5-senses-300x206.webp 300w, https:\/\/karinas-art.at\/wp-content\/uploads\/2024\/06\/5-senses-768x527.webp 768w, https:\/\/karinas-art.at\/wp-content\/uploads\/2024\/06\/5-senses-18x12.webp 18w, https:\/\/karinas-art.at\/wp-content\/uploads\/2024\/06\/5-senses.webp 1280w\" sizes=\"auto, (max-width: 1024px) 100vw, 1024px\" \/><\/figure><\/div>\n\n\n<figure class=\"wp-block-gallery has-nested-images columns-default is-cropped wp-block-gallery-1 is-layout-flex wp-block-gallery-is-layout-flex\">\n<figure class=\"wp-block-image size-large\"><a href=\"https:\/\/karinas-art.at\/wp-content\/uploads\/2024\/06\/5-senses.webp\"><img loading=\"lazy\" decoding=\"async\" width=\"1024\" height=\"702\" data-id=\"2071\" src=\"https:\/\/karinas-art.at\/wp-content\/uploads\/2024\/06\/5-senses-1024x702.webp\" alt=\"\" class=\"wp-image-2071\" srcset=\"https:\/\/karinas-art.at\/wp-content\/uploads\/2024\/06\/5-senses-1024x702.webp 1024w, https:\/\/karinas-art.at\/wp-content\/uploads\/2024\/06\/5-senses-300x206.webp 300w, https:\/\/karinas-art.at\/wp-content\/uploads\/2024\/06\/5-senses-768x527.webp 768w, https:\/\/karinas-art.at\/wp-content\/uploads\/2024\/06\/5-senses-18x12.webp 18w, https:\/\/karinas-art.at\/wp-content\/uploads\/2024\/06\/5-senses.webp 1280w\" sizes=\"auto, (max-width: 1024px) 100vw, 1024px\" \/><\/a><\/figure>\n\n\n\n<figure class=\"wp-block-image size-large\"><a href=\"https:\/\/karinas-art.at\/wp-content\/uploads\/2024\/06\/5-senses-03.webp\"><img loading=\"lazy\" decoding=\"async\" width=\"1024\" height=\"686\" data-id=\"2073\" src=\"https:\/\/karinas-art.at\/wp-content\/uploads\/2024\/06\/5-senses-03-1024x686.webp\" alt=\"\" class=\"wp-image-2073\" srcset=\"https:\/\/karinas-art.at\/wp-content\/uploads\/2024\/06\/5-senses-03-1024x686.webp 1024w, https:\/\/karinas-art.at\/wp-content\/uploads\/2024\/06\/5-senses-03-300x201.webp 300w, https:\/\/karinas-art.at\/wp-content\/uploads\/2024\/06\/5-senses-03-768x515.webp 768w, https:\/\/karinas-art.at\/wp-content\/uploads\/2024\/06\/5-senses-03-18x12.webp 18w, https:\/\/karinas-art.at\/wp-content\/uploads\/2024\/06\/5-senses-03.webp 1280w\" sizes=\"auto, (max-width: 1024px) 100vw, 1024px\" \/><\/a><\/figure>\n\n\n\n<figure class=\"wp-block-image size-large\"><a href=\"https:\/\/karinas-art.at\/wp-content\/uploads\/2024\/06\/5-senses-01.webp\"><img loading=\"lazy\" decoding=\"async\" width=\"1024\" height=\"694\" data-id=\"2074\" src=\"https:\/\/karinas-art.at\/wp-content\/uploads\/2024\/06\/5-senses-01-1024x694.webp\" alt=\"\" class=\"wp-image-2074\" srcset=\"https:\/\/karinas-art.at\/wp-content\/uploads\/2024\/06\/5-senses-01-1024x694.webp 1024w, https:\/\/karinas-art.at\/wp-content\/uploads\/2024\/06\/5-senses-01-300x203.webp 300w, https:\/\/karinas-art.at\/wp-content\/uploads\/2024\/06\/5-senses-01-768x520.webp 768w, https:\/\/karinas-art.at\/wp-content\/uploads\/2024\/06\/5-senses-01-18x12.webp 18w, https:\/\/karinas-art.at\/wp-content\/uploads\/2024\/06\/5-senses-01.webp 1280w\" sizes=\"auto, (max-width: 1024px) 100vw, 1024px\" \/><\/a><\/figure>\n\n\n\n<figure class=\"wp-block-image size-large\"><a href=\"https:\/\/karinas-art.at\/wp-content\/uploads\/2024\/06\/5-senses-04.webp\"><img loading=\"lazy\" decoding=\"async\" width=\"1024\" height=\"682\" data-id=\"2075\" src=\"https:\/\/karinas-art.at\/wp-content\/uploads\/2024\/06\/5-senses-04-1024x682.webp\" alt=\"\" class=\"wp-image-2075\" srcset=\"https:\/\/karinas-art.at\/wp-content\/uploads\/2024\/06\/5-senses-04-1024x682.webp 1024w, https:\/\/karinas-art.at\/wp-content\/uploads\/2024\/06\/5-senses-04-300x200.webp 300w, https:\/\/karinas-art.at\/wp-content\/uploads\/2024\/06\/5-senses-04-768x512.webp 768w, https:\/\/karinas-art.at\/wp-content\/uploads\/2024\/06\/5-senses-04-18x12.webp 18w, https:\/\/karinas-art.at\/wp-content\/uploads\/2024\/06\/5-senses-04.webp 1280w\" sizes=\"auto, (max-width: 1024px) 100vw, 1024px\" \/><\/a><\/figure>\n\n\n\n<figure class=\"wp-block-image size-large\"><a href=\"https:\/\/karinas-art.at\/wp-content\/uploads\/2024\/06\/5-senses-05.webp\"><img loading=\"lazy\" decoding=\"async\" width=\"1024\" height=\"682\" data-id=\"2076\" src=\"https:\/\/karinas-art.at\/wp-content\/uploads\/2024\/06\/5-senses-05-1024x682.webp\" alt=\"\" class=\"wp-image-2076\" srcset=\"https:\/\/karinas-art.at\/wp-content\/uploads\/2024\/06\/5-senses-05-1024x682.webp 1024w, https:\/\/karinas-art.at\/wp-content\/uploads\/2024\/06\/5-senses-05-300x200.webp 300w, https:\/\/karinas-art.at\/wp-content\/uploads\/2024\/06\/5-senses-05-768x512.webp 768w, https:\/\/karinas-art.at\/wp-content\/uploads\/2024\/06\/5-senses-05-18x12.webp 18w, https:\/\/karinas-art.at\/wp-content\/uploads\/2024\/06\/5-senses-05.webp 1280w\" sizes=\"auto, (max-width: 1024px) 100vw, 1024px\" \/><\/a><\/figure>\n\n\n\n<figure class=\"wp-block-image size-large\"><a href=\"https:\/\/karinas-art.at\/wp-content\/uploads\/2024\/06\/5-senses-02.webp\"><img loading=\"lazy\" decoding=\"async\" width=\"1024\" height=\"654\" data-id=\"2077\" src=\"https:\/\/karinas-art.at\/wp-content\/uploads\/2024\/06\/5-senses-02-1024x654.webp\" alt=\"\" class=\"wp-image-2077\" srcset=\"https:\/\/karinas-art.at\/wp-content\/uploads\/2024\/06\/5-senses-02-1024x654.webp 1024w, https:\/\/karinas-art.at\/wp-content\/uploads\/2024\/06\/5-senses-02-300x191.webp 300w, https:\/\/karinas-art.at\/wp-content\/uploads\/2024\/06\/5-senses-02-768x490.webp 768w, https:\/\/karinas-art.at\/wp-content\/uploads\/2024\/06\/5-senses-02-18x12.webp 18w, https:\/\/karinas-art.at\/wp-content\/uploads\/2024\/06\/5-senses-02.webp 1280w\" sizes=\"auto, (max-width: 1024px) 100vw, 1024px\" \/><\/a><\/figure>\n<\/figure>\n\n\n\n<h2 class=\"wp-block-heading\">Original on wooden stretcher frame including signature and certificate<\/h2>\n\n\n\n<div class=\"wp-block-columns is-layout-flex wp-container-core-columns-is-layout-9d6595d7 wp-block-columns-is-layout-flex\">\n<div class=\"wp-block-column is-layout-flow wp-block-column-is-layout-flow\" style=\"flex-basis:20%\"><\/div>\n\n\n\n<div class=\"wp-block-column is-layout-flow wp-block-column-is-layout-flow\" style=\"flex-basis:60%\">\n<figure class=\"wp-block-table meinetabellen\"><table><tbody><tr><td><strong>Title:<\/strong><\/td><td>5 Senses<\/td><\/tr><tr><td><strong>Material<\/strong>:<\/td><td>Canvas, Acrylic<\/td><\/tr><tr><td><strong>Size:<\/strong><\/td><td>130 cm x 90 cm<\/td><\/tr><tr><td><strong>Price:<\/strong><\/td><td>Price on request<\/td><\/tr><\/tbody><\/table><\/figure>\n<\/div>\n\n\n\n<div class=\"wp-block-column is-layout-flow wp-block-column-is-layout-flow\" style=\"flex-basis:20%\"><\/div>\n<\/div>\n\n\n\n<h2 class=\"wp-block-heading\">High-quality art print on stretcher frame<\/h2>\n\n\n\n<div class=\"wp-block-columns is-layout-flex wp-container-core-columns-is-layout-9d6595d7 wp-block-columns-is-layout-flex\">\n<div class=\"wp-block-column is-layout-flow wp-block-column-is-layout-flow\" style=\"flex-basis:20%\"><\/div>\n\n\n\n<div class=\"wp-block-column is-layout-flow wp-block-column-is-layout-flow\" style=\"flex-basis:60%\">\n<figure class=\"wp-block-table meinetabellen\"><table><tbody><tr><td><strong>Title:<\/strong><\/td><td>5 Senses<\/td><\/tr><tr><td><strong>Material<\/strong>:<\/td><td>Photo canvas<\/td><\/tr><tr><td><strong>Size:<\/strong><\/td><td>ca. 60 cm x 40 cm<\/td><\/tr><tr><td><strong>Price:<\/strong><\/td><td>\u20ac 250,00,-<\/td><\/tr><\/tbody><\/table><\/figure>\n<\/div>\n\n\n\n<div class=\"wp-block-column is-layout-flow wp-block-column-is-layout-flow\" style=\"flex-basis:20%\"><\/div>\n<\/div>\n\n\n\n<p><strong>The art print is also available in smaller sizes!<\/strong><\/p>\n\n\n\n<div class=\"wp-block-group hastdufragen has-background\" style=\"background-color:#ffe7e8\"><div class=\"wp-block-group__inner-container is-layout-constrained wp-block-group-is-layout-constrained\">\n<h2 class=\"wp-block-heading has-text-align-left\">Do you have any questions or are you interested in purchasing one of my artworks? <br><br>Get in touch with me!<\/h2>\n\n\n\n<div class=\"wp-block-buttons is-content-justification-left is-layout-flex wp-container-core-buttons-is-layout-fdcfc74e wp-block-buttons-is-layout-flex\">\n<div class=\"wp-block-button\"><a class=\"wp-block-button__link wp-element-button\" href=\"https:\/\/karinas-art.at\/en\/kontakt\/\">Contact<\/a><\/div>\n<\/div>\n\n\n\n<p><\/p>\n\n\n\n<h2 class=\"wp-block-heading\"><strong>Discover my artworks on Singulart!<\/strong><\/h2>\n\n\n\n<div class=\"wp-block-buttons is-layout-flex wp-block-buttons-is-layout-flex\">\n<div class=\"wp-block-button\"><a class=\"wp-block-button__link wp-element-button\" href=\"https:\/\/www.singulart.com\/de\/k%C3%BCnstler\/karina-schiefer-61055\" target=\"_blank\" rel=\"noreferrer noopener\">Discover artworks<\/a><\/div>\n<\/div>\n<\/div><\/div>","protected":false},"excerpt":{"rendered":"<p>In diesem Kunstwerk geht es um die f\u00fcnf Sinne und deren Wahrnehmung. Ich m\u00f6chte den Betrachter dazu anregen, sich eigene Gedanken dar\u00fcber zu machen. Titel: 5 Senses Material: Leinwand, Acryl Gr\u00f6\u00dfe: 130 cm x 90 cm Preis: Preis auf Anfrage Hochwertiger Kunstdruck auf Tr\u00e4gerrahmen Titel: 5 Senses Material: Fotoleinwand Gr\u00f6\u00dfe: ca. 60 cm x 40 cm Preis: \u20ac 250,00,-<\/p>","protected":false},"author":2,"featured_media":2071,"parent":0,"menu_order":0,"comment_status":"closed","ping_status":"closed","template":"","meta":{"footnotes":""},"class_list":["post-2069","page","type-page","status-publish","has-post-thumbnail","hentry"],"blocksy_meta":{"styles_descriptor":{"styles":{"desktop":"","tablet":"","mobile":""},"google_fonts":[],"version":5}},"_links":{"self":[{"href":"https:\/\/karinas-art.at\/en\/wp-json\/wp\/v2\/pages\/2069","targetHints":{"allow":["GET"]}}],"collection":[{"href":"https:\/\/karinas-art.at\/en\/wp-json\/wp\/v2\/pages"}],"about":[{"href":"https:\/\/karinas-art.at\/en\/wp-json\/wp\/v2\/types\/page"}],"author":[{"embeddable":true,"href":"https:\/\/karinas-art.at\/en\/wp-json\/wp\/v2\/users\/2"}],"replies":[{"embeddable":true,"href":"https:\/\/karinas-art.at\/en\/wp-json\/wp\/v2\/comments?post=2069"}],"version-history":[{"count":14,"href":"https:\/\/karinas-art.at\/en\/wp-json\/wp\/v2\/pages\/2069\/revisions"}],"predecessor-version":[{"id":2448,"href":"https:\/\/karinas-art.at\/en\/wp-json\/wp\/v2\/pages\/2069\/revisions\/2448"}],"wp:featuredmedia":[{"embeddable":true,"href":"https:\/\/karinas-art.at\/en\/wp-json\/wp\/v2\/media\/2071"}],"wp:attachment":[{"href":"https:\/\/karinas-art.at\/en\/wp-json\/wp\/v2\/media?parent=2069"}],"curies":[{"name":"wp","href":"https:\/\/api.w.org\/{rel}","templated":true}]}}