{"id":248,"date":"2022-01-22T17:54:01","date_gmt":"2022-01-22T16:54:01","guid":{"rendered":"https:\/\/karinas-art.at\/?page_id=248"},"modified":"2023-04-26T12:56:42","modified_gmt":"2023-04-26T10:56:42","slug":"impressum","status":"publish","type":"page","link":"https:\/\/karinas-art.at\/en\/impressum\/","title":{"rendered":"Imprint"},"content":{"rendered":"<p><b>Duty to inform according to \u00a7 5 para. 1 E-Commerce Act and \u00a7 25 Media Act<\/b><\/p><p>Karina&#8217;s Art<br \/>Karina Schiefer<br\/>Bad Mitterndorf 362<br\/>8983 Bad Mitterndorf<br\/>Austria<br\/><\/p><p><b>Represented by:<\/b> Karina Schiefer<br\/><\/p><p><b>Contact:<\/b><br\/>Phone: 436763675823<br\/>E-Mail: info@karinas-art.at<br\/><\/p><p><b>Responsible for the content according to \u00a7 55 Abs. 2 RStV:<\/b><br \/>Karina Schiefer<br\/>Bad Mitterndorf 362<br\/>8983 Bad Mitterndorf<br\/>Austria<br\/><\/p><p><b>Disclaimer<\/b><br \/><\/p><p><b>Responsibility for links:<\/b><br\/>Our offer contains links to external websites of third parties, on whose contents we have no influence. Therefore we cannot assume any liability for these external contents. The respective provider or operator of the sites is always responsible for the contents of the linked sites. The linked pages were checked for possible legal violations at the time of linking. Illegal contents were not identified at the time of linking. However, a permanent control of the contents of the linked pages is not reasonable without concrete evidence of a violation of the law. If we become aware of any infringements, we will remove such links immediately.<\/p><p><b>Liability for content:<\/b><br\/>The contents of our pages were created with the greatest care. However, we cannot assume any liability for the correctness, completeness and topicality of the contents. As a service provider, we are responsible for our own content on these pages in accordance with \u00a7 5 DDG and general laws. According to \u00a7 5 DDG we are not obliged to monitor transmitted or stored information from third parties or to investigate circumstances that indicate illegal activity. Obligations to remove or block the use of information according to general laws remain unaffected. However, liability in this respect is only possible from the time of knowledge of a concrete infringement. If we become aware of any such violations, we will remove the content in question immediately.<\/p><p><b>Copyright<\/b><br \/>The contents and works on these pages created by the site operators are subject to German copyright law. The duplication, editing, distribution and any kind of utilization outside the limits of copyright law require the written consent of the respective author or creator. Downloads and copies of these pages are only permitted for private, non-commercial use. Insofar as the content on this site was not created by the operator, the copyrights of third parties are observed. In particular, third-party content is identified as such. Should you nevertheless become aware of a copyright infringement, please inform us accordingly. If we become aware of any infringements, we will remove such contents immediately.<\/p><br \/>\n\n\n<p><strong>Online dispute resolution<\/strong><br>The European Commission provides at <a href=\"https:\/\/ec.europa.eu\/consumers\/odr\/\">https:\/\/ec.europa.eu\/consumers\/odr\/<\/a> an online dispute resolution platform that consumers can use to resolve disputes, where further information on dispute resolution can also be found.<\/p>\n\n\n\n<p><strong>Alternative dispute resolution<\/strong><br>We are neither obligated nor willing to participate in a dispute resolution procedure before a consumer arbitration board in the event of a dispute with a consumer.<\/p>","protected":false},"excerpt":{"rendered":"<p>Online-StreitbeilegungDie Europ\u00e4ische Kommission stellt unter https:\/\/ec.europa.eu\/consumers\/odr\/ eine Plattform zur Online-Streitbeilegung bereit, die Verbraucher f\u00fcr die Beilegung einer Streitigkeit nutzen k\u00f6nnen und auf der weitere Informationen zum Thema Streitschlichtung zu finden sind. Au\u00dfergerichtliche StreitbeilegungWir sind weder verpflichtet noch dazu bereit, im Falle einer Streitigkeit mit einem Verbraucher an einem Streitbeilegungsverfahren vor einer Verbraucherschlichtungsstelle teilzunehmen.<\/p>","protected":false},"author":2,"featured_media":0,"parent":0,"menu_order":6,"comment_status":"closed","ping_status":"closed","template":"","meta":{"footnotes":""},"class_list":["post-248","page","type-page","status-publish","hentry"],"blocksy_meta":{"styles_descriptor":{"styles":{"desktop":"","tablet":"","mobile":""},"google_fonts":[],"version":5}},"_links":{"self":[{"href":"https:\/\/karinas-art.at\/en\/wp-json\/wp\/v2\/pages\/248","targetHints":{"allow":["GET"]}}],"collection":[{"href":"https:\/\/karinas-art.at\/en\/wp-json\/wp\/v2\/pages"}],"about":[{"href":"https:\/\/karinas-art.at\/en\/wp-json\/wp\/v2\/types\/page"}],"author":[{"embeddable":true,"href":"https:\/\/karinas-art.at\/en\/wp-json\/wp\/v2\/users\/2"}],"replies":[{"embeddable":true,"href":"https:\/\/karinas-art.at\/en\/wp-json\/wp\/v2\/comments?post=248"}],"version-history":[{"count":3,"href":"https:\/\/karinas-art.at\/en\/wp-json\/wp\/v2\/pages\/248\/revisions"}],"predecessor-version":[{"id":1473,"href":"https:\/\/karinas-art.at\/en\/wp-json\/wp\/v2\/pages\/248\/revisions\/1473"}],"wp:attachment":[{"href":"https:\/\/karinas-art.at\/en\/wp-json\/wp\/v2\/media?parent=248"}],"curies":[{"name":"wp","href":"https:\/\/api.w.org\/{rel}","templated":true}]}}