{"id":2660,"date":"2025-04-16T13:28:53","date_gmt":"2025-04-16T11:28:53","guid":{"rendered":"https:\/\/karinas-art.at\/?page_id=2660"},"modified":"2025-04-16T13:38:50","modified_gmt":"2025-04-16T11:38:50","slug":"kunstwerk-expansive-inflation","status":"publish","type":"page","link":"https:\/\/karinas-art.at\/en\/kunstwerk-expansive-inflation\/","title":{"rendered":"Artwork Expansive Inflation"},"content":{"rendered":"<p>This work explores the complex interconnections and consequences of the current economic crisis.<\/p>\n\n\n<div class=\"wp-block-image\">\n<figure class=\"aligncenter size-large\"><img loading=\"lazy\" decoding=\"async\" width=\"705\" height=\"1024\" src=\"https:\/\/karinas-art.at\/wp-content\/uploads\/2025\/04\/expansive-inflation-705x1024.webp\" alt=\"Dieses Werk thematisiert die komplexen Verflechtungen und Folgen der aktuellen Wirtschaftskrise.\" class=\"wp-image-2661\" srcset=\"https:\/\/karinas-art.at\/wp-content\/uploads\/2025\/04\/expansive-inflation-705x1024.webp 705w, https:\/\/karinas-art.at\/wp-content\/uploads\/2025\/04\/expansive-inflation-207x300.webp 207w, https:\/\/karinas-art.at\/wp-content\/uploads\/2025\/04\/expansive-inflation-768x1115.webp 768w, https:\/\/karinas-art.at\/wp-content\/uploads\/2025\/04\/expansive-inflation-1058x1536.webp 1058w, https:\/\/karinas-art.at\/wp-content\/uploads\/2025\/04\/expansive-inflation-8x12.webp 8w, https:\/\/karinas-art.at\/wp-content\/uploads\/2025\/04\/expansive-inflation.webp 1280w\" sizes=\"auto, (max-width: 705px) 100vw, 705px\" \/><\/figure><\/div>\n\n\n<figure class=\"wp-block-gallery aligncenter has-nested-images columns-default is-cropped wp-block-gallery-1 is-layout-flex wp-block-gallery-is-layout-flex\">\n<figure class=\"wp-block-image size-large\"><a href=\"https:\/\/karinas-art.at\/wp-content\/uploads\/2025\/04\/expansive-inflation.webp\"><img loading=\"lazy\" decoding=\"async\" width=\"705\" height=\"1024\" data-id=\"2661\" src=\"https:\/\/karinas-art.at\/wp-content\/uploads\/2025\/04\/expansive-inflation-705x1024.webp\" alt=\"Dieses Werk thematisiert die komplexen Verflechtungen und Folgen der aktuellen Wirtschaftskrise.\" class=\"wp-image-2661\" srcset=\"https:\/\/karinas-art.at\/wp-content\/uploads\/2025\/04\/expansive-inflation-705x1024.webp 705w, https:\/\/karinas-art.at\/wp-content\/uploads\/2025\/04\/expansive-inflation-207x300.webp 207w, https:\/\/karinas-art.at\/wp-content\/uploads\/2025\/04\/expansive-inflation-768x1115.webp 768w, https:\/\/karinas-art.at\/wp-content\/uploads\/2025\/04\/expansive-inflation-1058x1536.webp 1058w, https:\/\/karinas-art.at\/wp-content\/uploads\/2025\/04\/expansive-inflation-8x12.webp 8w, https:\/\/karinas-art.at\/wp-content\/uploads\/2025\/04\/expansive-inflation.webp 1280w\" sizes=\"auto, (max-width: 705px) 100vw, 705px\" \/><\/a><\/figure>\n\n\n\n<figure class=\"wp-block-image size-large\"><a href=\"https:\/\/karinas-art.at\/wp-content\/uploads\/2025\/04\/expansive-inflation-02.webp\"><img loading=\"lazy\" decoding=\"async\" width=\"1024\" height=\"682\" data-id=\"2663\" src=\"https:\/\/karinas-art.at\/wp-content\/uploads\/2025\/04\/expansive-inflation-02-1024x682.webp\" alt=\"Dieses Werk thematisiert die komplexen Verflechtungen und Folgen der aktuellen Wirtschaftskrise.\" class=\"wp-image-2663\" srcset=\"https:\/\/karinas-art.at\/wp-content\/uploads\/2025\/04\/expansive-inflation-02-1024x682.webp 1024w, https:\/\/karinas-art.at\/wp-content\/uploads\/2025\/04\/expansive-inflation-02-300x200.webp 300w, https:\/\/karinas-art.at\/wp-content\/uploads\/2025\/04\/expansive-inflation-02-768x512.webp 768w, https:\/\/karinas-art.at\/wp-content\/uploads\/2025\/04\/expansive-inflation-02-18x12.webp 18w, https:\/\/karinas-art.at\/wp-content\/uploads\/2025\/04\/expansive-inflation-02.webp 1280w\" sizes=\"auto, (max-width: 1024px) 100vw, 1024px\" \/><\/a><\/figure>\n\n\n\n<figure class=\"wp-block-image size-large\"><a href=\"https:\/\/karinas-art.at\/wp-content\/uploads\/2025\/04\/expansive-inflation-01.webp\"><img loading=\"lazy\" decoding=\"async\" width=\"683\" height=\"1024\" data-id=\"2662\" src=\"https:\/\/karinas-art.at\/wp-content\/uploads\/2025\/04\/expansive-inflation-01-683x1024.webp\" alt=\"Dieses Werk thematisiert die komplexen Verflechtungen und Folgen der aktuellen Wirtschaftskrise.\" class=\"wp-image-2662\" srcset=\"https:\/\/karinas-art.at\/wp-content\/uploads\/2025\/04\/expansive-inflation-01-683x1024.webp 683w, https:\/\/karinas-art.at\/wp-content\/uploads\/2025\/04\/expansive-inflation-01-200x300.webp 200w, https:\/\/karinas-art.at\/wp-content\/uploads\/2025\/04\/expansive-inflation-01-768x1152.webp 768w, https:\/\/karinas-art.at\/wp-content\/uploads\/2025\/04\/expansive-inflation-01-1024x1536.webp 1024w, https:\/\/karinas-art.at\/wp-content\/uploads\/2025\/04\/expansive-inflation-01-8x12.webp 8w, https:\/\/karinas-art.at\/wp-content\/uploads\/2025\/04\/expansive-inflation-01.webp 1280w\" sizes=\"auto, (max-width: 683px) 100vw, 683px\" \/><\/a><\/figure>\n\n\n\n<figure class=\"wp-block-image size-large\"><a href=\"https:\/\/karinas-art.at\/wp-content\/uploads\/2025\/04\/expansive-inflation-03.webp\"><img loading=\"lazy\" decoding=\"async\" width=\"671\" height=\"1024\" data-id=\"2664\" src=\"https:\/\/karinas-art.at\/wp-content\/uploads\/2025\/04\/expansive-inflation-03-671x1024.webp\" alt=\"Dieses Werk thematisiert die komplexen Verflechtungen und Folgen der aktuellen Wirtschaftskrise.\" class=\"wp-image-2664\" srcset=\"https:\/\/karinas-art.at\/wp-content\/uploads\/2025\/04\/expansive-inflation-03-671x1024.webp 671w, https:\/\/karinas-art.at\/wp-content\/uploads\/2025\/04\/expansive-inflation-03-197x300.webp 197w, https:\/\/karinas-art.at\/wp-content\/uploads\/2025\/04\/expansive-inflation-03-768x1172.webp 768w, https:\/\/karinas-art.at\/wp-content\/uploads\/2025\/04\/expansive-inflation-03-1006x1536.webp 1006w, https:\/\/karinas-art.at\/wp-content\/uploads\/2025\/04\/expansive-inflation-03-8x12.webp 8w, https:\/\/karinas-art.at\/wp-content\/uploads\/2025\/04\/expansive-inflation-03.webp 1280w\" sizes=\"auto, (max-width: 671px) 100vw, 671px\" \/><\/a><\/figure>\n\n\n\n<figure class=\"wp-block-image size-large\"><a href=\"https:\/\/karinas-art.at\/wp-content\/uploads\/2025\/04\/expansive-inflation-04.webp\"><img loading=\"lazy\" decoding=\"async\" width=\"683\" height=\"1024\" data-id=\"2665\" src=\"https:\/\/karinas-art.at\/wp-content\/uploads\/2025\/04\/expansive-inflation-04-683x1024.webp\" alt=\"Dieses Werk thematisiert die komplexen Verflechtungen und Folgen der aktuellen Wirtschaftskrise.\" class=\"wp-image-2665\" srcset=\"https:\/\/karinas-art.at\/wp-content\/uploads\/2025\/04\/expansive-inflation-04-683x1024.webp 683w, https:\/\/karinas-art.at\/wp-content\/uploads\/2025\/04\/expansive-inflation-04-200x300.webp 200w, https:\/\/karinas-art.at\/wp-content\/uploads\/2025\/04\/expansive-inflation-04-768x1152.webp 768w, https:\/\/karinas-art.at\/wp-content\/uploads\/2025\/04\/expansive-inflation-04-1024x1536.webp 1024w, https:\/\/karinas-art.at\/wp-content\/uploads\/2025\/04\/expansive-inflation-04-8x12.webp 8w, https:\/\/karinas-art.at\/wp-content\/uploads\/2025\/04\/expansive-inflation-04.webp 1280w\" sizes=\"auto, (max-width: 683px) 100vw, 683px\" \/><\/a><\/figure>\n<\/figure>\n\n\n\n<p>At the center is a glass vessel held by hands \u2013 a symbol of the attempt to maintain order in chaos. Almost unnoticed, a barely visible snake winds its way across the image \u2013 a symbol of hidden threats that quietly but profoundly affect. <\/p>\n\n\n\n<p>A cargo ship alludes to the fragility of global trade. Two bees point to species extinction and the disrupted ecological balance. Banknotes and coins represent power, but also the limitations of capital. <\/p>\n\n\n\n<p>Onions and poppies evoke the endangered foundations of agriculture and food. Aircraft silhouettes and a blue bird point to the vulnerability of our environment. A spider in its web symbolizes the feeling of being trapped in an overcomplex system.<\/p>\n\n\n\n<h2 class=\"wp-block-heading\">Original on wooden stretcher frame including signature and certificate<\/h2>\n\n\n\n<div class=\"wp-block-columns is-layout-flex wp-container-core-columns-is-layout-9d6595d7 wp-block-columns-is-layout-flex\">\n<div class=\"wp-block-column is-layout-flow wp-block-column-is-layout-flow\" style=\"flex-basis:20%\"><\/div>\n\n\n\n<div class=\"wp-block-column is-layout-flow wp-block-column-is-layout-flow\" style=\"flex-basis:60%\">\n<figure class=\"wp-block-table meinetabellen\"><table><tbody><tr><td><strong>Title:<\/strong><\/td><td>Expansive Inflation<\/td><\/tr><tr><td><strong>Material<\/strong>:<\/td><td>Canvas, Acrylic<\/td><\/tr><tr><td><strong>Size:<\/strong><\/td><td>130 cm x 90 cm<\/td><\/tr><\/tbody><\/table><\/figure>\n<\/div>\n\n\n\n<div class=\"wp-block-column is-layout-flow wp-block-column-is-layout-flow\" style=\"flex-basis:20%\"><\/div>\n<\/div>\n\n\n\n<div class=\"wp-block-buttons is-layout-flex wp-block-buttons-is-layout-flex\">\n<div class=\"wp-block-button aligncenter\"><a class=\"wp-block-button__link wp-element-button\" href=\"https:\/\/www.singulart.com\/de\/kunstwerke\/karina-schiefer-expansive-inflation-2298901\" target=\"_blank\" rel=\"noreferrer noopener\">Buy now<\/a><\/div>\n<\/div>\n\n\n\n<h2 class=\"wp-block-heading\">High-quality art print on stretcher frame<\/h2>\n\n\n\n<div class=\"wp-block-columns is-layout-flex wp-container-core-columns-is-layout-9d6595d7 wp-block-columns-is-layout-flex\">\n<div class=\"wp-block-column is-layout-flow wp-block-column-is-layout-flow\" style=\"flex-basis:20%\"><\/div>\n\n\n\n<div class=\"wp-block-column is-layout-flow wp-block-column-is-layout-flow\" style=\"flex-basis:60%\">\n<figure class=\"wp-block-table meinetabellen\"><table><tbody><tr><td><strong>Title:<\/strong><\/td><td>Expansive Inflation<\/td><\/tr><tr><td><strong>Material<\/strong>:<\/td><td>Photo canvas<\/td><\/tr><tr><td><strong>Size:<\/strong><\/td><td>ca. 87 cm x 60 cm<\/td><\/tr><tr><td><strong>Price:<\/strong><\/td><td>\u20ac 300,00,-<\/td><\/tr><\/tbody><\/table><\/figure>\n<\/div>\n\n\n\n<div class=\"wp-block-column is-layout-flow wp-block-column-is-layout-flow\" style=\"flex-basis:20%\"><\/div>\n<\/div>\n\n\n\n<p><strong>The art print is also available in smaller sizes!<\/strong><\/p>\n\n\n\n<div class=\"wp-block-group hastdufragen has-background\" style=\"background-color:#ffe7e8\"><div class=\"wp-block-group__inner-container is-layout-constrained wp-block-group-is-layout-constrained\">\n<h2 class=\"wp-block-heading has-text-align-left\">Do you have any questions or are you interested in purchasing one of my artworks? <br><br>Get in touch with me!<\/h2>\n\n\n\n<div class=\"wp-block-buttons is-content-justification-left is-layout-flex wp-container-core-buttons-is-layout-fdcfc74e wp-block-buttons-is-layout-flex\">\n<div class=\"wp-block-button\"><a class=\"wp-block-button__link wp-element-button\" href=\"https:\/\/karinas-art.at\/en\/kontakt\/\">Contact<\/a><\/div>\n<\/div>\n\n\n\n<p><\/p>\n\n\n\n<h2 class=\"wp-block-heading\"><strong>Discover my artworks on Singulart!<\/strong><\/h2>\n\n\n\n<div class=\"wp-block-buttons is-layout-flex wp-block-buttons-is-layout-flex\">\n<div class=\"wp-block-button\"><a class=\"wp-block-button__link wp-element-button\" href=\"https:\/\/www.singulart.com\/de\/k%C3%BCnstler\/karina-schiefer-61055\" target=\"_blank\" rel=\"noreferrer noopener\">Discover artworks<\/a><\/div>\n<\/div>\n<\/div><\/div>","protected":false},"excerpt":{"rendered":"<p>Dieses Werk thematisiert die komplexen Verflechtungen und Folgen der aktuellen Wirtschaftskrise. Im Zentrum steht ein von H\u00e4nden gehaltenes Glasgef\u00e4\u00df \u2013 ein Symbol f\u00fcr den Versuch, Ordnung im Chaos zu bewahren. Fast unbemerkt schl\u00e4ngelt sich eine kaum sichtbare Schlange \u00fcber das Bild \u2013 Sinnbild verborgener Bedrohungen, die leise, aber durchdringend wirken. Ein Frachtschiff verweist auf die Fragilit\u00e4t des globalen Handels. Zwei Bienen deuten auf das Artensterben und das gest\u00f6rte \u00f6kologische Gleichgewicht hin. Geldscheine und M\u00fcnzen stehen f\u00fcr die Macht, aber auch die Begrenztheit des Kapitals. Zwiebeln und Mohnblumen erinnern an die bedrohten Grundlagen von Landwirtschaft und Ern\u00e4hrung. Flugzeugsilhouetten und ein blauer\u2026<\/p>","protected":false},"author":2,"featured_media":2661,"parent":0,"menu_order":0,"comment_status":"closed","ping_status":"closed","template":"","meta":{"footnotes":""},"class_list":["post-2660","page","type-page","status-publish","has-post-thumbnail","hentry"],"blocksy_meta":{"styles_descriptor":{"styles":{"desktop":"","tablet":"","mobile":""},"google_fonts":[],"version":5}},"_links":{"self":[{"href":"https:\/\/karinas-art.at\/en\/wp-json\/wp\/v2\/pages\/2660","targetHints":{"allow":["GET"]}}],"collection":[{"href":"https:\/\/karinas-art.at\/en\/wp-json\/wp\/v2\/pages"}],"about":[{"href":"https:\/\/karinas-art.at\/en\/wp-json\/wp\/v2\/types\/page"}],"author":[{"embeddable":true,"href":"https:\/\/karinas-art.at\/en\/wp-json\/wp\/v2\/users\/2"}],"replies":[{"embeddable":true,"href":"https:\/\/karinas-art.at\/en\/wp-json\/wp\/v2\/comments?post=2660"}],"version-history":[{"count":2,"href":"https:\/\/karinas-art.at\/en\/wp-json\/wp\/v2\/pages\/2660\/revisions"}],"predecessor-version":[{"id":2668,"href":"https:\/\/karinas-art.at\/en\/wp-json\/wp\/v2\/pages\/2660\/revisions\/2668"}],"wp:featuredmedia":[{"embeddable":true,"href":"https:\/\/karinas-art.at\/en\/wp-json\/wp\/v2\/media\/2661"}],"wp:attachment":[{"href":"https:\/\/karinas-art.at\/en\/wp-json\/wp\/v2\/media?parent=2660"}],"curies":[{"name":"wp","href":"https:\/\/api.w.org\/{rel}","templated":true}]}}