{"id":596,"date":"2022-02-13T16:36:08","date_gmt":"2022-02-13T15:36:08","guid":{"rendered":"https:\/\/karinas-art.at\/?page_id=596"},"modified":"2024-07-02T22:30:07","modified_gmt":"2024-07-02T20:30:07","slug":"das-regenwaldsterben","status":"publish","type":"page","link":"https:\/\/karinas-art.at\/en\/portfolio\/das-regenwaldsterben\/","title":{"rendered":"Artwork Destruction of the Rainforest"},"content":{"rendered":"<p>The artwork \"The Death of the Rainforest\" critically examines the global issue of deforestation.<\/p>\n\n\n<div class=\"wp-block-image\">\n<figure class=\"aligncenter size-large is-resized\"><a href=\"https:\/\/karinas-art.at\/wp-content\/uploads\/2024\/02\/das-regenwaldsterben-01.webp\"><img loading=\"lazy\" decoding=\"async\" src=\"https:\/\/karinas-art.at\/wp-content\/uploads\/2024\/02\/das-regenwaldsterben-01-1024x682.webp\" alt=\"Im Vordergrund sieht man Ureinwohner - Kinder sowie Affen und ihre Kinder! Dahinter sind Totensch\u00e4del zu sehen, ganz im Hintergrund brennt der Regenwald!\" class=\"wp-image-1783\" width=\"768\" height=\"512\" srcset=\"https:\/\/karinas-art.at\/wp-content\/uploads\/2024\/02\/das-regenwaldsterben-01-1024x682.webp 1024w, https:\/\/karinas-art.at\/wp-content\/uploads\/2024\/02\/das-regenwaldsterben-01-300x200.webp 300w, https:\/\/karinas-art.at\/wp-content\/uploads\/2024\/02\/das-regenwaldsterben-01-768x512.webp 768w, https:\/\/karinas-art.at\/wp-content\/uploads\/2024\/02\/das-regenwaldsterben-01-18x12.webp 18w, https:\/\/karinas-art.at\/wp-content\/uploads\/2024\/02\/das-regenwaldsterben-01.webp 1280w\" sizes=\"auto, (max-width: 768px) 100vw, 768px\" \/><\/a><\/figure><\/div>\n\n\n<figure class=\"wp-block-gallery has-nested-images columns-default is-cropped wp-block-gallery-1 is-layout-flex wp-block-gallery-is-layout-flex\">\n<figure class=\"wp-block-image size-large\"><a href=\"https:\/\/karinas-art.at\/wp-content\/uploads\/2024\/02\/das-regenwaldsterben-02.webp\"><img loading=\"lazy\" decoding=\"async\" width=\"1024\" height=\"682\" data-id=\"1784\" src=\"https:\/\/karinas-art.at\/wp-content\/uploads\/2024\/02\/das-regenwaldsterben-02-1024x682.webp\" alt=\"Im Vordergrund sieht man Ureinwohner - Kinder sowie Affen und ihre Kinder! Dahinter sind Totensch\u00e4del zu sehen, ganz im Hintergrund brennt der Regenwald!\" class=\"wp-image-1784\" srcset=\"https:\/\/karinas-art.at\/wp-content\/uploads\/2024\/02\/das-regenwaldsterben-02-1024x682.webp 1024w, https:\/\/karinas-art.at\/wp-content\/uploads\/2024\/02\/das-regenwaldsterben-02-300x200.webp 300w, https:\/\/karinas-art.at\/wp-content\/uploads\/2024\/02\/das-regenwaldsterben-02-768x512.webp 768w, https:\/\/karinas-art.at\/wp-content\/uploads\/2024\/02\/das-regenwaldsterben-02-18x12.webp 18w, https:\/\/karinas-art.at\/wp-content\/uploads\/2024\/02\/das-regenwaldsterben-02.webp 1280w\" sizes=\"auto, (max-width: 1024px) 100vw, 1024px\" \/><\/a><\/figure>\n\n\n\n<figure class=\"wp-block-image size-large\"><a href=\"https:\/\/karinas-art.at\/wp-content\/uploads\/2024\/02\/das-regenwaldsterben-03.webp\"><img loading=\"lazy\" decoding=\"async\" width=\"1024\" height=\"682\" data-id=\"1785\" src=\"https:\/\/karinas-art.at\/wp-content\/uploads\/2024\/02\/das-regenwaldsterben-03-1024x682.webp\" alt=\"Im Vordergrund sieht man Ureinwohner - Kinder sowie Affen und ihre Kinder! Dahinter sind Totensch\u00e4del zu sehen, ganz im Hintergrund brennt der Regenwald!\" class=\"wp-image-1785\" srcset=\"https:\/\/karinas-art.at\/wp-content\/uploads\/2024\/02\/das-regenwaldsterben-03-1024x682.webp 1024w, https:\/\/karinas-art.at\/wp-content\/uploads\/2024\/02\/das-regenwaldsterben-03-300x200.webp 300w, https:\/\/karinas-art.at\/wp-content\/uploads\/2024\/02\/das-regenwaldsterben-03-768x512.webp 768w, https:\/\/karinas-art.at\/wp-content\/uploads\/2024\/02\/das-regenwaldsterben-03-18x12.webp 18w, https:\/\/karinas-art.at\/wp-content\/uploads\/2024\/02\/das-regenwaldsterben-03.webp 1280w\" sizes=\"auto, (max-width: 1024px) 100vw, 1024px\" \/><\/a><\/figure>\n\n\n\n<figure class=\"wp-block-image size-large\"><a href=\"https:\/\/karinas-art.at\/wp-content\/uploads\/2024\/02\/das-regenwaldsterben-04.webp\"><img loading=\"lazy\" decoding=\"async\" width=\"1024\" height=\"682\" data-id=\"1786\" src=\"https:\/\/karinas-art.at\/wp-content\/uploads\/2024\/02\/das-regenwaldsterben-04-1024x682.webp\" alt=\"Im Vordergrund sieht man Ureinwohner - Kinder sowie Affen und ihre Kinder! Dahinter sind Totensch\u00e4del zu sehen, ganz im Hintergrund brennt der Regenwald!\" class=\"wp-image-1786\" srcset=\"https:\/\/karinas-art.at\/wp-content\/uploads\/2024\/02\/das-regenwaldsterben-04-1024x682.webp 1024w, https:\/\/karinas-art.at\/wp-content\/uploads\/2024\/02\/das-regenwaldsterben-04-300x200.webp 300w, https:\/\/karinas-art.at\/wp-content\/uploads\/2024\/02\/das-regenwaldsterben-04-768x512.webp 768w, https:\/\/karinas-art.at\/wp-content\/uploads\/2024\/02\/das-regenwaldsterben-04-18x12.webp 18w, https:\/\/karinas-art.at\/wp-content\/uploads\/2024\/02\/das-regenwaldsterben-04.webp 1280w\" sizes=\"auto, (max-width: 1024px) 100vw, 1024px\" \/><\/a><\/figure>\n\n\n\n<figure class=\"wp-block-image size-large\"><a href=\"https:\/\/karinas-art.at\/wp-content\/uploads\/2024\/02\/das-regenwaldsterben-05.webp\"><img loading=\"lazy\" decoding=\"async\" width=\"1024\" height=\"682\" data-id=\"1787\" src=\"https:\/\/karinas-art.at\/wp-content\/uploads\/2024\/02\/das-regenwaldsterben-05-1024x682.webp\" alt=\"Im Vordergrund sieht man Ureinwohner - Kinder sowie Affen und ihre Kinder! Dahinter sind Totensch\u00e4del zu sehen, ganz im Hintergrund brennt der Regenwald!\" class=\"wp-image-1787\" srcset=\"https:\/\/karinas-art.at\/wp-content\/uploads\/2024\/02\/das-regenwaldsterben-05-1024x682.webp 1024w, https:\/\/karinas-art.at\/wp-content\/uploads\/2024\/02\/das-regenwaldsterben-05-300x200.webp 300w, https:\/\/karinas-art.at\/wp-content\/uploads\/2024\/02\/das-regenwaldsterben-05-768x512.webp 768w, https:\/\/karinas-art.at\/wp-content\/uploads\/2024\/02\/das-regenwaldsterben-05-18x12.webp 18w, https:\/\/karinas-art.at\/wp-content\/uploads\/2024\/02\/das-regenwaldsterben-05.webp 1280w\" sizes=\"auto, (max-width: 1024px) 100vw, 1024px\" \/><\/a><\/figure>\n\n\n\n<figure class=\"wp-block-image size-large\"><a href=\"https:\/\/karinas-art.at\/wp-content\/uploads\/2024\/02\/das-regenwaldsterben-06.webp\"><img loading=\"lazy\" decoding=\"async\" width=\"1024\" height=\"682\" data-id=\"1788\" src=\"https:\/\/karinas-art.at\/wp-content\/uploads\/2024\/02\/das-regenwaldsterben-06-1024x682.webp\" alt=\"Im Vordergrund sieht man Ureinwohner - Kinder sowie Affen und ihre Kinder! Dahinter sind Totensch\u00e4del zu sehen, ganz im Hintergrund brennt der Regenwald!\" class=\"wp-image-1788\" srcset=\"https:\/\/karinas-art.at\/wp-content\/uploads\/2024\/02\/das-regenwaldsterben-06-1024x682.webp 1024w, https:\/\/karinas-art.at\/wp-content\/uploads\/2024\/02\/das-regenwaldsterben-06-300x200.webp 300w, https:\/\/karinas-art.at\/wp-content\/uploads\/2024\/02\/das-regenwaldsterben-06-768x512.webp 768w, https:\/\/karinas-art.at\/wp-content\/uploads\/2024\/02\/das-regenwaldsterben-06-18x12.webp 18w, https:\/\/karinas-art.at\/wp-content\/uploads\/2024\/02\/das-regenwaldsterben-06.webp 1280w\" sizes=\"auto, (max-width: 1024px) 100vw, 1024px\" \/><\/a><\/figure>\n\n\n\n<figure class=\"wp-block-image size-large\"><a href=\"https:\/\/karinas-art.at\/wp-content\/uploads\/2024\/02\/das-regenwaldsterben-01.webp\"><img loading=\"lazy\" decoding=\"async\" width=\"1024\" height=\"682\" data-id=\"1783\" src=\"https:\/\/karinas-art.at\/wp-content\/uploads\/2024\/02\/das-regenwaldsterben-01-1024x682.webp\" alt=\"Im Vordergrund sieht man Ureinwohner - Kinder sowie Affen und ihre Kinder! Dahinter sind Totensch\u00e4del zu sehen, ganz im Hintergrund brennt der Regenwald!\" class=\"wp-image-1783\" srcset=\"https:\/\/karinas-art.at\/wp-content\/uploads\/2024\/02\/das-regenwaldsterben-01-1024x682.webp 1024w, https:\/\/karinas-art.at\/wp-content\/uploads\/2024\/02\/das-regenwaldsterben-01-300x200.webp 300w, https:\/\/karinas-art.at\/wp-content\/uploads\/2024\/02\/das-regenwaldsterben-01-768x512.webp 768w, https:\/\/karinas-art.at\/wp-content\/uploads\/2024\/02\/das-regenwaldsterben-01-18x12.webp 18w, https:\/\/karinas-art.at\/wp-content\/uploads\/2024\/02\/das-regenwaldsterben-01.webp 1280w\" sizes=\"auto, (max-width: 1024px) 100vw, 1024px\" \/><\/a><\/figure>\n<\/figure>\n\n\n\n<h2 class=\"wp-block-heading\">Original on wooden stretcher frame including signature and certificate<\/h2>\n\n\n\n<div class=\"wp-block-columns is-layout-flex wp-container-core-columns-is-layout-9d6595d7 wp-block-columns-is-layout-flex\">\n<div class=\"wp-block-column is-layout-flow wp-block-column-is-layout-flow\" style=\"flex-basis:20%\"><\/div>\n\n\n\n<div class=\"wp-block-column is-layout-flow wp-block-column-is-layout-flow\" style=\"flex-basis:60%\">\n<figure class=\"wp-block-table meinetabellen\"><table><tbody><tr><td><strong>Title:<\/strong><\/td><td>Destruction of the Rainforest<\/td><\/tr><tr><td><strong>Material<\/strong>:<\/td><td>Canvas, Acrylic<\/td><\/tr><tr><td><strong>Size:<\/strong><\/td><td>70 cm x 70 cm<\/td><\/tr><tr><td><strong>Price:<\/strong><\/td><td>\u20ac 450,00,-<\/td><\/tr><\/tbody><\/table><\/figure>\n<\/div>\n\n\n\n<div class=\"wp-block-column is-layout-flow wp-block-column-is-layout-flow\" style=\"flex-basis:20%\"><\/div>\n<\/div>\n\n\n\n<h2 class=\"wp-block-heading\">High-quality art print on stretcher frame<\/h2>\n\n\n\n<div class=\"wp-block-columns is-layout-flex wp-container-core-columns-is-layout-9d6595d7 wp-block-columns-is-layout-flex\">\n<div class=\"wp-block-column is-layout-flow wp-block-column-is-layout-flow\" style=\"flex-basis:20%\"><\/div>\n\n\n\n<div class=\"wp-block-column is-layout-flow wp-block-column-is-layout-flow\" style=\"flex-basis:60%\">\n<figure class=\"wp-block-table meinetabellen\"><table><tbody><tr><td><strong>Title:<\/strong><\/td><td>Destruction of the Rainforest<\/td><\/tr><tr><td><strong>Material<\/strong>:<\/td><td>Photo canvas<\/td><\/tr><tr><td><strong>Size:<\/strong><\/td><td>ca. 40 cm x 40 cm<\/td><\/tr><tr><td><strong>Price:<\/strong><\/td><td>\u20ac 190,00,-<\/td><\/tr><\/tbody><\/table><\/figure>\n<\/div>\n\n\n\n<div class=\"wp-block-column is-layout-flow wp-block-column-is-layout-flow\" style=\"flex-basis:20%\"><\/div>\n<\/div>\n\n\n\n<p><strong>The art print is also available in smaller sizes!<\/strong><\/p>\n\n\n\n<div class=\"wp-block-group hastdufragen has-background\" style=\"background-color:#ffe7e8\"><div class=\"wp-block-group__inner-container is-layout-constrained wp-block-group-is-layout-constrained\">\n<h2 class=\"wp-block-heading has-text-align-left\">Do you have any questions or are you interested in purchasing one of my artworks? <br><br>Get in touch with me!<\/h2>\n\n\n\n<div class=\"wp-block-buttons is-content-justification-left is-layout-flex wp-container-core-buttons-is-layout-fdcfc74e wp-block-buttons-is-layout-flex\">\n<div class=\"wp-block-button\"><a class=\"wp-block-button__link wp-element-button\" href=\"https:\/\/karinas-art.at\/en\/kontakt\/\">Contact<\/a><\/div>\n<\/div>\n\n\n\n<p><\/p>\n\n\n\n<h2 class=\"wp-block-heading\"><strong>Discover my artworks on Singulart!<\/strong><\/h2>\n\n\n\n<div class=\"wp-block-buttons is-layout-flex wp-block-buttons-is-layout-flex\">\n<div class=\"wp-block-button\"><a class=\"wp-block-button__link wp-element-button\" href=\"https:\/\/www.singulart.com\/de\/k%C3%BCnstler\/karina-schiefer-61055\" target=\"_blank\" rel=\"noreferrer noopener\">Discover artworks<\/a><\/div>\n<\/div>\n<\/div><\/div>","protected":false},"excerpt":{"rendered":"<p>Das Kunstwerk &#8222;Das Regenwaldsterben&#8220; setzt sich sozialkritisch mit dem weltweiten Waldsterben auseinander. Titel: Das Regenwaldsterben Material: Leinwand, Acryl Gr\u00f6\u00dfe: 70 cm x 70 cm Preis: \u20ac 450,00,- Hochwertiger Kunstdruck auf Tr\u00e4gerrahmen Titel: Das Regenwaldsterben Material: Fotoleinwand Gr\u00f6\u00dfe: ca. 40 cm x 40 cm Preis: \u20ac 190,00,-<\/p>","protected":false},"author":2,"featured_media":0,"parent":186,"menu_order":1,"comment_status":"closed","ping_status":"closed","template":"","meta":{"footnotes":""},"class_list":["post-596","page","type-page","status-publish","hentry"],"blocksy_meta":{"styles_descriptor":{"styles":{"desktop":"","tablet":"","mobile":""},"google_fonts":[],"version":5}},"_links":{"self":[{"href":"https:\/\/karinas-art.at\/en\/wp-json\/wp\/v2\/pages\/596","targetHints":{"allow":["GET"]}}],"collection":[{"href":"https:\/\/karinas-art.at\/en\/wp-json\/wp\/v2\/pages"}],"about":[{"href":"https:\/\/karinas-art.at\/en\/wp-json\/wp\/v2\/types\/page"}],"author":[{"embeddable":true,"href":"https:\/\/karinas-art.at\/en\/wp-json\/wp\/v2\/users\/2"}],"replies":[{"embeddable":true,"href":"https:\/\/karinas-art.at\/en\/wp-json\/wp\/v2\/comments?post=596"}],"version-history":[{"count":26,"href":"https:\/\/karinas-art.at\/en\/wp-json\/wp\/v2\/pages\/596\/revisions"}],"predecessor-version":[{"id":2461,"href":"https:\/\/karinas-art.at\/en\/wp-json\/wp\/v2\/pages\/596\/revisions\/2461"}],"up":[{"embeddable":true,"href":"https:\/\/karinas-art.at\/en\/wp-json\/wp\/v2\/pages\/186"}],"wp:attachment":[{"href":"https:\/\/karinas-art.at\/en\/wp-json\/wp\/v2\/media?parent=596"}],"curies":[{"name":"wp","href":"https:\/\/api.w.org\/{rel}","templated":true}]}}