{"id":632,"date":"2022-02-14T16:06:30","date_gmt":"2022-02-14T15:06:30","guid":{"rendered":"https:\/\/karinas-art.at\/?page_id=632"},"modified":"2024-07-02T17:46:16","modified_gmt":"2024-07-02T15:46:16","slug":"die-pest","status":"publish","type":"page","link":"https:\/\/karinas-art.at\/en\/portfolio\/die-pest\/","title":{"rendered":"Artwork The Plague"},"content":{"rendered":"<p>The reason for this artwork was various demonstrations for women's rights.<\/p>\n\n\n<div class=\"wp-block-image\">\n<figure class=\"aligncenter size-large\"><img loading=\"lazy\" decoding=\"async\" width=\"683\" height=\"1024\" src=\"https:\/\/karinas-art.at\/wp-content\/uploads\/2022\/02\/die-pest-01-683x1024.jpg\" alt=\"Die Pest von Karina Schiefer\" class=\"wp-image-637\" srcset=\"https:\/\/karinas-art.at\/wp-content\/uploads\/2022\/02\/die-pest-01-683x1024.jpg 683w, https:\/\/karinas-art.at\/wp-content\/uploads\/2022\/02\/die-pest-01-200x300.jpg 200w, https:\/\/karinas-art.at\/wp-content\/uploads\/2022\/02\/die-pest-01-768x1152.jpg 768w, https:\/\/karinas-art.at\/wp-content\/uploads\/2022\/02\/die-pest-01-1024x1536.jpg 1024w, https:\/\/karinas-art.at\/wp-content\/uploads\/2022\/02\/die-pest-01.jpg 1280w\" sizes=\"auto, (max-width: 683px) 100vw, 683px\" \/><\/figure><\/div>\n\n\n<figure class=\"wp-block-gallery has-nested-images columns-default is-cropped wp-block-gallery-1 is-layout-flex wp-block-gallery-is-layout-flex\">\n<figure class=\"wp-block-image size-large\"><a href=\"https:\/\/karinas-art.at\/wp-content\/uploads\/2022\/02\/die-pest-02.jpg\"><img loading=\"lazy\" decoding=\"async\" width=\"1280\" height=\"1920\" data-id=\"638\" src=\"https:\/\/karinas-art.at\/wp-content\/uploads\/2022\/02\/die-pest-02.jpg\" alt=\"\" class=\"wp-image-638\" srcset=\"https:\/\/karinas-art.at\/wp-content\/uploads\/2022\/02\/die-pest-02.jpg 1280w, https:\/\/karinas-art.at\/wp-content\/uploads\/2022\/02\/die-pest-02-200x300.jpg 200w, https:\/\/karinas-art.at\/wp-content\/uploads\/2022\/02\/die-pest-02-683x1024.jpg 683w, https:\/\/karinas-art.at\/wp-content\/uploads\/2022\/02\/die-pest-02-768x1152.jpg 768w, https:\/\/karinas-art.at\/wp-content\/uploads\/2022\/02\/die-pest-02-1024x1536.jpg 1024w\" sizes=\"auto, (max-width: 1280px) 100vw, 1280px\" \/><\/a><\/figure>\n\n\n\n<figure class=\"wp-block-image size-large\"><a href=\"https:\/\/karinas-art.at\/wp-content\/uploads\/2022\/02\/die-pest-03.jpg\"><img loading=\"lazy\" decoding=\"async\" width=\"1280\" height=\"1920\" data-id=\"639\" src=\"https:\/\/karinas-art.at\/wp-content\/uploads\/2022\/02\/die-pest-03.jpg\" alt=\"\" class=\"wp-image-639\" srcset=\"https:\/\/karinas-art.at\/wp-content\/uploads\/2022\/02\/die-pest-03.jpg 1280w, https:\/\/karinas-art.at\/wp-content\/uploads\/2022\/02\/die-pest-03-200x300.jpg 200w, https:\/\/karinas-art.at\/wp-content\/uploads\/2022\/02\/die-pest-03-683x1024.jpg 683w, https:\/\/karinas-art.at\/wp-content\/uploads\/2022\/02\/die-pest-03-768x1152.jpg 768w, https:\/\/karinas-art.at\/wp-content\/uploads\/2022\/02\/die-pest-03-1024x1536.jpg 1024w\" sizes=\"auto, (max-width: 1280px) 100vw, 1280px\" \/><\/a><\/figure>\n\n\n\n<figure class=\"wp-block-image size-large\"><a href=\"https:\/\/karinas-art.at\/wp-content\/uploads\/2022\/02\/die-pest-04.jpg\"><img loading=\"lazy\" decoding=\"async\" width=\"1280\" height=\"853\" data-id=\"640\" src=\"https:\/\/karinas-art.at\/wp-content\/uploads\/2022\/02\/die-pest-04.jpg\" alt=\"\" class=\"wp-image-640\" srcset=\"https:\/\/karinas-art.at\/wp-content\/uploads\/2022\/02\/die-pest-04.jpg 1280w, https:\/\/karinas-art.at\/wp-content\/uploads\/2022\/02\/die-pest-04-300x200.jpg 300w, https:\/\/karinas-art.at\/wp-content\/uploads\/2022\/02\/die-pest-04-1024x682.jpg 1024w, https:\/\/karinas-art.at\/wp-content\/uploads\/2022\/02\/die-pest-04-768x512.jpg 768w\" sizes=\"auto, (max-width: 1280px) 100vw, 1280px\" \/><\/a><\/figure>\n\n\n\n<figure class=\"wp-block-image size-large\"><a href=\"https:\/\/karinas-art.at\/wp-content\/uploads\/2022\/02\/die-pest-05.jpg\"><img loading=\"lazy\" decoding=\"async\" width=\"1280\" height=\"1920\" data-id=\"641\" src=\"https:\/\/karinas-art.at\/wp-content\/uploads\/2022\/02\/die-pest-05.jpg\" alt=\"\" class=\"wp-image-641\" srcset=\"https:\/\/karinas-art.at\/wp-content\/uploads\/2022\/02\/die-pest-05.jpg 1280w, https:\/\/karinas-art.at\/wp-content\/uploads\/2022\/02\/die-pest-05-200x300.jpg 200w, https:\/\/karinas-art.at\/wp-content\/uploads\/2022\/02\/die-pest-05-683x1024.jpg 683w, https:\/\/karinas-art.at\/wp-content\/uploads\/2022\/02\/die-pest-05-768x1152.jpg 768w, https:\/\/karinas-art.at\/wp-content\/uploads\/2022\/02\/die-pest-05-1024x1536.jpg 1024w\" sizes=\"auto, (max-width: 1280px) 100vw, 1280px\" \/><\/a><\/figure>\n\n\n\n<figure class=\"wp-block-image size-large\"><a href=\"https:\/\/karinas-art.at\/wp-content\/uploads\/2022\/02\/die-pest-01.jpg\"><img loading=\"lazy\" decoding=\"async\" width=\"1280\" height=\"1920\" data-id=\"637\" src=\"https:\/\/karinas-art.at\/wp-content\/uploads\/2022\/02\/die-pest-01.jpg\" alt=\"Die Pest von Karina Schiefer\" class=\"wp-image-637\" srcset=\"https:\/\/karinas-art.at\/wp-content\/uploads\/2022\/02\/die-pest-01.jpg 1280w, https:\/\/karinas-art.at\/wp-content\/uploads\/2022\/02\/die-pest-01-200x300.jpg 200w, https:\/\/karinas-art.at\/wp-content\/uploads\/2022\/02\/die-pest-01-683x1024.jpg 683w, https:\/\/karinas-art.at\/wp-content\/uploads\/2022\/02\/die-pest-01-768x1152.jpg 768w, https:\/\/karinas-art.at\/wp-content\/uploads\/2022\/02\/die-pest-01-1024x1536.jpg 1024w\" sizes=\"auto, (max-width: 1280px) 100vw, 1280px\" \/><\/a><\/figure>\n<\/figure>\n\n\n\n<h2 class=\"wp-block-heading\">Original on wooden stretcher frame including signature and certificate<\/h2>\n\n\n\n<div class=\"wp-block-columns is-layout-flex wp-container-core-columns-is-layout-9d6595d7 wp-block-columns-is-layout-flex\">\n<div class=\"wp-block-column is-layout-flow wp-block-column-is-layout-flow\" style=\"flex-basis:20%\"><\/div>\n\n\n\n<div class=\"wp-block-column is-layout-flow wp-block-column-is-layout-flow\" style=\"flex-basis:60%\">\n<figure class=\"wp-block-table meinetabellen\"><table><tbody><tr><td><strong>Title:<\/strong><\/td><td>The Plague<\/td><\/tr><tr><td><strong>Material<\/strong>:<\/td><td>Canvas, Acrylic<\/td><\/tr><tr><td><strong>Size:<\/strong><\/td><td>40 cm x 50 cm<\/td><\/tr><tr><td><strong>Price:<\/strong><\/td><td>\u20ac 200,00,-<\/td><\/tr><\/tbody><\/table><\/figure>\n<\/div>\n\n\n\n<div class=\"wp-block-column is-layout-flow wp-block-column-is-layout-flow\" style=\"flex-basis:20%\"><\/div>\n<\/div>\n\n\n\n<h2 class=\"wp-block-heading\">High-quality art print on stretcher frame<\/h2>\n\n\n\n<div class=\"wp-block-columns is-layout-flex wp-container-core-columns-is-layout-9d6595d7 wp-block-columns-is-layout-flex\">\n<div class=\"wp-block-column is-layout-flow wp-block-column-is-layout-flow\" style=\"flex-basis:20%\"><\/div>\n\n\n\n<div class=\"wp-block-column is-layout-flow wp-block-column-is-layout-flow\" style=\"flex-basis:60%\">\n<figure class=\"wp-block-table meinetabellen\"><table><tbody><tr><td><strong>Title:<\/strong><\/td><td>The Plague<\/td><\/tr><tr><td><strong>Material<\/strong>:<\/td><td>Photo canvas<\/td><\/tr><tr><td><strong>Size:<\/strong><\/td><td>ca. 30 cm x 40 cm<\/td><\/tr><tr><td><strong>Price:<\/strong><\/td><td>\u20ac 130,00,-<\/td><\/tr><\/tbody><\/table><\/figure>\n<\/div>\n\n\n\n<div class=\"wp-block-column is-layout-flow wp-block-column-is-layout-flow\" style=\"flex-basis:20%\"><\/div>\n<\/div>\n\n\n\n<div class=\"wp-block-group hastdufragen has-background\" style=\"background-color:#ffe7e8\"><div class=\"wp-block-group__inner-container is-layout-constrained wp-block-group-is-layout-constrained\">\n<h2 class=\"wp-block-heading has-text-align-left\">Do you have any questions or are you interested in purchasing one of my artworks? <br><br>Get in touch with me!<\/h2>\n\n\n\n<div class=\"wp-block-buttons is-content-justification-left is-layout-flex wp-container-core-buttons-is-layout-fdcfc74e wp-block-buttons-is-layout-flex\">\n<div class=\"wp-block-button\"><a class=\"wp-block-button__link wp-element-button\" href=\"https:\/\/karinas-art.at\/en\/kontakt\/\">Contact<\/a><\/div>\n<\/div>\n\n\n\n<p><\/p>\n\n\n\n<h2 class=\"wp-block-heading\"><strong>Discover my artworks on Singulart!<\/strong><\/h2>\n\n\n\n<div class=\"wp-block-buttons is-layout-flex wp-block-buttons-is-layout-flex\">\n<div class=\"wp-block-button\"><a class=\"wp-block-button__link wp-element-button\" href=\"https:\/\/www.singulart.com\/de\/k%C3%BCnstler\/karina-schiefer-61055\" target=\"_blank\" rel=\"noreferrer noopener\">Discover artworks<\/a><\/div>\n<\/div>\n<\/div><\/div>","protected":false},"excerpt":{"rendered":"<p>Der Grund f\u00fcr dieses Kunstwerk waren diverse Demonstrationen f\u00fcr die Frauenrechte. Titel: Die Pest Material: Leinwand, Acryl Gr\u00f6\u00dfe: 40 cm x 50 cm Preis: \u20ac 200,00,- Hochwertiger Kunstdruck auf Tr\u00e4gerrahmen Titel: Die Pest Material: Fotoleinwand Gr\u00f6\u00dfe: ca. 30 cm x 40 cm Preis: \u20ac 130,00,-<\/p>","protected":false},"author":2,"featured_media":637,"parent":186,"menu_order":2,"comment_status":"closed","ping_status":"closed","template":"","meta":{"footnotes":""},"class_list":["post-632","page","type-page","status-publish","has-post-thumbnail","hentry"],"blocksy_meta":{"styles_descriptor":{"styles":{"desktop":"","tablet":"","mobile":""},"google_fonts":[],"version":5}},"_links":{"self":[{"href":"https:\/\/karinas-art.at\/en\/wp-json\/wp\/v2\/pages\/632","targetHints":{"allow":["GET"]}}],"collection":[{"href":"https:\/\/karinas-art.at\/en\/wp-json\/wp\/v2\/pages"}],"about":[{"href":"https:\/\/karinas-art.at\/en\/wp-json\/wp\/v2\/types\/page"}],"author":[{"embeddable":true,"href":"https:\/\/karinas-art.at\/en\/wp-json\/wp\/v2\/users\/2"}],"replies":[{"embeddable":true,"href":"https:\/\/karinas-art.at\/en\/wp-json\/wp\/v2\/comments?post=632"}],"version-history":[{"count":21,"href":"https:\/\/karinas-art.at\/en\/wp-json\/wp\/v2\/pages\/632\/revisions"}],"predecessor-version":[{"id":2394,"href":"https:\/\/karinas-art.at\/en\/wp-json\/wp\/v2\/pages\/632\/revisions\/2394"}],"up":[{"embeddable":true,"href":"https:\/\/karinas-art.at\/en\/wp-json\/wp\/v2\/pages\/186"}],"wp:featuredmedia":[{"embeddable":true,"href":"https:\/\/karinas-art.at\/en\/wp-json\/wp\/v2\/media\/637"}],"wp:attachment":[{"href":"https:\/\/karinas-art.at\/en\/wp-json\/wp\/v2\/media?parent=632"}],"curies":[{"name":"wp","href":"https:\/\/api.w.org\/{rel}","templated":true}]}}