{"id":670,"date":"2022-02-16T14:27:38","date_gmt":"2022-02-16T13:27:38","guid":{"rendered":"https:\/\/karinas-art.at\/?page_id=670"},"modified":"2024-07-02T18:15:54","modified_gmt":"2024-07-02T16:15:54","slug":"die-liebe","status":"publish","type":"page","link":"https:\/\/karinas-art.at\/en\/portfolio\/die-liebe\/","title":{"rendered":"Artwork The Love"},"content":{"rendered":"<p>The artwork \"Love\" depicts two divers exploring space.<\/p>\n\n\n<div class=\"wp-block-image\">\n<figure class=\"aligncenter size-large is-resized\"><a href=\"https:\/\/karinas-art.at\/wp-content\/uploads\/2024\/02\/die-liebe-01.webp\"><img loading=\"lazy\" decoding=\"async\" src=\"https:\/\/karinas-art.at\/wp-content\/uploads\/2024\/02\/die-liebe-01-944x1024.webp\" alt=\"Ein Astronaut und eine Meerjungfrau befinden sich eng umschlungen im Vordergrund, im Hintergrund sieht man Planeten \u00e4hnliche Objekte!\" class=\"wp-image-1772\" width=\"708\" height=\"768\" srcset=\"https:\/\/karinas-art.at\/wp-content\/uploads\/2024\/02\/die-liebe-01-944x1024.webp 944w, https:\/\/karinas-art.at\/wp-content\/uploads\/2024\/02\/die-liebe-01-276x300.webp 276w, https:\/\/karinas-art.at\/wp-content\/uploads\/2024\/02\/die-liebe-01-768x833.webp 768w, https:\/\/karinas-art.at\/wp-content\/uploads\/2024\/02\/die-liebe-01-11x12.webp 11w, https:\/\/karinas-art.at\/wp-content\/uploads\/2024\/02\/die-liebe-01.webp 1280w\" sizes=\"auto, (max-width: 708px) 100vw, 708px\" \/><\/a><\/figure><\/div>\n\n\n<figure class=\"wp-block-gallery has-nested-images columns-2 is-cropped wp-block-gallery-1 is-layout-flex wp-block-gallery-is-layout-flex\">\n<figure class=\"wp-block-image size-large\"><a href=\"https:\/\/karinas-art.at\/en\/die-liebe-05-2\/\"><img loading=\"lazy\" decoding=\"async\" width=\"683\" height=\"1024\" data-id=\"1776\" src=\"https:\/\/karinas-art.at\/wp-content\/uploads\/2024\/02\/die-liebe-05-683x1024.webp\" alt=\"Ein Astronaut und eine Meerjungfrau befinden sich eng umschlungen im Vordergrund, im Hintergrund sieht man Planeten \u00e4hnliche Objekte!\" class=\"wp-image-1776\" srcset=\"https:\/\/karinas-art.at\/wp-content\/uploads\/2024\/02\/die-liebe-05-683x1024.webp 683w, https:\/\/karinas-art.at\/wp-content\/uploads\/2024\/02\/die-liebe-05-200x300.webp 200w, https:\/\/karinas-art.at\/wp-content\/uploads\/2024\/02\/die-liebe-05-768x1152.webp 768w, https:\/\/karinas-art.at\/wp-content\/uploads\/2024\/02\/die-liebe-05-1024x1536.webp 1024w, https:\/\/karinas-art.at\/wp-content\/uploads\/2024\/02\/die-liebe-05-8x12.webp 8w, https:\/\/karinas-art.at\/wp-content\/uploads\/2024\/02\/die-liebe-05.webp 1280w\" sizes=\"auto, (max-width: 683px) 100vw, 683px\" \/><\/a><\/figure>\n\n\n\n<figure class=\"wp-block-image size-large\"><a href=\"https:\/\/karinas-art.at\/en\/die-liebe-02-2\/\"><img loading=\"lazy\" decoding=\"async\" width=\"683\" height=\"1024\" data-id=\"1773\" src=\"https:\/\/karinas-art.at\/wp-content\/uploads\/2024\/02\/die-liebe-02-683x1024.webp\" alt=\"Ein Astronaut und eine Meerjungfrau befinden sich eng umschlungen im Vordergrund, im Hintergrund sieht man Planeten \u00e4hnliche Objekte!\" class=\"wp-image-1773\" srcset=\"https:\/\/karinas-art.at\/wp-content\/uploads\/2024\/02\/die-liebe-02-683x1024.webp 683w, https:\/\/karinas-art.at\/wp-content\/uploads\/2024\/02\/die-liebe-02-200x300.webp 200w, https:\/\/karinas-art.at\/wp-content\/uploads\/2024\/02\/die-liebe-02-768x1152.webp 768w, https:\/\/karinas-art.at\/wp-content\/uploads\/2024\/02\/die-liebe-02-1024x1536.webp 1024w, https:\/\/karinas-art.at\/wp-content\/uploads\/2024\/02\/die-liebe-02-8x12.webp 8w, https:\/\/karinas-art.at\/wp-content\/uploads\/2024\/02\/die-liebe-02.webp 1280w\" sizes=\"auto, (max-width: 683px) 100vw, 683px\" \/><\/a><\/figure>\n\n\n\n<figure class=\"wp-block-image size-large\"><a href=\"https:\/\/karinas-art.at\/en\/die-liebe-03-2\/\"><img loading=\"lazy\" decoding=\"async\" width=\"683\" height=\"1024\" data-id=\"1774\" src=\"https:\/\/karinas-art.at\/wp-content\/uploads\/2024\/02\/die-liebe-03-683x1024.webp\" alt=\"Ein Astronaut und eine Meerjungfrau befinden sich eng umschlungen im Vordergrund, im Hintergrund sieht man Planeten \u00e4hnliche Objekte!\" class=\"wp-image-1774\" srcset=\"https:\/\/karinas-art.at\/wp-content\/uploads\/2024\/02\/die-liebe-03-683x1024.webp 683w, https:\/\/karinas-art.at\/wp-content\/uploads\/2024\/02\/die-liebe-03-200x300.webp 200w, https:\/\/karinas-art.at\/wp-content\/uploads\/2024\/02\/die-liebe-03-768x1152.webp 768w, https:\/\/karinas-art.at\/wp-content\/uploads\/2024\/02\/die-liebe-03-1024x1536.webp 1024w, https:\/\/karinas-art.at\/wp-content\/uploads\/2024\/02\/die-liebe-03-8x12.webp 8w, https:\/\/karinas-art.at\/wp-content\/uploads\/2024\/02\/die-liebe-03.webp 1280w\" sizes=\"auto, (max-width: 683px) 100vw, 683px\" \/><\/a><\/figure>\n\n\n\n<figure class=\"wp-block-image size-large\"><a href=\"https:\/\/karinas-art.at\/en\/die-liebe-04-2\/\"><img loading=\"lazy\" decoding=\"async\" width=\"683\" height=\"1024\" data-id=\"1775\" src=\"https:\/\/karinas-art.at\/wp-content\/uploads\/2024\/02\/die-liebe-04-683x1024.webp\" alt=\"Ein Astronaut und eine Meerjungfrau befinden sich eng umschlungen im Vordergrund, im Hintergrund sieht man Planeten \u00e4hnliche Objekte!\" class=\"wp-image-1775\" srcset=\"https:\/\/karinas-art.at\/wp-content\/uploads\/2024\/02\/die-liebe-04-683x1024.webp 683w, https:\/\/karinas-art.at\/wp-content\/uploads\/2024\/02\/die-liebe-04-200x300.webp 200w, https:\/\/karinas-art.at\/wp-content\/uploads\/2024\/02\/die-liebe-04-768x1152.webp 768w, https:\/\/karinas-art.at\/wp-content\/uploads\/2024\/02\/die-liebe-04-1024x1536.webp 1024w, https:\/\/karinas-art.at\/wp-content\/uploads\/2024\/02\/die-liebe-04-8x12.webp 8w, https:\/\/karinas-art.at\/wp-content\/uploads\/2024\/02\/die-liebe-04.webp 1280w\" sizes=\"auto, (max-width: 683px) 100vw, 683px\" \/><\/a><\/figure>\n<\/figure>\n\n\n\n<h2 class=\"wp-block-heading\">Original on wooden stretcher frame including signature and certificate<\/h2>\n\n\n\n<div class=\"wp-block-columns is-layout-flex wp-container-core-columns-is-layout-9d6595d7 wp-block-columns-is-layout-flex\">\n<div class=\"wp-block-column is-layout-flow wp-block-column-is-layout-flow\" style=\"flex-basis:20%\"><\/div>\n\n\n\n<div class=\"wp-block-column is-layout-flow wp-block-column-is-layout-flow\" style=\"flex-basis:60%\">\n<figure class=\"wp-block-table meinetabellen\"><table><tbody><tr><td><strong>Title:<\/strong><\/td><td>Love<\/td><\/tr><tr><td><strong>Material<\/strong>:<\/td><td>Canvas, Acrylic<\/td><\/tr><tr><td><strong>Size:<\/strong><\/td><td>80 cm x 60 cm<\/td><\/tr><tr><td><strong>Price:<\/strong><\/td><td>\u20ac 350,00,-<\/td><\/tr><\/tbody><\/table><\/figure>\n<\/div>\n\n\n\n<div class=\"wp-block-column is-layout-flow wp-block-column-is-layout-flow\" style=\"flex-basis:20%\"><\/div>\n<\/div>\n\n\n\n<h2 class=\"wp-block-heading\">High-quality art print on stretcher frame<\/h2>\n\n\n\n<div class=\"wp-block-columns is-layout-flex wp-container-core-columns-is-layout-9d6595d7 wp-block-columns-is-layout-flex\">\n<div class=\"wp-block-column is-layout-flow wp-block-column-is-layout-flow\" style=\"flex-basis:20%\"><\/div>\n\n\n\n<div class=\"wp-block-column is-layout-flow wp-block-column-is-layout-flow\" style=\"flex-basis:60%\">\n<figure class=\"wp-block-table meinetabellen\"><table><tbody><tr><td><strong>Title:<\/strong><\/td><td>Love<\/td><\/tr><tr><td><strong>Material<\/strong>:<\/td><td>Photo canvas<\/td><\/tr><tr><td><strong>Size:<\/strong><\/td><td>ca. 30 cm x 40 cm<\/td><\/tr><tr><td><strong>Price:<\/strong><\/td><td>\u20ac 115,00,-<\/td><\/tr><\/tbody><\/table><\/figure>\n<\/div>\n\n\n\n<div class=\"wp-block-column is-layout-flow wp-block-column-is-layout-flow\" style=\"flex-basis:20%\"><\/div>\n<\/div>\n\n\n\n<div class=\"wp-block-group hastdufragen has-background\" style=\"background-color:#ffe7e8\"><div class=\"wp-block-group__inner-container is-layout-constrained wp-block-group-is-layout-constrained\">\n<h2 class=\"wp-block-heading has-text-align-left\">Do you have any questions or are you interested in purchasing one of my artworks? <br><br>Get in touch with me!<\/h2>\n\n\n\n<div class=\"wp-block-buttons is-content-justification-left is-layout-flex wp-container-core-buttons-is-layout-fdcfc74e wp-block-buttons-is-layout-flex\">\n<div class=\"wp-block-button\"><a class=\"wp-block-button__link wp-element-button\" href=\"https:\/\/karinas-art.at\/en\/kontakt\/\">Contact<\/a><\/div>\n<\/div>\n\n\n\n<p><\/p>\n\n\n\n<h2 class=\"wp-block-heading\"><strong>Discover my artworks on Singulart!<\/strong><\/h2>\n\n\n\n<div class=\"wp-block-buttons is-layout-flex wp-block-buttons-is-layout-flex\">\n<div class=\"wp-block-button\"><a class=\"wp-block-button__link wp-element-button\" href=\"https:\/\/www.singulart.com\/de\/k%C3%BCnstler\/karina-schiefer-61055\" target=\"_blank\" rel=\"noreferrer noopener\">Discover artworks<\/a><\/div>\n<\/div>\n<\/div><\/div>","protected":false},"excerpt":{"rendered":"<p>Das Kunstwerk &#8222;Die Liebe&#8220; zeigt 2 Taucher, die sich im Weltall aufhalten. Titel: Die Liebe Material: Leinwand, Acryl Gr\u00f6\u00dfe: 80 cm x 60 cm Preis: \u20ac 350,00,- Hochwertiger Kunstdruck auf Tr\u00e4gerrahmen Titel: Die Liebe Material: Fotoleinwand Gr\u00f6\u00dfe: ca. 30 cm x 40 cm Preis: \u20ac 115,00,-<\/p>","protected":false},"author":2,"featured_media":0,"parent":186,"menu_order":5,"comment_status":"closed","ping_status":"closed","template":"","meta":{"footnotes":""},"class_list":["post-670","page","type-page","status-publish","hentry"],"blocksy_meta":{"styles_descriptor":{"styles":{"desktop":"","tablet":"","mobile":""},"google_fonts":[],"version":5}},"_links":{"self":[{"href":"https:\/\/karinas-art.at\/en\/wp-json\/wp\/v2\/pages\/670","targetHints":{"allow":["GET"]}}],"collection":[{"href":"https:\/\/karinas-art.at\/en\/wp-json\/wp\/v2\/pages"}],"about":[{"href":"https:\/\/karinas-art.at\/en\/wp-json\/wp\/v2\/types\/page"}],"author":[{"embeddable":true,"href":"https:\/\/karinas-art.at\/en\/wp-json\/wp\/v2\/users\/2"}],"replies":[{"embeddable":true,"href":"https:\/\/karinas-art.at\/en\/wp-json\/wp\/v2\/comments?post=670"}],"version-history":[{"count":39,"href":"https:\/\/karinas-art.at\/en\/wp-json\/wp\/v2\/pages\/670\/revisions"}],"predecessor-version":[{"id":2399,"href":"https:\/\/karinas-art.at\/en\/wp-json\/wp\/v2\/pages\/670\/revisions\/2399"}],"up":[{"embeddable":true,"href":"https:\/\/karinas-art.at\/en\/wp-json\/wp\/v2\/pages\/186"}],"wp:attachment":[{"href":"https:\/\/karinas-art.at\/en\/wp-json\/wp\/v2\/media?parent=670"}],"curies":[{"name":"wp","href":"https:\/\/api.w.org\/{rel}","templated":true}]}}