{"id":686,"date":"2022-02-16T15:38:58","date_gmt":"2022-02-16T14:38:58","guid":{"rendered":"https:\/\/karinas-art.at\/?page_id=686"},"modified":"2024-07-02T22:32:41","modified_gmt":"2024-07-02T20:32:41","slug":"die-menschheit","status":"publish","type":"page","link":"https:\/\/karinas-art.at\/en\/portfolio\/die-menschheit\/","title":{"rendered":"Artwork The Humanity"},"content":{"rendered":"<p>With the artwork \"Humanity,\" I draw attention to the issues of our modern times.<\/p>\n\n\n<div class=\"wp-block-image\">\n<figure class=\"aligncenter size-large\"><img loading=\"lazy\" decoding=\"async\" width=\"683\" height=\"1024\" src=\"https:\/\/karinas-art.at\/wp-content\/uploads\/2022\/02\/die-menschheit-01-683x1024.jpg\" alt=\"\" class=\"wp-image-679\" srcset=\"https:\/\/karinas-art.at\/wp-content\/uploads\/2022\/02\/die-menschheit-01-683x1024.jpg 683w, https:\/\/karinas-art.at\/wp-content\/uploads\/2022\/02\/die-menschheit-01-200x300.jpg 200w, https:\/\/karinas-art.at\/wp-content\/uploads\/2022\/02\/die-menschheit-01-768x1152.jpg 768w, https:\/\/karinas-art.at\/wp-content\/uploads\/2022\/02\/die-menschheit-01-1024x1536.jpg 1024w, https:\/\/karinas-art.at\/wp-content\/uploads\/2022\/02\/die-menschheit-01.jpg 1280w\" sizes=\"auto, (max-width: 683px) 100vw, 683px\" \/><\/figure><\/div>\n\n\n<figure class=\"wp-block-gallery has-nested-images columns-default is-cropped wp-block-gallery-1 is-layout-flex wp-block-gallery-is-layout-flex\">\n<figure class=\"wp-block-image size-large\"><a href=\"https:\/\/karinas-art.at\/wp-content\/uploads\/2022\/02\/die-menschheit-02.jpg\"><img loading=\"lazy\" decoding=\"async\" width=\"1280\" height=\"1920\" data-id=\"680\" src=\"https:\/\/karinas-art.at\/wp-content\/uploads\/2022\/02\/die-menschheit-02.jpg\" alt=\"\" class=\"wp-image-680\" srcset=\"https:\/\/karinas-art.at\/wp-content\/uploads\/2022\/02\/die-menschheit-02.jpg 1280w, https:\/\/karinas-art.at\/wp-content\/uploads\/2022\/02\/die-menschheit-02-200x300.jpg 200w, https:\/\/karinas-art.at\/wp-content\/uploads\/2022\/02\/die-menschheit-02-683x1024.jpg 683w, https:\/\/karinas-art.at\/wp-content\/uploads\/2022\/02\/die-menschheit-02-768x1152.jpg 768w, https:\/\/karinas-art.at\/wp-content\/uploads\/2022\/02\/die-menschheit-02-1024x1536.jpg 1024w\" sizes=\"auto, (max-width: 1280px) 100vw, 1280px\" \/><\/a><\/figure>\n\n\n\n<figure class=\"wp-block-image size-large\"><a href=\"https:\/\/karinas-art.at\/wp-content\/uploads\/2022\/02\/die-menschheit-03.jpg\"><img loading=\"lazy\" decoding=\"async\" width=\"1280\" height=\"853\" data-id=\"681\" src=\"https:\/\/karinas-art.at\/wp-content\/uploads\/2022\/02\/die-menschheit-03.jpg\" alt=\"\" class=\"wp-image-681\" srcset=\"https:\/\/karinas-art.at\/wp-content\/uploads\/2022\/02\/die-menschheit-03.jpg 1280w, https:\/\/karinas-art.at\/wp-content\/uploads\/2022\/02\/die-menschheit-03-300x200.jpg 300w, https:\/\/karinas-art.at\/wp-content\/uploads\/2022\/02\/die-menschheit-03-1024x682.jpg 1024w, https:\/\/karinas-art.at\/wp-content\/uploads\/2022\/02\/die-menschheit-03-768x512.jpg 768w\" sizes=\"auto, (max-width: 1280px) 100vw, 1280px\" \/><\/a><\/figure>\n\n\n\n<figure class=\"wp-block-image size-large\"><a href=\"https:\/\/karinas-art.at\/wp-content\/uploads\/2022\/02\/die-menschheit-04.jpg\"><img loading=\"lazy\" decoding=\"async\" width=\"1280\" height=\"1920\" data-id=\"682\" src=\"https:\/\/karinas-art.at\/wp-content\/uploads\/2022\/02\/die-menschheit-04.jpg\" alt=\"\" class=\"wp-image-682\" srcset=\"https:\/\/karinas-art.at\/wp-content\/uploads\/2022\/02\/die-menschheit-04.jpg 1280w, https:\/\/karinas-art.at\/wp-content\/uploads\/2022\/02\/die-menschheit-04-200x300.jpg 200w, https:\/\/karinas-art.at\/wp-content\/uploads\/2022\/02\/die-menschheit-04-683x1024.jpg 683w, https:\/\/karinas-art.at\/wp-content\/uploads\/2022\/02\/die-menschheit-04-768x1152.jpg 768w, https:\/\/karinas-art.at\/wp-content\/uploads\/2022\/02\/die-menschheit-04-1024x1536.jpg 1024w\" sizes=\"auto, (max-width: 1280px) 100vw, 1280px\" \/><\/a><\/figure>\n\n\n\n<figure class=\"wp-block-image size-large\"><a href=\"https:\/\/karinas-art.at\/wp-content\/uploads\/2022\/02\/die-menschheit-05.jpg\"><img loading=\"lazy\" decoding=\"async\" width=\"1280\" height=\"1920\" data-id=\"683\" src=\"https:\/\/karinas-art.at\/wp-content\/uploads\/2022\/02\/die-menschheit-05.jpg\" alt=\"\" class=\"wp-image-683\" srcset=\"https:\/\/karinas-art.at\/wp-content\/uploads\/2022\/02\/die-menschheit-05.jpg 1280w, https:\/\/karinas-art.at\/wp-content\/uploads\/2022\/02\/die-menschheit-05-200x300.jpg 200w, https:\/\/karinas-art.at\/wp-content\/uploads\/2022\/02\/die-menschheit-05-683x1024.jpg 683w, https:\/\/karinas-art.at\/wp-content\/uploads\/2022\/02\/die-menschheit-05-768x1152.jpg 768w, https:\/\/karinas-art.at\/wp-content\/uploads\/2022\/02\/die-menschheit-05-1024x1536.jpg 1024w\" sizes=\"auto, (max-width: 1280px) 100vw, 1280px\" \/><\/a><\/figure>\n\n\n\n<figure class=\"wp-block-image size-large\"><a href=\"https:\/\/karinas-art.at\/wp-content\/uploads\/2022\/02\/die-menschheit-06.jpg\"><img loading=\"lazy\" decoding=\"async\" width=\"1280\" height=\"853\" data-id=\"684\" src=\"https:\/\/karinas-art.at\/wp-content\/uploads\/2022\/02\/die-menschheit-06.jpg\" alt=\"\" class=\"wp-image-684\" srcset=\"https:\/\/karinas-art.at\/wp-content\/uploads\/2022\/02\/die-menschheit-06.jpg 1280w, https:\/\/karinas-art.at\/wp-content\/uploads\/2022\/02\/die-menschheit-06-300x200.jpg 300w, https:\/\/karinas-art.at\/wp-content\/uploads\/2022\/02\/die-menschheit-06-1024x682.jpg 1024w, https:\/\/karinas-art.at\/wp-content\/uploads\/2022\/02\/die-menschheit-06-768x512.jpg 768w\" sizes=\"auto, (max-width: 1280px) 100vw, 1280px\" \/><\/a><\/figure>\n\n\n\n<figure class=\"wp-block-image size-large\"><a href=\"https:\/\/karinas-art.at\/wp-content\/uploads\/2022\/02\/die-menschheit-07.jpg\"><img loading=\"lazy\" decoding=\"async\" width=\"1280\" height=\"1920\" data-id=\"685\" src=\"https:\/\/karinas-art.at\/wp-content\/uploads\/2022\/02\/die-menschheit-07.jpg\" alt=\"\" class=\"wp-image-685\" srcset=\"https:\/\/karinas-art.at\/wp-content\/uploads\/2022\/02\/die-menschheit-07.jpg 1280w, https:\/\/karinas-art.at\/wp-content\/uploads\/2022\/02\/die-menschheit-07-200x300.jpg 200w, https:\/\/karinas-art.at\/wp-content\/uploads\/2022\/02\/die-menschheit-07-683x1024.jpg 683w, https:\/\/karinas-art.at\/wp-content\/uploads\/2022\/02\/die-menschheit-07-768x1152.jpg 768w, https:\/\/karinas-art.at\/wp-content\/uploads\/2022\/02\/die-menschheit-07-1024x1536.jpg 1024w\" sizes=\"auto, (max-width: 1280px) 100vw, 1280px\" \/><\/a><\/figure>\n\n\n\n<figure class=\"wp-block-image size-large\"><a href=\"https:\/\/karinas-art.at\/wp-content\/uploads\/2022\/02\/die-menschheit-01.jpg\"><img loading=\"lazy\" decoding=\"async\" width=\"1280\" height=\"1920\" data-id=\"679\" src=\"https:\/\/karinas-art.at\/wp-content\/uploads\/2022\/02\/die-menschheit-01.jpg\" alt=\"\" class=\"wp-image-679\" srcset=\"https:\/\/karinas-art.at\/wp-content\/uploads\/2022\/02\/die-menschheit-01.jpg 1280w, https:\/\/karinas-art.at\/wp-content\/uploads\/2022\/02\/die-menschheit-01-200x300.jpg 200w, https:\/\/karinas-art.at\/wp-content\/uploads\/2022\/02\/die-menschheit-01-683x1024.jpg 683w, https:\/\/karinas-art.at\/wp-content\/uploads\/2022\/02\/die-menschheit-01-768x1152.jpg 768w, https:\/\/karinas-art.at\/wp-content\/uploads\/2022\/02\/die-menschheit-01-1024x1536.jpg 1024w\" sizes=\"auto, (max-width: 1280px) 100vw, 1280px\" \/><\/a><\/figure>\n<\/figure>\n\n\n\n<h2 class=\"wp-block-heading\">Original on wooden stretcher frame including signature and certificate<\/h2>\n\n\n\n<div class=\"wp-block-columns is-layout-flex wp-container-core-columns-is-layout-9d6595d7 wp-block-columns-is-layout-flex\">\n<div class=\"wp-block-column is-layout-flow wp-block-column-is-layout-flow\" style=\"flex-basis:20%\"><\/div>\n\n\n\n<div class=\"wp-block-column is-layout-flow wp-block-column-is-layout-flow\" style=\"flex-basis:60%\">\n<figure class=\"wp-block-table meinetabellen\"><table><tbody><tr><td><strong>Title:<\/strong><\/td><td>The Humanity<\/td><\/tr><tr><td><strong>Material<\/strong>:<\/td><td>Canvas, Acrylic<\/td><\/tr><tr><td><strong>Size:<\/strong><\/td><td>210 cm x 70 cm<\/td><\/tr><tr><td><strong>Price:<\/strong><\/td><td>Price on request<\/td><\/tr><\/tbody><\/table><\/figure>\n<\/div>\n\n\n\n<div class=\"wp-block-column is-layout-flow wp-block-column-is-layout-flow\" style=\"flex-basis:20%\"><\/div>\n<\/div>\n\n\n\n<div class=\"wp-block-group hastdufragen has-background\" style=\"background-color:#ffe7e8\"><div class=\"wp-block-group__inner-container is-layout-constrained wp-block-group-is-layout-constrained\">\n<h2 class=\"wp-block-heading has-text-align-left\">Do you have any questions or are you interested in purchasing one of my artworks? <br><br>Get in touch with me!<\/h2>\n\n\n\n<div class=\"wp-block-buttons is-content-justification-left is-layout-flex wp-container-core-buttons-is-layout-fdcfc74e wp-block-buttons-is-layout-flex\">\n<div class=\"wp-block-button\"><a class=\"wp-block-button__link wp-element-button\" href=\"https:\/\/karinas-art.at\/en\/kontakt\/\">Contact<\/a><\/div>\n<\/div>\n\n\n\n<p><\/p>\n\n\n\n<h2 class=\"wp-block-heading\"><strong>Discover my artworks on Singulart!<\/strong><\/h2>\n\n\n\n<div class=\"wp-block-buttons is-layout-flex wp-block-buttons-is-layout-flex\">\n<div class=\"wp-block-button\"><a class=\"wp-block-button__link wp-element-button\" href=\"https:\/\/www.singulart.com\/de\/k%C3%BCnstler\/karina-schiefer-61055\" target=\"_blank\" rel=\"noreferrer noopener\">Discover artworks<\/a><\/div>\n<\/div>\n<\/div><\/div>","protected":false},"excerpt":{"rendered":"<p>Mit dem Kunstwerk &#8222;Die Menschheit&#8220;, mache ich auf die Missst\u00e4nde der heutigen Zeit aufmerksam. Titel: Die Menschheit Material: Leinwand, Acryl Gr\u00f6\u00dfe: 210 cm x 70 cm Preis: Preis auf Anfrage<\/p>","protected":false},"author":2,"featured_media":680,"parent":186,"menu_order":6,"comment_status":"closed","ping_status":"closed","template":"","meta":{"footnotes":""},"class_list":["post-686","page","type-page","status-publish","has-post-thumbnail","hentry"],"blocksy_meta":{"styles_descriptor":{"styles":{"desktop":"","tablet":"","mobile":""},"google_fonts":[],"version":5}},"_links":{"self":[{"href":"https:\/\/karinas-art.at\/en\/wp-json\/wp\/v2\/pages\/686","targetHints":{"allow":["GET"]}}],"collection":[{"href":"https:\/\/karinas-art.at\/en\/wp-json\/wp\/v2\/pages"}],"about":[{"href":"https:\/\/karinas-art.at\/en\/wp-json\/wp\/v2\/types\/page"}],"author":[{"embeddable":true,"href":"https:\/\/karinas-art.at\/en\/wp-json\/wp\/v2\/users\/2"}],"replies":[{"embeddable":true,"href":"https:\/\/karinas-art.at\/en\/wp-json\/wp\/v2\/comments?post=686"}],"version-history":[{"count":15,"href":"https:\/\/karinas-art.at\/en\/wp-json\/wp\/v2\/pages\/686\/revisions"}],"predecessor-version":[{"id":2464,"href":"https:\/\/karinas-art.at\/en\/wp-json\/wp\/v2\/pages\/686\/revisions\/2464"}],"up":[{"embeddable":true,"href":"https:\/\/karinas-art.at\/en\/wp-json\/wp\/v2\/pages\/186"}],"wp:featuredmedia":[{"embeddable":true,"href":"https:\/\/karinas-art.at\/en\/wp-json\/wp\/v2\/media\/680"}],"wp:attachment":[{"href":"https:\/\/karinas-art.at\/en\/wp-json\/wp\/v2\/media?parent=686"}],"curies":[{"name":"wp","href":"https:\/\/api.w.org\/{rel}","templated":true}]}}