{"id":771,"date":"2022-08-22T15:28:08","date_gmt":"2022-08-22T13:28:08","guid":{"rendered":"https:\/\/karinas-art.at\/?page_id=771"},"modified":"2024-07-02T22:31:42","modified_gmt":"2024-07-02T20:31:42","slug":"das-kartenhaus","status":"publish","type":"page","link":"https:\/\/karinas-art.at\/en\/portfolio\/das-kartenhaus\/","title":{"rendered":"Artwork The Card House"},"content":{"rendered":"<p>The artwork \"The Card House\" summarizes the entire year of 2021 in a socially critical manner.<\/p>\n\n\n<div class=\"wp-block-image\">\n<figure class=\"aligncenter size-large\"><img loading=\"lazy\" decoding=\"async\" width=\"1024\" height=\"880\" src=\"https:\/\/karinas-art.at\/wp-content\/uploads\/2022\/10\/das-kartenhaus-1024x880.webp\" alt=\"\" class=\"wp-image-1338\" srcset=\"https:\/\/karinas-art.at\/wp-content\/uploads\/2022\/10\/das-kartenhaus-1024x880.webp 1024w, https:\/\/karinas-art.at\/wp-content\/uploads\/2022\/10\/das-kartenhaus-300x258.webp 300w, https:\/\/karinas-art.at\/wp-content\/uploads\/2022\/10\/das-kartenhaus-768x660.webp 768w, https:\/\/karinas-art.at\/wp-content\/uploads\/2022\/10\/das-kartenhaus-14x12.webp 14w, https:\/\/karinas-art.at\/wp-content\/uploads\/2022\/10\/das-kartenhaus.webp 1280w\" sizes=\"auto, (max-width: 1024px) 100vw, 1024px\" \/><\/figure><\/div>\n\n\n<figure class=\"wp-block-gallery has-nested-images columns-default is-cropped wp-block-gallery-1 is-layout-flex wp-block-gallery-is-layout-flex\">\n<figure class=\"wp-block-image size-large\"><a href=\"https:\/\/karinas-art.at\/wp-content\/uploads\/2022\/10\/das-kartenhaus-01.webp\"><img loading=\"lazy\" decoding=\"async\" width=\"1024\" height=\"702\" data-id=\"1341\" src=\"https:\/\/karinas-art.at\/wp-content\/uploads\/2022\/10\/das-kartenhaus-01-1024x702.webp\" alt=\"\" class=\"wp-image-1341\" srcset=\"https:\/\/karinas-art.at\/wp-content\/uploads\/2022\/10\/das-kartenhaus-01-1024x702.webp 1024w, https:\/\/karinas-art.at\/wp-content\/uploads\/2022\/10\/das-kartenhaus-01-300x206.webp 300w, https:\/\/karinas-art.at\/wp-content\/uploads\/2022\/10\/das-kartenhaus-01-768x526.webp 768w, https:\/\/karinas-art.at\/wp-content\/uploads\/2022\/10\/das-kartenhaus-01-18x12.webp 18w, https:\/\/karinas-art.at\/wp-content\/uploads\/2022\/10\/das-kartenhaus-01.webp 1280w\" sizes=\"auto, (max-width: 1024px) 100vw, 1024px\" \/><\/a><\/figure>\n\n\n\n<figure class=\"wp-block-image size-large\"><a href=\"https:\/\/karinas-art.at\/wp-content\/uploads\/2022\/10\/das-kartenhaus-02.webp\"><img loading=\"lazy\" decoding=\"async\" width=\"1024\" height=\"682\" data-id=\"1342\" src=\"https:\/\/karinas-art.at\/wp-content\/uploads\/2022\/10\/das-kartenhaus-02-1024x682.webp\" alt=\"\" class=\"wp-image-1342\" srcset=\"https:\/\/karinas-art.at\/wp-content\/uploads\/2022\/10\/das-kartenhaus-02-1024x682.webp 1024w, https:\/\/karinas-art.at\/wp-content\/uploads\/2022\/10\/das-kartenhaus-02-300x200.webp 300w, https:\/\/karinas-art.at\/wp-content\/uploads\/2022\/10\/das-kartenhaus-02-768x512.webp 768w, https:\/\/karinas-art.at\/wp-content\/uploads\/2022\/10\/das-kartenhaus-02-18x12.webp 18w, https:\/\/karinas-art.at\/wp-content\/uploads\/2022\/10\/das-kartenhaus-02.webp 1280w\" sizes=\"auto, (max-width: 1024px) 100vw, 1024px\" \/><\/a><\/figure>\n\n\n\n<figure class=\"wp-block-image size-large\"><a href=\"https:\/\/karinas-art.at\/wp-content\/uploads\/2022\/10\/das-kartenhaus-03.webp\"><img loading=\"lazy\" decoding=\"async\" width=\"1024\" height=\"744\" data-id=\"1343\" src=\"https:\/\/karinas-art.at\/wp-content\/uploads\/2022\/10\/das-kartenhaus-03-1024x744.webp\" alt=\"\" class=\"wp-image-1343\" srcset=\"https:\/\/karinas-art.at\/wp-content\/uploads\/2022\/10\/das-kartenhaus-03-1024x744.webp 1024w, https:\/\/karinas-art.at\/wp-content\/uploads\/2022\/10\/das-kartenhaus-03-300x218.webp 300w, https:\/\/karinas-art.at\/wp-content\/uploads\/2022\/10\/das-kartenhaus-03-768x558.webp 768w, https:\/\/karinas-art.at\/wp-content\/uploads\/2022\/10\/das-kartenhaus-03-18x12.webp 18w, https:\/\/karinas-art.at\/wp-content\/uploads\/2022\/10\/das-kartenhaus-03.webp 1280w\" sizes=\"auto, (max-width: 1024px) 100vw, 1024px\" \/><\/a><\/figure>\n\n\n\n<figure class=\"wp-block-image size-large\"><a href=\"https:\/\/karinas-art.at\/wp-content\/uploads\/2022\/10\/das-kartenhaus-04.webp\"><img loading=\"lazy\" decoding=\"async\" width=\"1024\" height=\"696\" data-id=\"1346\" src=\"https:\/\/karinas-art.at\/wp-content\/uploads\/2022\/10\/das-kartenhaus-04-1024x696.webp\" alt=\"\" class=\"wp-image-1346\" srcset=\"https:\/\/karinas-art.at\/wp-content\/uploads\/2022\/10\/das-kartenhaus-04-1024x696.webp 1024w, https:\/\/karinas-art.at\/wp-content\/uploads\/2022\/10\/das-kartenhaus-04-300x204.webp 300w, https:\/\/karinas-art.at\/wp-content\/uploads\/2022\/10\/das-kartenhaus-04-768x522.webp 768w, https:\/\/karinas-art.at\/wp-content\/uploads\/2022\/10\/das-kartenhaus-04-18x12.webp 18w, https:\/\/karinas-art.at\/wp-content\/uploads\/2022\/10\/das-kartenhaus-04.webp 1280w\" sizes=\"auto, (max-width: 1024px) 100vw, 1024px\" \/><\/a><\/figure>\n\n\n\n<figure class=\"wp-block-image size-large\"><a href=\"https:\/\/karinas-art.at\/wp-content\/uploads\/2022\/10\/das-kartenhaus-05.webp\"><img loading=\"lazy\" decoding=\"async\" width=\"1024\" height=\"727\" data-id=\"1345\" src=\"https:\/\/karinas-art.at\/wp-content\/uploads\/2022\/10\/das-kartenhaus-05-1024x727.webp\" alt=\"\" class=\"wp-image-1345\" srcset=\"https:\/\/karinas-art.at\/wp-content\/uploads\/2022\/10\/das-kartenhaus-05-1024x727.webp 1024w, https:\/\/karinas-art.at\/wp-content\/uploads\/2022\/10\/das-kartenhaus-05-300x213.webp 300w, https:\/\/karinas-art.at\/wp-content\/uploads\/2022\/10\/das-kartenhaus-05-768x545.webp 768w, https:\/\/karinas-art.at\/wp-content\/uploads\/2022\/10\/das-kartenhaus-05-18x12.webp 18w, https:\/\/karinas-art.at\/wp-content\/uploads\/2022\/10\/das-kartenhaus-05.webp 1280w\" sizes=\"auto, (max-width: 1024px) 100vw, 1024px\" \/><\/a><\/figure>\n\n\n\n<figure class=\"wp-block-image size-large\"><a href=\"https:\/\/karinas-art.at\/wp-content\/uploads\/2022\/10\/das-kartenhaus-06.webp\"><img loading=\"lazy\" decoding=\"async\" width=\"1024\" height=\"650\" data-id=\"1344\" src=\"https:\/\/karinas-art.at\/wp-content\/uploads\/2022\/10\/das-kartenhaus-06-1024x650.webp\" alt=\"\" class=\"wp-image-1344\" srcset=\"https:\/\/karinas-art.at\/wp-content\/uploads\/2022\/10\/das-kartenhaus-06-1024x650.webp 1024w, https:\/\/karinas-art.at\/wp-content\/uploads\/2022\/10\/das-kartenhaus-06-300x191.webp 300w, https:\/\/karinas-art.at\/wp-content\/uploads\/2022\/10\/das-kartenhaus-06-768x488.webp 768w, https:\/\/karinas-art.at\/wp-content\/uploads\/2022\/10\/das-kartenhaus-06-18x12.webp 18w, https:\/\/karinas-art.at\/wp-content\/uploads\/2022\/10\/das-kartenhaus-06.webp 1280w\" sizes=\"auto, (max-width: 1024px) 100vw, 1024px\" \/><\/a><\/figure>\n\n\n\n<figure class=\"wp-block-image size-large\"><a href=\"https:\/\/karinas-art.at\/wp-content\/uploads\/2022\/10\/das-kartenhaus-07.webp\"><img loading=\"lazy\" decoding=\"async\" width=\"1024\" height=\"650\" data-id=\"1347\" src=\"https:\/\/karinas-art.at\/wp-content\/uploads\/2022\/10\/das-kartenhaus-07-1024x650.webp\" alt=\"\" class=\"wp-image-1347\" srcset=\"https:\/\/karinas-art.at\/wp-content\/uploads\/2022\/10\/das-kartenhaus-07-1024x650.webp 1024w, https:\/\/karinas-art.at\/wp-content\/uploads\/2022\/10\/das-kartenhaus-07-300x190.webp 300w, https:\/\/karinas-art.at\/wp-content\/uploads\/2022\/10\/das-kartenhaus-07-768x487.webp 768w, https:\/\/karinas-art.at\/wp-content\/uploads\/2022\/10\/das-kartenhaus-07-18x12.webp 18w, https:\/\/karinas-art.at\/wp-content\/uploads\/2022\/10\/das-kartenhaus-07.webp 1280w\" sizes=\"auto, (max-width: 1024px) 100vw, 1024px\" \/><\/a><\/figure>\n\n\n\n<figure class=\"wp-block-image size-large\"><a href=\"https:\/\/karinas-art.at\/wp-content\/uploads\/2022\/10\/das-kartenhaus-08.webp\"><img loading=\"lazy\" decoding=\"async\" width=\"1024\" height=\"682\" data-id=\"1348\" src=\"https:\/\/karinas-art.at\/wp-content\/uploads\/2022\/10\/das-kartenhaus-08-1024x682.webp\" alt=\"\" class=\"wp-image-1348\" srcset=\"https:\/\/karinas-art.at\/wp-content\/uploads\/2022\/10\/das-kartenhaus-08-1024x682.webp 1024w, https:\/\/karinas-art.at\/wp-content\/uploads\/2022\/10\/das-kartenhaus-08-300x200.webp 300w, https:\/\/karinas-art.at\/wp-content\/uploads\/2022\/10\/das-kartenhaus-08-768x512.webp 768w, https:\/\/karinas-art.at\/wp-content\/uploads\/2022\/10\/das-kartenhaus-08-18x12.webp 18w, https:\/\/karinas-art.at\/wp-content\/uploads\/2022\/10\/das-kartenhaus-08.webp 1280w\" sizes=\"auto, (max-width: 1024px) 100vw, 1024px\" \/><\/a><\/figure>\n<\/figure>\n\n\n\n<h2 class=\"wp-block-heading\">Original on wooden stretcher frame including signature and certificate<\/h2>\n\n\n\n<div class=\"wp-block-columns is-layout-flex wp-container-core-columns-is-layout-9d6595d7 wp-block-columns-is-layout-flex\">\n<div class=\"wp-block-column is-layout-flow wp-block-column-is-layout-flow\" style=\"flex-basis:20%\"><\/div>\n\n\n\n<div class=\"wp-block-column is-layout-flow wp-block-column-is-layout-flow\" style=\"flex-basis:60%\">\n<figure class=\"wp-block-table meinetabellen\"><table><tbody><tr><td><strong>Title:<\/strong><\/td><td>The Card House<\/td><\/tr><tr><td><strong>Material<\/strong>:<\/td><td>Canvas, Acrylic<\/td><\/tr><tr><td><strong>Size:<\/strong><\/td><td>150 cm x 130 cm<\/td><\/tr><tr><td><strong>Price:<\/strong><\/td><td>Price on request<\/td><\/tr><\/tbody><\/table><\/figure>\n<\/div>\n\n\n\n<div class=\"wp-block-column is-layout-flow wp-block-column-is-layout-flow\" style=\"flex-basis:20%\"><\/div>\n<\/div>\n\n\n\n<h2 class=\"wp-block-heading\">High-quality art print on stretcher frame<\/h2>\n\n\n\n<div class=\"wp-block-columns is-layout-flex wp-container-core-columns-is-layout-9d6595d7 wp-block-columns-is-layout-flex\">\n<div class=\"wp-block-column is-layout-flow wp-block-column-is-layout-flow\" style=\"flex-basis:20%\"><\/div>\n\n\n\n<div class=\"wp-block-column is-layout-flow wp-block-column-is-layout-flow\" style=\"flex-basis:60%\">\n<figure class=\"wp-block-table meinetabellen\"><table><tbody><tr><td><strong>Title:<\/strong><\/td><td>The Card House<\/td><\/tr><tr><td><strong>Material<\/strong>:<\/td><td>Photo canvas<\/td><\/tr><tr><td><strong>Size:<\/strong><\/td><td>ca. 47 cm x 40 cm<\/td><\/tr><tr><td><strong>Price:<\/strong><\/td><td>\u20ac 300,00,-<\/td><\/tr><\/tbody><\/table><\/figure>\n<\/div>\n\n\n\n<div class=\"wp-block-column is-layout-flow wp-block-column-is-layout-flow\" style=\"flex-basis:20%\"><\/div>\n<\/div>\n\n\n\n<p><strong>The art print is also available in smaller sizes!<\/strong><\/p>\n\n\n\n<p>More details about the Card House are also available in my blog article<a href=\"https:\/\/karinas-art.at\/en\/das-kartenhaus-faellt-zusammen\/\" data-type=\"URL\" data-id=\"https:\/\/karinas-art.at\/das-kartenhaus-faellt-zusammen\/\">The Card House collapses<\/a>&#8222;!<\/p>\n\n\n\n<p>Are you interested or do you have any questions?<\/p>\n\n\n\n<div class=\"wp-block-buttons is-layout-flex wp-block-buttons-is-layout-flex\">\n<div class=\"wp-block-button\"><a class=\"wp-block-button__link wp-element-button\" href=\"https:\/\/karinas-art.at\/en\/kontakt\/\">Contact<\/a><\/div>\n<\/div>","protected":false},"excerpt":{"rendered":"<p>Das Kunstwerk &#8222;Das Kartenhaus&#8220;, fasst auf sozialkritische Weise das gesamte Jahr 2021 zusammen. Titel: Das Kartenhaus Material: Leinwand, Acryl Gr\u00f6\u00dfe: 150 cm x 130 cm Preis: Preis auf Anfrage Hochwertiger Kunstdruck auf Tr\u00e4gerrahmen Titel: Das Kartenhaus Material: Fotoleinwand Gr\u00f6\u00dfe: ca. 47 cm x 40 cm Preis: \u20ac 300,00,- Mehr Details zum Kartenhaus gibt es auch in meinem Blog &#8211; Artikel &#8222;Das Kartenhaus f\u00e4llt zusammen&#8222;! Bist du interessiert oder hast du Fragen?<\/p>","protected":false},"author":2,"featured_media":772,"parent":186,"menu_order":1,"comment_status":"closed","ping_status":"closed","template":"","meta":{"footnotes":""},"class_list":["post-771","page","type-page","status-publish","has-post-thumbnail","hentry"],"blocksy_meta":{"styles_descriptor":{"styles":{"desktop":"","tablet":"","mobile":""},"google_fonts":[],"version":5}},"_links":{"self":[{"href":"https:\/\/karinas-art.at\/en\/wp-json\/wp\/v2\/pages\/771","targetHints":{"allow":["GET"]}}],"collection":[{"href":"https:\/\/karinas-art.at\/en\/wp-json\/wp\/v2\/pages"}],"about":[{"href":"https:\/\/karinas-art.at\/en\/wp-json\/wp\/v2\/types\/page"}],"author":[{"embeddable":true,"href":"https:\/\/karinas-art.at\/en\/wp-json\/wp\/v2\/users\/2"}],"replies":[{"embeddable":true,"href":"https:\/\/karinas-art.at\/en\/wp-json\/wp\/v2\/comments?post=771"}],"version-history":[{"count":13,"href":"https:\/\/karinas-art.at\/en\/wp-json\/wp\/v2\/pages\/771\/revisions"}],"predecessor-version":[{"id":2463,"href":"https:\/\/karinas-art.at\/en\/wp-json\/wp\/v2\/pages\/771\/revisions\/2463"}],"up":[{"embeddable":true,"href":"https:\/\/karinas-art.at\/en\/wp-json\/wp\/v2\/pages\/186"}],"wp:featuredmedia":[{"embeddable":true,"href":"https:\/\/karinas-art.at\/en\/wp-json\/wp\/v2\/media\/772"}],"wp:attachment":[{"href":"https:\/\/karinas-art.at\/en\/wp-json\/wp\/v2\/media?parent=771"}],"curies":[{"name":"wp","href":"https:\/\/api.w.org\/{rel}","templated":true}]}}