{"id":783,"date":"2022-08-22T15:43:44","date_gmt":"2022-08-22T13:43:44","guid":{"rendered":"https:\/\/karinas-art.at\/?page_id=783"},"modified":"2024-07-02T20:10:26","modified_gmt":"2024-07-02T18:10:26","slug":"der-raumfahrer","status":"publish","type":"page","link":"https:\/\/karinas-art.at\/en\/portfolio\/der-raumfahrer\/","title":{"rendered":"Artwork The Spaceman"},"content":{"rendered":"<p>The artwork \"The Astronaut\" depicts the Tree of Life, symbolizing a connection between the here and the hereafter.<\/p>\n\n\n<div class=\"wp-block-image\">\n<figure class=\"aligncenter size-large is-resized\"><a href=\"https:\/\/karinas-art.at\/wp-content\/uploads\/2024\/02\/der-raumfahrer.webp\"><img loading=\"lazy\" decoding=\"async\" src=\"https:\/\/karinas-art.at\/wp-content\/uploads\/2024\/02\/der-raumfahrer-812x1024.webp\" alt=\"\" class=\"wp-image-1780\" width=\"609\" height=\"768\" srcset=\"https:\/\/karinas-art.at\/wp-content\/uploads\/2024\/02\/der-raumfahrer-812x1024.webp 812w, https:\/\/karinas-art.at\/wp-content\/uploads\/2024\/02\/der-raumfahrer-238x300.webp 238w, https:\/\/karinas-art.at\/wp-content\/uploads\/2024\/02\/der-raumfahrer-768x968.webp 768w, https:\/\/karinas-art.at\/wp-content\/uploads\/2024\/02\/der-raumfahrer-1218x1536.webp 1218w, https:\/\/karinas-art.at\/wp-content\/uploads\/2024\/02\/der-raumfahrer-10x12.webp 10w, https:\/\/karinas-art.at\/wp-content\/uploads\/2024\/02\/der-raumfahrer.webp 1280w\" sizes=\"auto, (max-width: 609px) 100vw, 609px\" \/><\/a><\/figure><\/div>\n\n\n<h2 class=\"wp-block-heading\">Original on wooden stretcher frame including signature and certificate<\/h2>\n\n\n\n<div class=\"wp-block-columns is-layout-flex wp-container-core-columns-is-layout-9d6595d7 wp-block-columns-is-layout-flex\">\n<div class=\"wp-block-column is-vertically-aligned-top is-layout-flow wp-block-column-is-layout-flow\" style=\"flex-basis:20%\"><\/div>\n\n\n\n<div class=\"wp-block-column is-layout-flow wp-block-column-is-layout-flow\" style=\"flex-basis:60%\">\n<figure class=\"wp-block-table meinetabellen\"><table><tbody><tr><td class=\"has-text-align-left\" data-align=\"left\"><strong>Title:<\/strong><\/td><td>The Spaceman<\/td><\/tr><tr><td class=\"has-text-align-left\" data-align=\"left\"><strong>Material<\/strong>:<\/td><td>Canvas, Acrylic<\/td><\/tr><tr><td class=\"has-text-align-left\" data-align=\"left\"><strong>Size:<\/strong><\/td><td>50 cm x 40 cm<\/td><\/tr><tr><td class=\"has-text-align-left\" data-align=\"left\"><strong>Price:<\/strong><\/td><td>\u20ac 250,00,-<\/td><\/tr><\/tbody><\/table><\/figure>\n<\/div>\n\n\n\n<div class=\"wp-block-column is-layout-flow wp-block-column-is-layout-flow\" style=\"flex-basis:20%\"><\/div>\n<\/div>\n\n\n\n<h2 class=\"wp-block-heading\">High-quality art print on stretcher frame<\/h2>\n\n\n\n<div class=\"wp-block-columns is-layout-flex wp-container-core-columns-is-layout-9d6595d7 wp-block-columns-is-layout-flex\">\n<div class=\"wp-block-column is-layout-flow wp-block-column-is-layout-flow\" style=\"flex-basis:20%\"><\/div>\n\n\n\n<div class=\"wp-block-column is-layout-flow wp-block-column-is-layout-flow\" style=\"flex-basis:60%\">\n<figure class=\"wp-block-table meinetabellen\"><table><tbody><tr><td><strong>Title:<\/strong><\/td><td>The Spaceman<\/td><\/tr><tr><td><strong>Material<\/strong>:<\/td><td>Photo canvas<\/td><\/tr><tr><td><strong>Size:<\/strong><\/td><td>ca. 30 cm x 38 cm<\/td><\/tr><tr><td><strong>Price:<\/strong><\/td><td>\u20ac 135,00,-<\/td><\/tr><\/tbody><\/table><\/figure>\n<\/div>\n\n\n\n<div class=\"wp-block-column is-layout-flow wp-block-column-is-layout-flow\" style=\"flex-basis:20%\"><\/div>\n<\/div>\n\n\n\n<div class=\"wp-block-group hastdufragen has-background\" style=\"background-color:#ffe7e8\"><div class=\"wp-block-group__inner-container is-layout-constrained wp-block-group-is-layout-constrained\">\n<h2 class=\"wp-block-heading has-text-align-left\">Do you have any questions or are you interested in purchasing one of my artworks? <br><br>Get in touch with me!<\/h2>\n\n\n\n<div class=\"wp-block-buttons is-content-justification-left is-layout-flex wp-container-core-buttons-is-layout-fdcfc74e wp-block-buttons-is-layout-flex\">\n<div class=\"wp-block-button\"><a class=\"wp-block-button__link wp-element-button\" href=\"https:\/\/karinas-art.at\/en\/kontakt\/\">Contact<\/a><\/div>\n<\/div>\n\n\n\n<p><\/p>\n\n\n\n<h2 class=\"wp-block-heading\"><strong>Discover my artworks on Singulart!<\/strong><\/h2>\n\n\n\n<div class=\"wp-block-buttons is-layout-flex wp-block-buttons-is-layout-flex\">\n<div class=\"wp-block-button\"><a class=\"wp-block-button__link wp-element-button\" href=\"https:\/\/www.singulart.com\/de\/k%C3%BCnstler\/karina-schiefer-61055\" target=\"_blank\" rel=\"noreferrer noopener\">Discover artworks<\/a><\/div>\n<\/div>\n<\/div><\/div>","protected":false},"excerpt":{"rendered":"<p>Das Kunstwerk &#8222;Der Raumfahrer&#8220; zeigt den Baum des Lebens, der eine Verbindung zwischen Dies- und Jenseits darstellt. Titel: Der Raumfahrer Material: Leinwand, Acryl Gr\u00f6\u00dfe: 50 cm x 40 cm Preis: \u20ac 250,00,- Hochwertiger Kunstdruck auf Tr\u00e4gerrahmen Titel: Der Raumfahrer Material: Fotoleinwand Gr\u00f6\u00dfe: ca. 30 cm x 38 cm Preis: \u20ac 135,00,-<\/p>","protected":false},"author":2,"featured_media":0,"parent":186,"menu_order":1,"comment_status":"closed","ping_status":"closed","template":"","meta":{"footnotes":""},"class_list":["post-783","page","type-page","status-publish","hentry"],"blocksy_meta":{"styles_descriptor":{"styles":{"desktop":"","tablet":"","mobile":""},"google_fonts":[],"version":5}},"_links":{"self":[{"href":"https:\/\/karinas-art.at\/en\/wp-json\/wp\/v2\/pages\/783","targetHints":{"allow":["GET"]}}],"collection":[{"href":"https:\/\/karinas-art.at\/en\/wp-json\/wp\/v2\/pages"}],"about":[{"href":"https:\/\/karinas-art.at\/en\/wp-json\/wp\/v2\/types\/page"}],"author":[{"embeddable":true,"href":"https:\/\/karinas-art.at\/en\/wp-json\/wp\/v2\/users\/2"}],"replies":[{"embeddable":true,"href":"https:\/\/karinas-art.at\/en\/wp-json\/wp\/v2\/comments?post=783"}],"version-history":[{"count":23,"href":"https:\/\/karinas-art.at\/en\/wp-json\/wp\/v2\/pages\/783\/revisions"}],"predecessor-version":[{"id":2406,"href":"https:\/\/karinas-art.at\/en\/wp-json\/wp\/v2\/pages\/783\/revisions\/2406"}],"up":[{"embeddable":true,"href":"https:\/\/karinas-art.at\/en\/wp-json\/wp\/v2\/pages\/186"}],"wp:attachment":[{"href":"https:\/\/karinas-art.at\/en\/wp-json\/wp\/v2\/media?parent=783"}],"curies":[{"name":"wp","href":"https:\/\/api.w.org\/{rel}","templated":true}]}}